{"id":209,"date":"2011-12-10T21:12:56","date_gmt":"2011-12-10T21:12:56","guid":{"rendered":"http:\/\/bialy-owczarek.pl\/?page_id=209"},"modified":"2019-01-08T21:15:32","modified_gmt":"2019-01-08T21:15:32","slug":"fbbsi","status":"publish","type":"page","link":"https:\/\/bialy-owczarek.pl\/?page_id=209","title":{"rendered":"FBBSI"},"content":{"rendered":"<p><img loading=\"lazy\" decoding=\"async\" class=\"aligncenter size-full wp-image-2729\" src=\"http:\/\/bialy-owczarek.pl\/wp-content\/uploads\/2019\/01\/fbbsi-logo-220x150.jpg\" alt=\"\" width=\"220\" height=\"150\" \/><\/p>\n<p>Jeste\u015bmy cz\u0142onkiem FBBSI (Federation Berger Blanc Suisse Internationale) i pierwsz\u0105 hodowl\u0105 z Polski oraz pierwsz\u0105 wsp\u00f3lnot\u0105 hodowlan\u0105 w\u00a0 tym zwi\u0105zku.<\/p>\n<p>Jako cz\u0142onek FBBSI zdecydowa\u0142am za\u0142o\u017cy\u0107 Wsp\u00f3lnot\u0119 Hodowlan\u0105 FBBSI, a moim partnerem mia\u0142a by\u0107 hodowla \u201eVom Wei\u00dfen Birkenstolz\u201d Pani Sabine Hoth-Letzien. Z\u0142o\u017cy\u0142y\u015bmy wszystkie dokumenty i musia\u0142y\u015bmy czeka\u0107 na decyzj\u0119 komisji sk\u0142adaj\u0105cej si\u0119 z o\u015bmiu os\u00f3b z r\u00f3\u017cnych kraj\u00f3w. Zag\u0142osowano za przyj\u0119ciem naszej Wsp\u00f3lnoty Hodowlanej. Zosta\u0142a ona zarejestrowana pod nazw\u0105 ZG POMORZE i jest pierwsz\u0105 Polsk\u0105 wsp\u00f3lnot\u0105 hodowlan\u0105 Bia\u0142ego Owczarka Szwajcarskiego. Do ZG POMORZE mog\u0105 do\u0142\u0105czy\u0107 inni hodowcy nie tylko z Polski spe\u0142niaj\u0105ce warunki FBBSI.<\/p>\n<p>FBBSI to mi\u0119dzynarodowy zwi\u0105zek Bia\u0142ego Owczarka Szwajcarskiego skupiaj\u0105cy wszystkie kluby rasy i wsp\u00f3lnoty hodowlane uznane przez FCI.<\/p>\n<p>Cz\u0142onkowstwo w tej elitarnej federacji jest uzale\u017cnione od spe\u0142nienia przez hodowc\u0119 lub klubu rasy rygorystycznych warunk\u00f3w, oznacza to \u017ce nie wszyscy hodowcy oraz kluby rasy mog\u0105 zosta\u0107 cz\u0142onkiem FBBSI.<\/p>\n<p>Celem jest mi\u0119dzynarodowa promocja Bia\u0142ego Owczarka Szwajcarskiego przez z\u0142\u0105czenie wszystkich zwi\u0105zk\u00f3w na ca\u0142ym \u015bwiecie, kt\u00f3re dok\u0142adaj\u0105 wszelkich stara\u0144 aby utrzyma\u0107 odpowiednie zdrowie rasy oraz cechy charakteru odpowiadaj\u0105ce wzorcowi, uwzgl\u0119dniaj\u0105c wyniki naukowe i wykluczaj\u0105c komercyjn\u0105 hodowle masow\u0105.<\/p>\n<p>FBBSI ma dot\u0105d jako jedyny mi\u0119dzynarodowy zwi\u0105zek Bia\u0142ego Owczarka Szwajcarskiego mo\u017cliwo\u015b\u0107, spe\u0142ni\u0107 wszystkie warunki do umowy korporacyjnej z FCI poniewa\u017c:<\/p>\n<p>FBBSI zosta\u0142 za\u0142o\u017cony w 2007r. za wyra\u017anym zezwoleniem dla tej rasy wy\u0142\u0105cznie odpowiedzialnego Szwajcarskiego Zwi\u0105zku Kynologicznego (Schweizerische Kynologosche Gesellschaft) FCI i cieszy si\u0119 jego pe\u0142nym wsparciem.<\/p>\n<p>W za\u0142o\u017ceniu FBBSI szczeg\u00f3lnie po\u015bwi\u0119ci\u0142y si\u0119 nast\u0119puj\u0105ce kluby rasy uznane przez FCI:<\/p>\n<ul>\n<li>GWS (Gesellschaft Wei\u00dfer Sch\u00e4ferhund Schweiz \u2013 Szwajcarski Zwi\u0105zek Bia\u0142ego Owczarka)<\/li>\n<li>SKG (Schweizerische Kynologosche Gesellschaft &#8211; Szwajcarski Zwi\u0105zek Kynologiczy, FCI Szwajcaria)<\/li>\n<li>BVWS (Bundesverein f\u00fcr Wei\u00dfe Sch\u00e4ferhunde e.V. \u2013 Federalny Zwi\u0105zek Bia\u0142ego Owczarka<\/li>\n<li>VDH (Verband f\u00fcr das Deutsche Hundewesen \u2013 Niemiecki Zwi\u0105zek Kynologiczny, FCI Niemcy)<\/li>\n<li>SFJK (Sv\u00e1jci Feh\u00e9r Juh\u00e1szkutya Klub \u2013 W\u0119gerski Klub Rasy Bia\u0142y Owczarek Szwajcarski<\/li>\n<li>MEOE (Magyar Ebteny\u00e9szt\u0151k Orsz\u00e1gos Egyes\u00fclete \u2013 W\u0119gerski Zwi\u0105zek Kynologiczny, FCI W\u0119gry)<\/li>\n<\/ul>\n<p><img loading=\"lazy\" decoding=\"async\" class=\"aligncenter size-full wp-image-2789\" src=\"http:\/\/bialy-owczarek.pl\/wp-content\/uploads\/2019\/01\/ZZK_1601.jpg\" alt=\"\" width=\"3769\" height=\"2512\" srcset=\"https:\/\/bialy-owczarek.pl\/wp-content\/uploads\/2019\/01\/ZZK_1601.jpg 3769w, https:\/\/bialy-owczarek.pl\/wp-content\/uploads\/2019\/01\/ZZK_1601-300x200.jpg 300w, https:\/\/bialy-owczarek.pl\/wp-content\/uploads\/2019\/01\/ZZK_1601-768x512.jpg 768w, https:\/\/bialy-owczarek.pl\/wp-content\/uploads\/2019\/01\/ZZK_1601-1024x682.jpg 1024w, https:\/\/bialy-owczarek.pl\/wp-content\/uploads\/2019\/01\/ZZK_1601-450x300.jpg 450w\" sizes=\"(max-width: 3769px) 100vw, 3769px\" \/><\/p>\n<p><img loading=\"lazy\" decoding=\"async\" class=\"alignnone\" src=\"http:\/\/www.messeschweiz.ch\/users\/fbbsi\/ilona.jpg\" alt=\"\" width=\"391\" height=\"296\" \/><\/p>\n","protected":false},"excerpt":{"rendered":"<p>Jeste\u015bmy cz\u0142onkiem FBBSI (Federation Berger Blanc Suisse Internationale) i pierwsz\u0105 hodowl\u0105 z Polski oraz pierwsz\u0105 wsp\u00f3lnot\u0105 hodowlan\u0105 w\u00a0 tym zwi\u0105zku. Jako cz\u0142onek FBBSI zdecydowa\u0142am za\u0142o\u017cy\u0107 Wsp\u00f3lnot\u0119 Hodowlan\u0105 FBBSI, a moim partnerem mia\u0142a by\u0107 hodowla \u201eVom Wei\u00dfen Birkenstolz\u201d Pani Sabine Hoth-Letzien. &hellip; <a href=\"https:\/\/bialy-owczarek.pl\/?page_id=209\">Continue reading <span class=\"meta-nav\">&rarr;<\/span><\/a><\/p>\n","protected":false},"author":1,"featured_media":0,"parent":0,"menu_order":0,"comment_status":"closed","ping_status":"open","template":"sidebar-page.php","meta":{"_monsterinsights_skip_tracking":false,"_monsterinsights_sitenote_active":false,"_monsterinsights_sitenote_note":"","_monsterinsights_sitenote_category":0,"footnotes":""},"_links":{"self":[{"href":"https:\/\/bialy-owczarek.pl\/index.php?rest_route=\/wp\/v2\/pages\/209"}],"collection":[{"href":"https:\/\/bialy-owczarek.pl\/index.php?rest_route=\/wp\/v2\/pages"}],"about":[{"href":"https:\/\/bialy-owczarek.pl\/index.php?rest_route=\/wp\/v2\/types\/page"}],"author":[{"embeddable":true,"href":"https:\/\/bialy-owczarek.pl\/index.php?rest_route=\/wp\/v2\/users\/1"}],"replies":[{"embeddable":true,"href":"https:\/\/bialy-owczarek.pl\/index.php?rest_route=%2Fwp%2Fv2%2Fcomments&post=209"}],"version-history":[{"count":14,"href":"https:\/\/bialy-owczarek.pl\/index.php?rest_route=\/wp\/v2\/pages\/209\/revisions"}],"predecessor-version":[{"id":2790,"href":"https:\/\/bialy-owczarek.pl\/index.php?rest_route=\/wp\/v2\/pages\/209\/revisions\/2790"}],"wp:attachment":[{"href":"https:\/\/bialy-owczarek.pl\/index.php?rest_route=%2Fwp%2Fv2%2Fmedia&parent=209"}],"curies":[{"name":"wp","href":"https:\/\/api.w.org\/{rel}","templated":true}]}}