{"id":1725,"date":"2013-09-30T21:21:06","date_gmt":"2013-09-30T21:21:06","guid":{"rendered":"http:\/\/bialy-owczarek.pl\/?page_id=1725"},"modified":"2015-10-15T19:16:26","modified_gmt":"2015-10-15T19:16:26","slug":"nosotros","status":"publish","type":"page","link":"https:\/\/bialy-owczarek.pl\/?page_id=1725&amp;lang=es","title":{"rendered":"Nosotros"},"content":{"rendered":"<p><span style=\"color: #000000;\"><a href=\"http:\/\/bialy-owczarek.pl\/?attachment_id=963\" rel=\"attachment wp-att-963\"><img loading=\"lazy\" decoding=\"async\" class=\"alignleft size-medium wp-image-963\" title=\"P6232185\" alt=\"\" src=\"http:\/\/bialy-owczarek.pl\/wp-content\/uploads\/2012\/09\/P6232185-300x225.jpg\" width=\"300\" height=\"225\" srcset=\"https:\/\/bialy-owczarek.pl\/wp-content\/uploads\/2012\/09\/P6232185-300x225.jpg 300w, https:\/\/bialy-owczarek.pl\/wp-content\/uploads\/2012\/09\/P6232185-1024x768.jpg 1024w, https:\/\/bialy-owczarek.pl\/wp-content\/uploads\/2012\/09\/P6232185-400x300.jpg 400w\" sizes=\"(max-width: 300px) 100vw, 300px\" \/><\/a><\/span><span style=\"color: #000000;\">Noticias Nos decidimos a criar perros pastores suizos blanco, cuando nos dimos cuenta de la cantidad de alegr\u00eda que estos perros traen a nuestras vidas. Tenemos suficiente espacio en nuestra finca y las condiciones ideales para la cr\u00eda de perros. Cr\u00eda, por supuesto, no s\u00f3lo significa ser due\u00f1o de una perra de cr\u00eda, sino tambi\u00e9n poseer los conocimientos adecuados acerca de esta raza y el Kennel Club de Polonia y los requisitos de la FCI. Nos dedicamos intensamente con la literatura y la informaci\u00f3n sobre la cr\u00eda de perros y se contact\u00f3 con los criadores de perros en Polonia y en el extranjero.<\/span><\/p>\n<p><span style=\"color: #000000;\"><a href=\"http:\/\/bialy-owczarek.pl\/wp-content\/uploads\/2012\/09\/ZZK_5899.jpg\"><img loading=\"lazy\" decoding=\"async\" class=\"aligncenter size-full wp-image-2166\" alt=\"ZZK_5899\" src=\"http:\/\/bialy-owczarek.pl\/wp-content\/uploads\/2012\/09\/ZZK_5899.jpg\" width=\"3754\" height=\"2503\" srcset=\"https:\/\/bialy-owczarek.pl\/wp-content\/uploads\/2012\/09\/ZZK_5899.jpg 3754w, https:\/\/bialy-owczarek.pl\/wp-content\/uploads\/2012\/09\/ZZK_5899-300x200.jpg 300w, https:\/\/bialy-owczarek.pl\/wp-content\/uploads\/2012\/09\/ZZK_5899-1024x682.jpg 1024w, https:\/\/bialy-owczarek.pl\/wp-content\/uploads\/2012\/09\/ZZK_5899-449x300.jpg 449w\" sizes=\"(max-width: 3754px) 100vw, 3754px\" \/><\/a>\u00a0<\/span><span style=\"color: #000000;\"><b>El amor a estos animales es un requisito b\u00e1sico para todo lo que sigue. Cr\u00eda significa invertir una gran cantidad de trabajo, tiempo y, por supuesto, la responsabilidad. La confianza y la ayuda de los criadores amables, con contacto honesto y abierto, para preservar esta raza como nos encanta. Nos aseguramos de que nuestros perros tengan contacto con otras personas y con otros animales tanto como sea posible, los llevamos a la ciudad, festivales y concursos ecuestres. Nuestros perros no est\u00e1n encerradas en jaulas. Pueden explorar la vasta zona de nuestra finca durante todo el d\u00eda. Hemos creado un ambiente especial en nuestra casa de la madre y sus cachorros en una caja de luz agradable y un espacio de juego para los m\u00e1s peque\u00f1os, en los que se presta mucha atenci\u00f3n a la higiene y las condiciones \u00f3ptimas para el desarrollo de los cachorros. Nosotros procuramos<\/b><\/span><\/p>\n<p><span style=\"color: #000000;\"><a href=\"http:\/\/bialy-owczarek.pl\/?attachment_id=535\" rel=\"attachment wp-att-535\"><img loading=\"lazy\" decoding=\"async\" class=\"aligncenter size-full wp-image-535\" title=\"DSC_5744\" alt=\"\" src=\"http:\/\/bialy-owczarek.pl\/wp-content\/uploads\/2011\/12\/DSC_5744.jpg\" width=\"800\" height=\"531\" srcset=\"https:\/\/bialy-owczarek.pl\/wp-content\/uploads\/2011\/12\/DSC_5744.jpg 800w, https:\/\/bialy-owczarek.pl\/wp-content\/uploads\/2011\/12\/DSC_5744-300x199.jpg 300w, https:\/\/bialy-owczarek.pl\/wp-content\/uploads\/2011\/12\/DSC_5744-451x300.jpg 451w\" sizes=\"(max-width: 800px) 100vw, 800px\" \/><\/a><\/span><a href=\"http:\/\/bialy-owczarek.pl\/wp-content\/uploads\/2012\/09\/ZZK_5727.jpg\"><img loading=\"lazy\" decoding=\"async\" class=\"aligncenter size-full wp-image-2167\" alt=\"ZZK_5727\" src=\"http:\/\/bialy-owczarek.pl\/wp-content\/uploads\/2012\/09\/ZZK_5727.jpg\" width=\"4031\" height=\"2687\" srcset=\"https:\/\/bialy-owczarek.pl\/wp-content\/uploads\/2012\/09\/ZZK_5727.jpg 4031w, https:\/\/bialy-owczarek.pl\/wp-content\/uploads\/2012\/09\/ZZK_5727-300x199.jpg 300w, https:\/\/bialy-owczarek.pl\/wp-content\/uploads\/2012\/09\/ZZK_5727-1024x682.jpg 1024w, https:\/\/bialy-owczarek.pl\/wp-content\/uploads\/2012\/09\/ZZK_5727-450x300.jpg 450w\" sizes=\"(max-width: 4031px) 100vw, 4031px\" \/><\/a><\/p>\n","protected":false},"excerpt":{"rendered":"<p>Noticias Nos decidimos a criar perros pastores suizos blanco, cuando nos dimos cuenta de la cantidad de alegr\u00eda que estos perros traen a nuestras vidas. Tenemos suficiente espacio en nuestra finca y las condiciones ideales para la cr\u00eda de perros. &hellip; <a href=\"https:\/\/bialy-owczarek.pl\/?page_id=1725&#038;lang=es\">Continue reading <span class=\"meta-nav\">&rarr;<\/span><\/a><\/p>\n","protected":false},"author":2,"featured_media":0,"parent":0,"menu_order":0,"comment_status":"closed","ping_status":"open","template":"sidebar-page.php","meta":{"_monsterinsights_skip_tracking":false,"_monsterinsights_sitenote_active":false,"_monsterinsights_sitenote_note":"","_monsterinsights_sitenote_category":0,"footnotes":""},"_links":{"self":[{"href":"https:\/\/bialy-owczarek.pl\/index.php?rest_route=\/wp\/v2\/pages\/1725"}],"collection":[{"href":"https:\/\/bialy-owczarek.pl\/index.php?rest_route=\/wp\/v2\/pages"}],"about":[{"href":"https:\/\/bialy-owczarek.pl\/index.php?rest_route=\/wp\/v2\/types\/page"}],"author":[{"embeddable":true,"href":"https:\/\/bialy-owczarek.pl\/index.php?rest_route=\/wp\/v2\/users\/2"}],"replies":[{"embeddable":true,"href":"https:\/\/bialy-owczarek.pl\/index.php?rest_route=%2Fwp%2Fv2%2Fcomments&post=1725"}],"version-history":[{"count":2,"href":"https:\/\/bialy-owczarek.pl\/index.php?rest_route=\/wp\/v2\/pages\/1725\/revisions"}],"predecessor-version":[{"id":2173,"href":"https:\/\/bialy-owczarek.pl\/index.php?rest_route=\/wp\/v2\/pages\/1725\/revisions\/2173"}],"wp:attachment":[{"href":"https:\/\/bialy-owczarek.pl\/index.php?rest_route=%2Fwp%2Fv2%2Fmedia&parent=1725"}],"curies":[{"name":"wp","href":"https:\/\/api.w.org\/{rel}","templated":true}]}}