{"id":1693,"date":"2013-09-30T19:51:22","date_gmt":"2013-09-30T19:51:22","guid":{"rendered":"http:\/\/bialy-owczarek.pl\/?page_id=1693"},"modified":"2013-09-30T19:51:22","modified_gmt":"2013-09-30T19:51:22","slug":"caracter-de-la-raza","status":"publish","type":"page","link":"https:\/\/bialy-owczarek.pl\/?page_id=1693&amp;lang=es","title":{"rendered":"Car\u00e1cter de la raza"},"content":{"rendered":"<p><span style=\"color: #000000;\">&#8220;Un perro suave durante una mano suave&#8221; &#8211; as\u00ed es como describe mejor un criador PBS el car\u00e1cter de esta raza de perro.<\/span><\/p>\n<p><span style=\"color: #000000;\">Debido a que la PBS es una raza joven, es dif\u00edcil de describir su car\u00e1cter en unas pocas frases. Puedes conocer a personas de esta raza que son t\u00edmidos y los perros que son seguros y el anhelo de contacto con la gente.<\/span><\/p>\n<p><span style=\"color: #000000;\"><a href=\"http:\/\/bialy-owczarek.pl\/?attachment_id=1038\" rel=\"attachment wp-att-1038\"><span style=\"color: #000000;\"><img loading=\"lazy\" decoding=\"async\" class=\"alignleft size-medium wp-image-1038\" title=\"996723_544674602241055_1283396304_n\" alt=\"\" src=\"http:\/\/bialy-owczarek.pl\/wp-content\/uploads\/2011\/09\/996723_544674602241055_1283396304_n-300x225.jpg\" width=\"300\" height=\"225\" srcset=\"https:\/\/bialy-owczarek.pl\/wp-content\/uploads\/2011\/09\/996723_544674602241055_1283396304_n-300x225.jpg 300w, https:\/\/bialy-owczarek.pl\/wp-content\/uploads\/2011\/09\/996723_544674602241055_1283396304_n-400x300.jpg 400w, https:\/\/bialy-owczarek.pl\/wp-content\/uploads\/2011\/09\/996723_544674602241055_1283396304_n.jpg 640w\" sizes=\"(max-width: 300px) 100vw, 300px\" \/><\/span><\/a>Seg\u00fan la norma, el PBS se describe como un perro de familia sensible y muy amigable hacia los ni\u00f1os. Es un guardi\u00e1n atento y con ganas de aprender como un perro de trabajo. Muy pocas razas se describen en la norma como &#8220;amable con los ni\u00f1os&#8221;, ya que esto puede despertar expectativas inapropiadas por parte de sus propietarios. La PBS es en ese sentido verdaderamente excepcional.<\/span><\/p>\n<p><span style=\"color: #000000;\">Aunque el PBS a menudo es s\u00f3lo un perro de compa\u00f1\u00eda, no podemos olvidar que se trata de un pastor. Su crianza libre de problemas s\u00f3lo es posible bajo la condici\u00f3n de una formaci\u00f3n adecuada y la atenci\u00f3n adecuada.<\/span><\/p>\n<p><span style=\"color: #000000;\"><a href=\"http:\/\/uzrodla.pl\/wp-content\/uploads\/2010\/11\/PB082478.jpg\"><span style=\"color: #000000;\"><img loading=\"lazy\" decoding=\"async\" class=\"alignright size-thumbnail wp-image-169\" title=\"OLYMPUS DIGITAL CAMERA\" alt=\"\" src=\"http:\/\/uzrodla.pl\/wp-content\/uploads\/2010\/11\/PB082478-150x150.jpg\" width=\"208\" height=\"208\" \/><\/span><\/a>Un perro de esta raza siempre trata de estar cerca de su due\u00f1o y es muy sociable, por lo que no se puede mantener en una jaula o como un perro guardi\u00e1n solitario. Debido a su vigilancia excepcional, que es grande como un perro guardi\u00e1n en la casa con su familia. Avisar\u00e1 a su due\u00f1o en principio y en voz alta si algo est\u00e1 sucediendo.<\/span><\/p>\n<p><span style=\"color: #000000;\">Guarder cierta distancia con los extra\u00f1os puede darse en un PBS, y se describe en el est\u00e1ndar de la raza. Pero esto no debe confundirse con timidez.<\/span><\/p>\n<p><span style=\"color: #000000;\">Un PBS deben tener temperamento, pero nunca ser\u00e1 un perro nervioso. Como un verdadero pastor, necesita trabajo y el entretenimiento.<\/span><\/p>\n<p><span style=\"color: #000000;\">Los perros de esta raza est\u00e1n ansiosos por aprender, por lo que no es de extra\u00f1ar que se pueden encontrar en diferentes deportes del perro y como perros de trabajo.<\/span><\/p>\n<p style=\"text-align: justify;\"><a href=\"http:\/\/bialy-owczarek.pl\/?attachment_id=1039\" rel=\"attachment wp-att-1039\"><img loading=\"lazy\" decoding=\"async\" class=\"aligncenter size-medium wp-image-1039\" title=\"1003440_544669252241590_840578531_n\" alt=\"\" src=\"http:\/\/bialy-owczarek.pl\/wp-content\/uploads\/2011\/09\/1003440_544669252241590_840578531_n-300x225.jpg\" width=\"300\" height=\"225\" srcset=\"https:\/\/bialy-owczarek.pl\/wp-content\/uploads\/2011\/09\/1003440_544669252241590_840578531_n-300x225.jpg 300w, https:\/\/bialy-owczarek.pl\/wp-content\/uploads\/2011\/09\/1003440_544669252241590_840578531_n-400x300.jpg 400w, https:\/\/bialy-owczarek.pl\/wp-content\/uploads\/2011\/09\/1003440_544669252241590_840578531_n.jpg 640w\" sizes=\"(max-width: 300px) 100vw, 300px\" \/><\/a><\/p>\n","protected":false},"excerpt":{"rendered":"<p>&#8220;Un perro suave durante una mano suave&#8221; &#8211; as\u00ed es como describe mejor un criador PBS el car\u00e1cter de esta raza de perro. Debido a que la PBS es una raza joven, es dif\u00edcil de describir su car\u00e1cter en unas &hellip; <a href=\"https:\/\/bialy-owczarek.pl\/?page_id=1693&#038;lang=es\">Continue reading <span class=\"meta-nav\">&rarr;<\/span><\/a><\/p>\n","protected":false},"author":2,"featured_media":0,"parent":0,"menu_order":0,"comment_status":"closed","ping_status":"open","template":"sidebar-page.php","meta":{"_monsterinsights_skip_tracking":false,"_monsterinsights_sitenote_active":false,"_monsterinsights_sitenote_note":"","_monsterinsights_sitenote_category":0,"footnotes":""},"_links":{"self":[{"href":"https:\/\/bialy-owczarek.pl\/index.php?rest_route=\/wp\/v2\/pages\/1693"}],"collection":[{"href":"https:\/\/bialy-owczarek.pl\/index.php?rest_route=\/wp\/v2\/pages"}],"about":[{"href":"https:\/\/bialy-owczarek.pl\/index.php?rest_route=\/wp\/v2\/types\/page"}],"author":[{"embeddable":true,"href":"https:\/\/bialy-owczarek.pl\/index.php?rest_route=\/wp\/v2\/users\/2"}],"replies":[{"embeddable":true,"href":"https:\/\/bialy-owczarek.pl\/index.php?rest_route=%2Fwp%2Fv2%2Fcomments&post=1693"}],"version-history":[{"count":1,"href":"https:\/\/bialy-owczarek.pl\/index.php?rest_route=\/wp\/v2\/pages\/1693\/revisions"}],"predecessor-version":[{"id":1694,"href":"https:\/\/bialy-owczarek.pl\/index.php?rest_route=\/wp\/v2\/pages\/1693\/revisions\/1694"}],"wp:attachment":[{"href":"https:\/\/bialy-owczarek.pl\/index.php?rest_route=%2Fwp%2Fv2%2Fmedia&parent=1693"}],"curies":[{"name":"wp","href":"https:\/\/api.w.org\/{rel}","templated":true}]}}