{"id":15,"date":"2011-09-20T08:58:11","date_gmt":"2011-09-20T08:58:11","guid":{"rendered":"http:\/\/bialy-owczarek.pl\/?page_id=15"},"modified":"2019-01-08T21:13:26","modified_gmt":"2019-01-08T21:13:26","slug":"charakter-rasy","status":"publish","type":"page","link":"https:\/\/bialy-owczarek.pl\/?page_id=15","title":{"rendered":"Charakter rasy"},"content":{"rendered":"<p style=\"text-align: justify;\">&#8220;\u0141agodny pies dla \u0142agodnej r\u0119ki.&#8221; &#8211; tymi s\u0142owami pewna hodowczyni Bia\u0142ego Owczarka Szwajcarskiego najlepiej okre\u015bli\u0142a charakter tego psa.<\/p>\n<p style=\"text-align: justify;\">Poniewa\u017c BOS jest do\u015b\u0107 m\u0142od\u0105 ras\u0105, trudno jest okre\u015bli\u0107 jego charakter w kilku zdaniach. Mo\u017cna si\u0119 spotka\u0107 z osobnikami tej rasy, kt\u00f3re s\u0105 boja\u017aliwe jak i te\u017c\u00a0 z psami pewnymi siebie i szukaj\u0105cymi kontaktu z cz\u0142owiekiem.<\/p>\n<p><img loading=\"lazy\" decoding=\"async\" class=\"aligncenter size-full wp-image-2785\" src=\"http:\/\/bialy-owczarek.pl\/wp-content\/uploads\/2019\/01\/ZZK_1292.jpg\" alt=\"\" width=\"3731\" height=\"2487\" srcset=\"https:\/\/bialy-owczarek.pl\/wp-content\/uploads\/2019\/01\/ZZK_1292.jpg 3731w, https:\/\/bialy-owczarek.pl\/wp-content\/uploads\/2019\/01\/ZZK_1292-300x200.jpg 300w, https:\/\/bialy-owczarek.pl\/wp-content\/uploads\/2019\/01\/ZZK_1292-768x512.jpg 768w, https:\/\/bialy-owczarek.pl\/wp-content\/uploads\/2019\/01\/ZZK_1292-1024x683.jpg 1024w, https:\/\/bialy-owczarek.pl\/wp-content\/uploads\/2019\/01\/ZZK_1292-450x300.jpg 450w\" sizes=\"(max-width: 3731px) 100vw, 3731px\" \/><\/p>\n<p style=\"text-align: justify;\">Wed\u0142ug wzorca, Bia\u0142y Owczarek Szwajcarski opisywany jest jako wra\u017cliwy pies towarzysz\u0105cy i rodzinny oraz wyj\u0105tkowo przyjazny dzieciom. Jest te\u017c uwa\u017cnym str\u00f3\u017cem i ch\u0119tnym do nauki psem pracuj\u0105cym. Bardzo niewiele ras w swoim wzorcu jest opisana jako &#8220;\u0142agodna dla dzieci&#8221;, poniewa\u017c mo\u017ce to u ich w\u0142a\u015bcicieli budzi\u0107 nieodpowiednie oczekiwania, rasa BOS jest pod tym wzgl\u0119dem rzeczywi\u015bcie zupe\u0142nie wyj\u0105tkowa.<\/p>\n<p style=\"text-align: justify;\">Mimo to, \u017ce\u00a0 BOS cz\u0119sto jest jedynie psem do towarzystwa, nie mo\u017cna zapomnie\u0107 o tym,\u00a0 \u017ce jest to owczarek. Jego bezproblemowe wychowanie, mo\u017cliwe jest pod warunkiem odpowiedniego u\u0142o\u017cenia i po\u015bwi\u0119cenia mu uwagi.<\/p>\n<p style=\"text-align: justify;\"><a href=\"http:\/\/uzrodla.pl\/wp-content\/uploads\/2010\/11\/PB082478.jpg\"><img loading=\"lazy\" decoding=\"async\" class=\"alignright size-thumbnail wp-image-169\" title=\"OLYMPUS DIGITAL CAMERA\" src=\"http:\/\/uzrodla.pl\/wp-content\/uploads\/2010\/11\/PB082478-150x150.jpg\" alt=\"\" width=\"208\" height=\"208\" \/><\/a><\/p>\n<p style=\"text-align: justify;\">Pies tej rasy zawsze stara si\u0119 by\u0107 jak najbli\u017cej swojego w\u0142a\u015bciciela i\u00a0jest wyj\u0105tkowo towarzyski, wi\u0119c absolutnie nie nadaje si\u0119 do trzymania w kojcu lub jako pies samotnie str\u00f3\u017cuj\u0105cy. Ze wzgl\u0119du na\u00a0swoj\u0105 wyj\u0105tkow\u0105 czujno\u015b\u0107, nadaje si\u0119 \u015bwietnie do pilnowania posesji domowej, wcze\u015bnie i wyra\u017anie alarmuj\u0105c szczekaniem swojego w\u0142a\u015bciciela.<\/p>\n<p style=\"text-align: justify;\">Pewny dystans wobec obcych os\u00f3b zdarza si\u0119 czasami u BOS i jest to opisane we wzorcu rasy. Nie mo\u017cna tego jednak myli\u0107 z boja\u017aliwo\u015bci\u0105.<\/p>\n<p style=\"text-align: justify;\">BOS powinien mie\u0107 temperament, ale nigdy nie by\u0107 psem nerwowym. Jako prawdziwy owczarek potrzebuje pracy i rozrywki.<\/p>\n<p style=\"text-align: justify;\">Psy tej rasy szybko i ch\u0119tnie si\u0119 ucz\u0105, wi\u0119c nic dziwnego, \u017ce dzi\u015b mo\u017cemy spotka\u0107 je uprawiaj\u0105ce przer\u00f3\u017cne psie sporty, jako psy przewodnicy, psy lawinowe i ratownicze, towarzysz\u0105ce osobom niepe\u0142nosprawnym ruchowo\u00a0 i w dogoterapii.<\/p>\n<p><img loading=\"lazy\" decoding=\"async\" class=\"aligncenter size-full wp-image-2786\" src=\"http:\/\/bialy-owczarek.pl\/wp-content\/uploads\/2019\/01\/ZZK_1190.jpg\" alt=\"\" width=\"3044\" height=\"2030\" srcset=\"https:\/\/bialy-owczarek.pl\/wp-content\/uploads\/2019\/01\/ZZK_1190.jpg 3044w, https:\/\/bialy-owczarek.pl\/wp-content\/uploads\/2019\/01\/ZZK_1190-300x200.jpg 300w, https:\/\/bialy-owczarek.pl\/wp-content\/uploads\/2019\/01\/ZZK_1190-768x512.jpg 768w, https:\/\/bialy-owczarek.pl\/wp-content\/uploads\/2019\/01\/ZZK_1190-1024x683.jpg 1024w, https:\/\/bialy-owczarek.pl\/wp-content\/uploads\/2019\/01\/ZZK_1190-450x300.jpg 450w\" sizes=\"(max-width: 3044px) 100vw, 3044px\" \/><\/p>\n<p><a href=\"http:\/\/bialy-owczarek.pl\/wp-content\/uploads\/2011\/09\/20160118_123710-1.jpg\"><img loading=\"lazy\" decoding=\"async\" class=\"size-full wp-image-2226 alignnone\" src=\"http:\/\/bialy-owczarek.pl\/wp-content\/uploads\/2011\/09\/20160118_123710-1.jpg\" alt=\"20160118_123710-1\" width=\"1836\" height=\"2390\" srcset=\"https:\/\/bialy-owczarek.pl\/wp-content\/uploads\/2011\/09\/20160118_123710-1.jpg 1836w, https:\/\/bialy-owczarek.pl\/wp-content\/uploads\/2011\/09\/20160118_123710-1-230x300.jpg 230w, https:\/\/bialy-owczarek.pl\/wp-content\/uploads\/2011\/09\/20160118_123710-1-786x1024.jpg 786w\" sizes=\"(max-width: 1836px) 100vw, 1836px\" \/><\/a><\/p>\n","protected":false},"excerpt":{"rendered":"<p>&#8220;\u0141agodny pies dla \u0142agodnej r\u0119ki.&#8221; &#8211; tymi s\u0142owami pewna hodowczyni Bia\u0142ego Owczarka Szwajcarskiego najlepiej okre\u015bli\u0142a charakter tego psa. Poniewa\u017c BOS jest do\u015b\u0107 m\u0142od\u0105 ras\u0105, trudno jest okre\u015bli\u0107 jego charakter w kilku zdaniach. Mo\u017cna si\u0119 spotka\u0107 z osobnikami tej rasy, kt\u00f3re &hellip; <a href=\"https:\/\/bialy-owczarek.pl\/?page_id=15\">Continue reading <span class=\"meta-nav\">&rarr;<\/span><\/a><\/p>\n","protected":false},"author":1,"featured_media":0,"parent":0,"menu_order":0,"comment_status":"closed","ping_status":"open","template":"sidebar-page.php","meta":{"_monsterinsights_skip_tracking":false,"_monsterinsights_sitenote_active":false,"_monsterinsights_sitenote_note":"","_monsterinsights_sitenote_category":0,"footnotes":""},"_links":{"self":[{"href":"https:\/\/bialy-owczarek.pl\/index.php?rest_route=\/wp\/v2\/pages\/15"}],"collection":[{"href":"https:\/\/bialy-owczarek.pl\/index.php?rest_route=\/wp\/v2\/pages"}],"about":[{"href":"https:\/\/bialy-owczarek.pl\/index.php?rest_route=\/wp\/v2\/types\/page"}],"author":[{"embeddable":true,"href":"https:\/\/bialy-owczarek.pl\/index.php?rest_route=\/wp\/v2\/users\/1"}],"replies":[{"embeddable":true,"href":"https:\/\/bialy-owczarek.pl\/index.php?rest_route=%2Fwp%2Fv2%2Fcomments&post=15"}],"version-history":[{"count":9,"href":"https:\/\/bialy-owczarek.pl\/index.php?rest_route=\/wp\/v2\/pages\/15\/revisions"}],"predecessor-version":[{"id":2787,"href":"https:\/\/bialy-owczarek.pl\/index.php?rest_route=\/wp\/v2\/pages\/15\/revisions\/2787"}],"wp:attachment":[{"href":"https:\/\/bialy-owczarek.pl\/index.php?rest_route=%2Fwp%2Fv2%2Fmedia&parent=15"}],"curies":[{"name":"wp","href":"https:\/\/api.w.org\/{rel}","templated":true}]}}