{"id":1275,"date":"2013-08-12T12:05:32","date_gmt":"2013-08-12T12:05:32","guid":{"rendered":"http:\/\/bialy-owczarek.pl\/?page_id=1275"},"modified":"2014-09-02T06:45:43","modified_gmt":"2014-09-02T06:45:43","slug":"contact","status":"publish","type":"page","link":"https:\/\/bialy-owczarek.pl\/?page_id=1275&amp;lang=en","title":{"rendered":"Contact"},"content":{"rendered":"<p>Emilia Anna Peek-Kwa\u015bniewska\u00a0\u00a0\u00a0\u00a0\u00a0\u00a0\u00a0\u00a0\u00a0 <a href=\"http:\/\/bialy-owczarek.pl\/wp-content\/uploads\/2012\/09\/DSC_5595-3.jpg\"><img loading=\"lazy\" decoding=\"async\" class=\"size-medium wp-image-1985 alignright\" alt=\"DSC_5595-3\" src=\"http:\/\/bialy-owczarek.pl\/wp-content\/uploads\/2012\/09\/DSC_5595-3-300x199.jpg\" width=\"300\" height=\"199\" srcset=\"https:\/\/bialy-owczarek.pl\/wp-content\/uploads\/2012\/09\/DSC_5595-3-300x199.jpg 300w, https:\/\/bialy-owczarek.pl\/wp-content\/uploads\/2012\/09\/DSC_5595-3-1024x680.jpg 1024w, https:\/\/bialy-owczarek.pl\/wp-content\/uploads\/2012\/09\/DSC_5595-3-451x300.jpg 451w\" sizes=\"(max-width: 300px) 100vw, 300px\" \/><\/a><\/p>\n<p>emilia.peek@gmail.com<\/p>\n<p>ul. Gajowa 7A 83-210 Bytonia<\/p>\n<p>mobile. + 48 697 221 071,\u00a0 +48 601 694 012<\/p>\n<p>GPS 53.91579,18.298126<\/p>\n<p><iframe loading=\"lazy\" src=\"https:\/\/maps.google.pl\/maps?f=q&amp;source=s_q&amp;hl=pl&amp;geocode=&amp;q=53.91579,18.298126&amp;aq=&amp;sll=54.163242,18.17425&amp;sspn=2.064896,6.696167&amp;ie=UTF8&amp;t=m&amp;ll=53.921022,18.290091&amp;spn=0.015164,0.04283&amp;z=14&amp;output=embed\" height=\"300\" width=\"500\" frameborder=\"0\" marginwidth=\"0\" marginheight=\"0\" scrolling=\"no\"><\/iframe><br \/><small><a style=\"color: #0000ff; text-align: left;\" href=\"https:\/\/maps.google.pl\/maps?f=q&amp;source=embed&amp;hl=pl&amp;geocode=&amp;q=53.91579,18.298126&amp;aq=&amp;sll=54.163242,18.17425&amp;sspn=2.064896,6.696167&amp;ie=UTF8&amp;t=m&amp;ll=53.921022,18.290091&amp;spn=0.015164,0.04283&amp;z=14\">Wy\u015bwietl wi\u0119ksz\u0105 map\u0119<\/a><\/small><\/p>\n<p>&nbsp;<\/p>\n","protected":false},"excerpt":{"rendered":"<p>Emilia Anna Peek-Kwa\u015bniewska\u00a0\u00a0\u00a0\u00a0\u00a0\u00a0\u00a0\u00a0\u00a0 emilia.peek@gmail.com ul. Gajowa 7A 83-210 Bytonia mobile. + 48 697 221 071,\u00a0 +48 601 694 012 GPS 53.91579,18.298126 Wy\u015bwietl wi\u0119ksz\u0105 map\u0119 &nbsp;<\/p>\n","protected":false},"author":2,"featured_media":0,"parent":0,"menu_order":0,"comment_status":"closed","ping_status":"open","template":"","meta":{"_monsterinsights_skip_tracking":false,"_monsterinsights_sitenote_active":false,"_monsterinsights_sitenote_note":"","_monsterinsights_sitenote_category":0,"footnotes":""},"_links":{"self":[{"href":"https:\/\/bialy-owczarek.pl\/index.php?rest_route=\/wp\/v2\/pages\/1275"}],"collection":[{"href":"https:\/\/bialy-owczarek.pl\/index.php?rest_route=\/wp\/v2\/pages"}],"about":[{"href":"https:\/\/bialy-owczarek.pl\/index.php?rest_route=\/wp\/v2\/types\/page"}],"author":[{"embeddable":true,"href":"https:\/\/bialy-owczarek.pl\/index.php?rest_route=\/wp\/v2\/users\/2"}],"replies":[{"embeddable":true,"href":"https:\/\/bialy-owczarek.pl\/index.php?rest_route=%2Fwp%2Fv2%2Fcomments&post=1275"}],"version-history":[{"count":4,"href":"https:\/\/bialy-owczarek.pl\/index.php?rest_route=\/wp\/v2\/pages\/1275\/revisions"}],"predecessor-version":[{"id":1998,"href":"https:\/\/bialy-owczarek.pl\/index.php?rest_route=\/wp\/v2\/pages\/1275\/revisions\/1998"}],"wp:attachment":[{"href":"https:\/\/bialy-owczarek.pl\/index.php?rest_route=%2Fwp%2Fv2%2Fmedia&parent=1275"}],"curies":[{"name":"wp","href":"https:\/\/api.w.org\/{rel}","templated":true}]}}