{"id":12,"date":"2012-09-19T08:42:12","date_gmt":"2012-09-19T08:42:12","guid":{"rendered":"http:\/\/bialy-owczarek.pl\/?page_id=12"},"modified":"2026-02-22T20:30:59","modified_gmt":"2026-02-22T20:30:59","slug":"strona-glowna","status":"publish","type":"page","link":"https:\/\/bialy-owczarek.pl\/","title":{"rendered":"Strona g\u0142\u00f3wna"},"content":{"rendered":"<h1>Hodowla Bia\u0142ego Owczarka Szwajcarskiego &#8220;U ZR\u00d3D\u0141A&#8221;<\/h1>\n<h1 style=\"text-align: center;\">Hodujemy z pasj\u0105 od 15 lat!!!<\/h1>\n<h2 style=\"text-align: center;\">\u00a0<\/h2>\n<p><img loading=\"lazy\" decoding=\"async\" class=\"alignnone  wp-image-3855\" src=\"http:\/\/bialy-owczarek.pl\/wp-content\/uploads\/2025\/05\/DSC09712-300x171.jpg\" alt=\"\" width=\"851\" height=\"485\" srcset=\"https:\/\/bialy-owczarek.pl\/wp-content\/uploads\/2025\/05\/DSC09712-300x171.jpg 300w, https:\/\/bialy-owczarek.pl\/wp-content\/uploads\/2025\/05\/DSC09712-1024x584.jpg 1024w, https:\/\/bialy-owczarek.pl\/wp-content\/uploads\/2025\/05\/DSC09712-768x438.jpg 768w, https:\/\/bialy-owczarek.pl\/wp-content\/uploads\/2025\/05\/DSC09712-1536x877.jpg 1536w, https:\/\/bialy-owczarek.pl\/wp-content\/uploads\/2025\/05\/DSC09712-2048x1169.jpg 2048w, https:\/\/bialy-owczarek.pl\/wp-content\/uploads\/2025\/05\/DSC09712-500x285.jpg 500w\" sizes=\"(max-width: 851px) 100vw, 851px\" \/><\/p>\n<p><img loading=\"lazy\" decoding=\"async\" class=\"alignnone  wp-image-3856\" src=\"http:\/\/bialy-owczarek.pl\/wp-content\/uploads\/2025\/05\/DSC09683-300x213.jpg\" alt=\"\" width=\"872\" height=\"619\" srcset=\"https:\/\/bialy-owczarek.pl\/wp-content\/uploads\/2025\/05\/DSC09683-300x213.jpg 300w, https:\/\/bialy-owczarek.pl\/wp-content\/uploads\/2025\/05\/DSC09683-768x546.jpg 768w, https:\/\/bialy-owczarek.pl\/wp-content\/uploads\/2025\/05\/DSC09683-2048x1457.jpg 2048w, https:\/\/bialy-owczarek.pl\/wp-content\/uploads\/2025\/05\/DSC09683-422x300.jpg 422w\" sizes=\"(max-width: 872px) 100vw, 872px\" \/><\/p>\n<p>\u00a0<\/p>\n<h3 style=\"text-align: center;\">\u00a0<\/h3>\n<h2 style=\"text-align: center;\"><span style=\"color: #ff0000;\"><strong><img loading=\"lazy\" decoding=\"async\" class=\"alignnone  wp-image-3781\" src=\"http:\/\/bialy-owczarek.pl\/wp-content\/uploads\/2024\/10\/MG_0588-300x203.jpg\" alt=\"\" width=\"892\" height=\"604\" srcset=\"https:\/\/bialy-owczarek.pl\/wp-content\/uploads\/2024\/10\/MG_0588-300x203.jpg 300w, https:\/\/bialy-owczarek.pl\/wp-content\/uploads\/2024\/10\/MG_0588-1024x693.jpg 1024w, https:\/\/bialy-owczarek.pl\/wp-content\/uploads\/2024\/10\/MG_0588-768x520.jpg 768w, https:\/\/bialy-owczarek.pl\/wp-content\/uploads\/2024\/10\/MG_0588-1536x1040.jpg 1536w, https:\/\/bialy-owczarek.pl\/wp-content\/uploads\/2024\/10\/MG_0588-2048x1387.jpg 2048w, https:\/\/bialy-owczarek.pl\/wp-content\/uploads\/2024\/10\/MG_0588-443x300.jpg 443w\" sizes=\"(max-width: 892px) 100vw, 892px\" \/><\/strong><\/span><span style=\"color: #000000;\">Zdecydowali\u015bmy si\u0119 hodowa\u0107 Bia\u0142e Owczarki Szwajcarskie, gdy zauwa\u017cyli\u015bmy ile rado\u015bci przynosi \u017cycie z tymi wspania\u0142ymi psami. Mamy na naszej posesji do\u015b\u0107 miejsca i idealne warunki do domowej hodowli ps\u00f3w. Hodowa\u0107 oczywi\u015bcie nie znaczy tylko posiada\u0107 suk\u0119 hodowlan\u0105 ale te\u017c odpowiedni\u0105 wiedz\u0119 o hodowli tej rasy i wymogach ZKwP i FCI. Intensywnie zaj\u0119li\u015bmy si\u0119 literatur\u0105 i informacjami na temat hodowli ps\u00f3w, nawi\u0105zali\u015bmy kontakt z hodowcami polskimi i zagranicznymi.<\/span><\/h2>\n<p><img loading=\"lazy\" decoding=\"async\" class=\"alignnone  wp-image-3777\" src=\"http:\/\/bialy-owczarek.pl\/wp-content\/uploads\/2024\/07\/38-300x220.jpg\" alt=\"\" width=\"1218\" height=\"893\" srcset=\"https:\/\/bialy-owczarek.pl\/wp-content\/uploads\/2024\/07\/38-300x220.jpg 300w, https:\/\/bialy-owczarek.pl\/wp-content\/uploads\/2024\/07\/38-1024x751.jpg 1024w, https:\/\/bialy-owczarek.pl\/wp-content\/uploads\/2024\/07\/38-768x563.jpg 768w, https:\/\/bialy-owczarek.pl\/wp-content\/uploads\/2024\/07\/38-1536x1126.jpg 1536w, https:\/\/bialy-owczarek.pl\/wp-content\/uploads\/2024\/07\/38-409x300.jpg 409w, https:\/\/bialy-owczarek.pl\/wp-content\/uploads\/2024\/07\/38.jpg 2000w\" sizes=\"(max-width: 1218px) 100vw, 1218px\" \/><\/p>\n<h1>\u00a0<\/h1>\n<h1><span style=\"color: #000000;\">Nale\u017cymy do FBBSI &#8211; Federation Berger Blanc Suisse Internationale<\/span><\/h1>\n<div><span style=\"color: #000000;\"><img loading=\"lazy\" decoding=\"async\" class=\"size-full wp-image-2729 alignleft\" src=\"http:\/\/bialy-owczarek.pl\/wp-content\/uploads\/2019\/01\/fbbsi-logo-220x150.jpg\" alt=\"\" width=\"220\" height=\"150\" \/>Jeste\u015bmy cz\u0142onkiem FBBSI i pierwsz\u0105 hodowl\u0105 z Polski oraz pierwsz\u0105 wsp\u00f3lnot\u0105 hodowlan\u0105 w tym zwi\u0105zku. FBBSI to mi\u0119dzynarodowy zwi\u0105zek Bia\u0142ego Owczarka Szwajcarskiego skupiaj\u0105cy wszystkie kluby rasy i wsp\u00f3lnoty hodowlane uznane przez FCI. Cz\u0142onkostwo w tej elitarnej federacji jest uzale\u017cnione od spe\u0142nienia przez hodowc\u0119 lub klub rasy rygorystycznych warunk\u00f3w, oznacza to \u017ce nie wszyscy hodowcy oraz kluby rasy mog\u0105 zosta\u0107 cz\u0142onkiem FBBSI.<\/span><\/div>\n<div>\u00a0<\/div>\n<div>\u00a0<\/div>\n<div><img loading=\"lazy\" decoding=\"async\" class=\"aligncenter size-full wp-image-2721\" src=\"http:\/\/bialy-owczarek.pl\/wp-content\/uploads\/2018\/12\/ZZK_1606.jpg\" alt=\"\" width=\"3535\" height=\"2356\" srcset=\"https:\/\/bialy-owczarek.pl\/wp-content\/uploads\/2018\/12\/ZZK_1606.jpg 3535w, https:\/\/bialy-owczarek.pl\/wp-content\/uploads\/2018\/12\/ZZK_1606-300x200.jpg 300w, https:\/\/bialy-owczarek.pl\/wp-content\/uploads\/2018\/12\/ZZK_1606-768x512.jpg 768w, https:\/\/bialy-owczarek.pl\/wp-content\/uploads\/2018\/12\/ZZK_1606-1024x682.jpg 1024w, https:\/\/bialy-owczarek.pl\/wp-content\/uploads\/2018\/12\/ZZK_1606-450x300.jpg 450w\" sizes=\"(max-width: 3535px) 100vw, 3535px\" \/><\/div>\n\n\n<p><\/p>\n\n\n\n<figure class=\"wp-block-gallery has-nested-images columns-default is-cropped wp-block-gallery-1 is-layout-flex wp-block-gallery-is-layout-flex\"><\/figure>\n","protected":false},"excerpt":{"rendered":"<p>Hodowla Bia\u0142ego Owczarka Szwajcarskiego &#8220;U ZR\u00d3D\u0141A&#8221; Hodujemy z pasj\u0105 od 15 lat!!! \u00a0 \u00a0 \u00a0 Zdecydowali\u015bmy si\u0119 hodowa\u0107 Bia\u0142e Owczarki Szwajcarskie, gdy zauwa\u017cyli\u015bmy ile rado\u015bci przynosi \u017cycie z tymi wspania\u0142ymi psami. Mamy na naszej posesji do\u015b\u0107 miejsca i idealne warunki &hellip; <a href=\"https:\/\/bialy-owczarek.pl\/\">Continue reading <span class=\"meta-nav\">&rarr;<\/span><\/a><\/p>\n","protected":false},"author":1,"featured_media":0,"parent":0,"menu_order":0,"comment_status":"closed","ping_status":"open","template":"sidebar-page.php","meta":{"_monsterinsights_skip_tracking":false,"_monsterinsights_sitenote_active":false,"_monsterinsights_sitenote_note":"","_monsterinsights_sitenote_category":0,"footnotes":""},"_links":{"self":[{"href":"https:\/\/bialy-owczarek.pl\/index.php?rest_route=\/wp\/v2\/pages\/12"}],"collection":[{"href":"https:\/\/bialy-owczarek.pl\/index.php?rest_route=\/wp\/v2\/pages"}],"about":[{"href":"https:\/\/bialy-owczarek.pl\/index.php?rest_route=\/wp\/v2\/types\/page"}],"author":[{"embeddable":true,"href":"https:\/\/bialy-owczarek.pl\/index.php?rest_route=\/wp\/v2\/users\/1"}],"replies":[{"embeddable":true,"href":"https:\/\/bialy-owczarek.pl\/index.php?rest_route=%2Fwp%2Fv2%2Fcomments&post=12"}],"version-history":[{"count":217,"href":"https:\/\/bialy-owczarek.pl\/index.php?rest_route=\/wp\/v2\/pages\/12\/revisions"}],"predecessor-version":[{"id":3882,"href":"https:\/\/bialy-owczarek.pl\/index.php?rest_route=\/wp\/v2\/pages\/12\/revisions\/3882"}],"wp:attachment":[{"href":"https:\/\/bialy-owczarek.pl\/index.php?rest_route=%2Fwp%2Fv2%2Fmedia&parent=12"}],"curies":[{"name":"wp","href":"https:\/\/api.w.org\/{rel}","templated":true}]}}