{"id":1165,"date":"2013-08-10T17:57:28","date_gmt":"2013-08-10T17:57:28","guid":{"rendered":"http:\/\/bialy-owczarek.pl\/?page_id=1165"},"modified":"2019-01-07T22:27:51","modified_gmt":"2019-01-07T22:27:51","slug":"kontakt","status":"publish","type":"page","link":"https:\/\/bialy-owczarek.pl\/?page_id=1165","title":{"rendered":"Kontakt"},"content":{"rendered":"<p><img loading=\"lazy\" decoding=\"async\" class=\"aligncenter size-full wp-image-2776\" src=\"http:\/\/bialy-owczarek.pl\/wp-content\/uploads\/2019\/01\/ZZK_0494.jpg\" alt=\"\" width=\"6144\" height=\"4088\" srcset=\"https:\/\/bialy-owczarek.pl\/wp-content\/uploads\/2019\/01\/ZZK_0494.jpg 6144w, https:\/\/bialy-owczarek.pl\/wp-content\/uploads\/2019\/01\/ZZK_0494-300x200.jpg 300w, https:\/\/bialy-owczarek.pl\/wp-content\/uploads\/2019\/01\/ZZK_0494-768x511.jpg 768w, https:\/\/bialy-owczarek.pl\/wp-content\/uploads\/2019\/01\/ZZK_0494-1024x681.jpg 1024w, https:\/\/bialy-owczarek.pl\/wp-content\/uploads\/2019\/01\/ZZK_0494-451x300.jpg 451w\" sizes=\"(max-width: 6144px) 100vw, 6144px\" \/><\/p>\n<p>Emilia Peek-Kwa\u015bniewska<\/p>\n<p>emilia.peek@gmail.com<\/p>\n<p>ul. Gajowa 7A 83-210 Bytonia<\/p>\n<p>kom. 697 221 071, 601 694 012<\/p>\n<p>GPS 53.91579,18.298126<\/p>\n<p><iframe loading=\"lazy\" src=\"https:\/\/maps.google.pl\/maps?f=q&amp;source=s_q&amp;hl=pl&amp;geocode=&amp;q=53.91579,18.298126&amp;aq=&amp;sll=54.163242,18.17425&amp;sspn=2.064896,6.696167&amp;ie=UTF8&amp;t=m&amp;ll=53.921022,18.290091&amp;spn=0.015164,0.04283&amp;z=14&amp;output=embed\" width=\"500\" height=\"300\" frameborder=\"0\" marginwidth=\"0\" marginheight=\"0\" scrolling=\"no\"><\/iframe><br \/>\n<small><a style=\"color: #0000ff; text-align: left;\" href=\"https:\/\/maps.google.pl\/maps?f=q&amp;source=embed&amp;hl=pl&amp;geocode=&amp;q=53.91579,18.298126&amp;aq=&amp;sll=54.163242,18.17425&amp;sspn=2.064896,6.696167&amp;ie=UTF8&amp;t=m&amp;ll=53.921022,18.290091&amp;spn=0.015164,0.04283&amp;z=14\">Wy\u015bwietl wi\u0119ksz\u0105 map\u0119<\/a><\/small><\/p>\n","protected":false},"excerpt":{"rendered":"<p>Emilia Peek-Kwa\u015bniewska emilia.peek@gmail.com ul. Gajowa 7A 83-210 Bytonia kom. 697 221 071, 601 694 012 GPS 53.91579,18.298126 Wy\u015bwietl wi\u0119ksz\u0105 map\u0119<\/p>\n","protected":false},"author":1,"featured_media":0,"parent":0,"menu_order":0,"comment_status":"closed","ping_status":"open","template":"","meta":{"_monsterinsights_skip_tracking":false,"_monsterinsights_sitenote_active":false,"_monsterinsights_sitenote_note":"","_monsterinsights_sitenote_category":0,"footnotes":""},"_links":{"self":[{"href":"https:\/\/bialy-owczarek.pl\/index.php?rest_route=\/wp\/v2\/pages\/1165"}],"collection":[{"href":"https:\/\/bialy-owczarek.pl\/index.php?rest_route=\/wp\/v2\/pages"}],"about":[{"href":"https:\/\/bialy-owczarek.pl\/index.php?rest_route=\/wp\/v2\/types\/page"}],"author":[{"embeddable":true,"href":"https:\/\/bialy-owczarek.pl\/index.php?rest_route=\/wp\/v2\/users\/1"}],"replies":[{"embeddable":true,"href":"https:\/\/bialy-owczarek.pl\/index.php?rest_route=%2Fwp%2Fv2%2Fcomments&post=1165"}],"version-history":[{"count":10,"href":"https:\/\/bialy-owczarek.pl\/index.php?rest_route=\/wp\/v2\/pages\/1165\/revisions"}],"predecessor-version":[{"id":2777,"href":"https:\/\/bialy-owczarek.pl\/index.php?rest_route=\/wp\/v2\/pages\/1165\/revisions\/2777"}],"wp:attachment":[{"href":"https:\/\/bialy-owczarek.pl\/index.php?rest_route=%2Fwp%2Fv2%2Fmedia&parent=1165"}],"curies":[{"name":"wp","href":"https:\/\/api.w.org\/{rel}","templated":true}]}}