{"id":1069,"date":"2013-08-02T08:13:19","date_gmt":"2013-08-02T08:13:19","guid":{"rendered":"http:\/\/bialy-owczarek.pl\/?page_id=1069"},"modified":"2013-08-09T19:28:43","modified_gmt":"2013-08-09T19:28:43","slug":"le-caractere","status":"publish","type":"page","link":"https:\/\/bialy-owczarek.pl\/?page_id=1069&amp;lang=fr","title":{"rendered":"Le caract\u00e8re de la race"},"content":{"rendered":"<p><span style=\"color: #000000;\">Un chien doux pour une main douce \u2013 c\u2019est la caract\u00e9ristique faite par une \u00e9leveuse. Cette opinion rend justice \u00e0 ces chiens. Comme le berger est une race relativement nouvelle, il est difficile de d\u00e9crire son caract\u00e8re en quelques phrases. On peut rencontrer des bergers peureux et ceux qui sont s\u00fbrs de soi et qui cherchent le contact avec les gens. <\/span><\/p>\n<p><span style=\"color: #000000;\">Selon le mod\u00e8le, le berger blanc est un chien sensible, il a prouv\u00e9 ses capacit\u00e9s comme chien d\u2019accompagnement et de famille, exceptionnellement amical envers les enfants. Il est un gardien attentif et un chien de travail qui apprend vite. Peu de races sont d\u00e9crites comme gentilles avec les enfants dans leur mod\u00e8le parce que cela peut susciter chez les propri\u00e9taires des d\u00e9ceptions. Mais le Berger blanc est absolument exceptionnel \u00e0 cet \u00e9gard. <\/span><\/p>\n<p style=\"text-align: justify;\"><span style=\"color: #000000;\"><a href=\"http:\/\/bialy-owczarek.pl\/?attachment_id=1038\" rel=\"attachment wp-att-1038\"><span style=\"color: #000000;\"><img loading=\"lazy\" decoding=\"async\" class=\"alignleft size-medium wp-image-1038\" title=\"996723_544674602241055_1283396304_n\" src=\"http:\/\/bialy-owczarek.pl\/wp-content\/uploads\/2011\/09\/996723_544674602241055_1283396304_n-300x225.jpg\" alt=\"\" width=\"300\" height=\"225\" srcset=\"https:\/\/bialy-owczarek.pl\/wp-content\/uploads\/2011\/09\/996723_544674602241055_1283396304_n-300x225.jpg 300w, https:\/\/bialy-owczarek.pl\/wp-content\/uploads\/2011\/09\/996723_544674602241055_1283396304_n-400x300.jpg 400w, https:\/\/bialy-owczarek.pl\/wp-content\/uploads\/2011\/09\/996723_544674602241055_1283396304_n.jpg 640w\" sizes=\"(max-width: 300px) 100vw, 300px\" \/><\/span><\/a> M\u00eame s\u2019il n\u2019est souvent qu\u2019un chien d\u2019accompagnement, il ne faut pas oublier que c\u2019est un berger. Un \u00e9levage sans ennuis est conditionn\u00e9 par un entra\u00eenement appropri\u00e9 et une tr\u00e8s grande attention. Ce chien essaie d\u2019\u00eatre pr\u00e8s de son propri\u00e9taire et est exceptionnellement sociable. Il ne peut donc pas \u00eatre enferm\u00e9 ou laiss\u00e9 \u00e0 la maison seul. Gr\u00e2ce \u00e0 savigilance exceptionnelle, il fera de son mieux en gardant la maison, il alarmera le propri\u00e9taire en aboyant t\u00f4t. <\/span><\/p>\n<p style=\"text-align: justify;\"><span style=\"color: #000000;\"><a href=\"http:\/\/uzrodla.pl\/wp-content\/uploads\/2010\/11\/PB082478.jpg\"><span style=\"color: #000000;\"><img loading=\"lazy\" decoding=\"async\" class=\"alignright size-thumbnail wp-image-169\" title=\"OLYMPUS DIGITAL CAMERA\" src=\"http:\/\/uzrodla.pl\/wp-content\/uploads\/2010\/11\/PB082478-150x150.jpg\" alt=\"\" width=\"208\" height=\"208\" \/><\/span><\/a>Ce chien essaie d\u2019\u00eatre pr\u00e8s de son propri\u00e9taire et est exceptionnellement sociable. Il ne peut donc pas \u00eatre enferm\u00e9 w kojcu ou laiss\u00e9 garder la maison tout seul. Gr\u00e2ce \u00e0 son czujnosc exceptionnelle\u00a0; il fera son mieux en gardant la maison, il alarmera le propri\u00e9taire en szczekajac t\u00f4t.<\/span><\/p>\n<p><span style=\"color: #000000;\">Certains Bergers peuvent garder leur distance envers les \u00e9trangers, ce qui est d\u00e9crit dans son mod\u00e8le. Ce trait ne peut pas \u00eatre confondu avec de la timidit\u00e9.<\/span><\/p>\n<p><span style=\"color: #000000;\">Berger devant \u00eatre de caract\u00e8re, mais jamais peureux. Comme tous les bergers, il a besoin de travailler et de jouer.<\/span><\/p>\n<p style=\"text-align: justify;\"><span style=\"color: #000000;\">Ces chiens apprennent vite et volontiers. Cela ne surprend donc pas que l\u2019on peut les rencontrer en comp\u00e9titions sportives, comme chiens-guides, chiens de sauvetage et d\u00b4avalanche, chiens d\u2019accompagnement des personnes handicap\u00e9es et en th\u00e9rapie assist\u00e9e par chien.<\/span><\/p>\n<p style=\"text-align: justify;\"><a href=\"http:\/\/bialy-owczarek.pl\/?attachment_id=1039\" rel=\"attachment wp-att-1039\"><img loading=\"lazy\" decoding=\"async\" class=\"aligncenter size-medium wp-image-1039\" title=\"1003440_544669252241590_840578531_n\" src=\"http:\/\/bialy-owczarek.pl\/wp-content\/uploads\/2011\/09\/1003440_544669252241590_840578531_n-300x225.jpg\" alt=\"\" width=\"300\" height=\"225\" srcset=\"https:\/\/bialy-owczarek.pl\/wp-content\/uploads\/2011\/09\/1003440_544669252241590_840578531_n-300x225.jpg 300w, https:\/\/bialy-owczarek.pl\/wp-content\/uploads\/2011\/09\/1003440_544669252241590_840578531_n-400x300.jpg 400w, https:\/\/bialy-owczarek.pl\/wp-content\/uploads\/2011\/09\/1003440_544669252241590_840578531_n.jpg 640w\" sizes=\"(max-width: 300px) 100vw, 300px\" \/><\/a><\/p>\n<p>&nbsp;<\/p>\n","protected":false},"excerpt":{"rendered":"<p>Un chien doux pour une main douce \u2013 c\u2019est la caract\u00e9ristique faite par une \u00e9leveuse. Cette opinion rend justice \u00e0 ces chiens. Comme le berger est une race relativement nouvelle, il est difficile de d\u00e9crire son caract\u00e8re en quelques phrases. &hellip; <a href=\"https:\/\/bialy-owczarek.pl\/?page_id=1069&#038;lang=fr\">Continue reading <span class=\"meta-nav\">&rarr;<\/span><\/a><\/p>\n","protected":false},"author":2,"featured_media":0,"parent":0,"menu_order":0,"comment_status":"closed","ping_status":"open","template":"sidebar-page.php","meta":{"_monsterinsights_skip_tracking":false,"_monsterinsights_sitenote_active":false,"_monsterinsights_sitenote_note":"","_monsterinsights_sitenote_category":0,"footnotes":""},"_links":{"self":[{"href":"https:\/\/bialy-owczarek.pl\/index.php?rest_route=\/wp\/v2\/pages\/1069"}],"collection":[{"href":"https:\/\/bialy-owczarek.pl\/index.php?rest_route=\/wp\/v2\/pages"}],"about":[{"href":"https:\/\/bialy-owczarek.pl\/index.php?rest_route=\/wp\/v2\/types\/page"}],"author":[{"embeddable":true,"href":"https:\/\/bialy-owczarek.pl\/index.php?rest_route=\/wp\/v2\/users\/2"}],"replies":[{"embeddable":true,"href":"https:\/\/bialy-owczarek.pl\/index.php?rest_route=%2Fwp%2Fv2%2Fcomments&post=1069"}],"version-history":[{"count":5,"href":"https:\/\/bialy-owczarek.pl\/index.php?rest_route=\/wp\/v2\/pages\/1069\/revisions"}],"predecessor-version":[{"id":1076,"href":"https:\/\/bialy-owczarek.pl\/index.php?rest_route=\/wp\/v2\/pages\/1069\/revisions\/1076"}],"wp:attachment":[{"href":"https:\/\/bialy-owczarek.pl\/index.php?rest_route=%2Fwp%2Fv2%2Fmedia&parent=1069"}],"curies":[{"name":"wp","href":"https:\/\/api.w.org\/{rel}","templated":true}]}}