{"id":92,"date":"2011-11-05T19:56:43","date_gmt":"2011-11-05T19:56:43","guid":{"rendered":"http:\/\/bialy-owczarek.pl\/?page_id=92"},"modified":"2020-01-12T19:05:09","modified_gmt":"2020-01-12T19:05:09","slug":"snow-rose-lohrien-lea","status":"publish","type":"page","link":"http:\/\/bialy-owczarek.pl\/?page_id=92","title":{"rendered":"SNOW ROSE Lohrien (Lea) za t\u0119czowym mostem"},"content":{"rendered":"<p><a href=\"http:\/\/bialy-owczarek.pl\/?attachment_id=100\" rel=\"attachment wp-att-100\"><img loading=\"lazy\" decoding=\"async\" class=\"alignnone size-medium wp-image-100\" title=\"5\" src=\"http:\/\/bialy-owczarek.pl\/wp-content\/uploads\/2011\/11\/5-300x225.jpg\" alt=\"\" width=\"300\" height=\"225\" srcset=\"http:\/\/bialy-owczarek.pl\/wp-content\/uploads\/2011\/11\/5-300x225.jpg 300w, http:\/\/bialy-owczarek.pl\/wp-content\/uploads\/2011\/11\/5-400x300.jpg 400w, http:\/\/bialy-owczarek.pl\/wp-content\/uploads\/2011\/11\/5.jpg 640w\" sizes=\"(max-width: 300px) 100vw, 300px\" \/><\/a><\/p>\n<p>Matka: <strong>Canta Lupa WHITE BELLIS<\/strong><\/p>\n<p>Ojciec: <strong>ATYLLA WARRIOR Bia\u0142a Pasja<\/strong><\/p>\n<table border=\"1\" cellspacing=\"1\" cellpadding=\"1\">\n<tbody>\n<tr>\n<td>data urodzenia<\/td>\n<td>18.02.2008<\/td>\n<\/tr>\n<tr>\n<td>wzrost<\/td>\n<td>61 cm<\/td>\n<\/tr>\n<tr>\n<td>waga<\/td>\n<td>37 kg<\/td>\n<\/tr>\n<tr>\n<td>HD<\/td>\n<td>B<\/td>\n<\/tr>\n<tr>\n<td>MDR1<\/td>\n<td>+\/+<\/td>\n<\/tr>\n<\/tbody>\n<\/table>\n<p><span style=\"color: #000000;\">Lea trafi\u0142a do nas wiosn\u0119 2009r. Ta pi\u0119kna 12miesi\u0119czna suczka szybko zaakceptowa\u0142a nowy dom i zdoby\u0142a serca ca\u0142ej rodziny. Bardzo szybko polubi\u0142a konie i\u00a0 uwielbia towarzyszy\u0107 nam na wyjazdach w teren do lasu lub je\u017adzi\u0107 bryczk\u0105. Ze wzgl\u0119du na swoje \u015bwietne warunki fizyczne i wspania\u0142\u0105 psychik\u0119 w bardzo nied\u0142ugim czasie zdoby\u0142a na wystawach bardzo dobre oceny s\u0119dzi\u00f3w i zosta\u0142a dopuszczona do hodowli. Na wystawach zosta\u0142a oceniona jako suczka o dobrym wzro\u015bcie, typowej g\u0142owie, dobrym ko\u015b\u0107cu, prawid\u0142owym kontowaniu, poprawnej linii g\u00f3rnej i dolnej, o dobrym zgryzie i kolorze. Lea mia\u0142a przede wszystkim wybitny charakter, by\u0142a niezawodna o kontaktach z dzie\u0107mi, charakteryzuj\u0119 si\u0119 ogromnym wyczuciem i delikatno\u015bci\u0105. Nie mog\u0142am si\u0119 nadziwi\u0107 obserwuj\u0105c j\u0105, jak si\u0119 zachowuje przy naszej ma\u0142ej Liwii, gdy ta j\u0105 ci\u0105gn\u0119\u0142a za nos i wk\u0142ada\u0142a jej swoj\u0105 malutk\u0105 r\u0105czk\u0119 do pyska. Z Jonaszem Lea zaraz chcia\u0142a si\u0119 bawi\u0107, ale uwa\u017ca\u0142a te\u017c \u017ceby go nie przewr\u00f3ci\u0107. Lea by\u0142a r\u00f3wnie\u017c dobrym str\u00f3\u017cem, szybko alarmuje nas gdy zbli\u017ca si\u0119 obca osoba do naszej posesji. Jako nasza pierwsza suka hodowlana da\u0142a nam trzy pi\u0119kne mioty, by\u0142a cudown\u0105 i bardzo opieku\u0144cz\u0105 matk\u0105.<\/span><\/p>\n<p>W swoich ostatnich latach regularnie odwiedza\u0142a za mn\u0105 przedszkola i chodzi\u0142a na d\u0142ug\u0119 spacery z Liwi\u0105.<\/p>\n<p>Niestety dnia 03.01.2020r. musieli\u015bmy si\u0119 po\u017cegna\u0107 z Le\u0105, odesz\u0142a w spokoju, wtulona w sw\u00f3j\u0105 Liwi\u0119.<\/p>\n<p><img loading=\"lazy\" decoding=\"async\" class=\"alignright size-full wp-image-2960\" src=\"http:\/\/bialy-owczarek.pl\/wp-content\/uploads\/2020\/01\/82288068_617675922376186_6765603810904637440_n.jpg\" alt=\"\" width=\"1016\" height=\"1334\" srcset=\"http:\/\/bialy-owczarek.pl\/wp-content\/uploads\/2020\/01\/82288068_617675922376186_6765603810904637440_n.jpg 1016w, http:\/\/bialy-owczarek.pl\/wp-content\/uploads\/2020\/01\/82288068_617675922376186_6765603810904637440_n-228x300.jpg 228w, http:\/\/bialy-owczarek.pl\/wp-content\/uploads\/2020\/01\/82288068_617675922376186_6765603810904637440_n-768x1008.jpg 768w, http:\/\/bialy-owczarek.pl\/wp-content\/uploads\/2020\/01\/82288068_617675922376186_6765603810904637440_n-780x1024.jpg 780w\" sizes=\"(max-width: 1016px) 100vw, 1016px\" \/><\/p>\n<p><span style=\"color: #000000;\">Rodow\u00f3d Lei mo\u017cna zobaczy\u0107<\/span> <a href=\"http:\/\/www.pedigreedatabase.com\/white_shepherd\/dog.html?id=961664\" target=\"_blank\" rel=\"noopener noreferrer\"><span style=\"color: #ff0000;\"><strong>tutaj<\/strong><\/span><\/a>.<\/p>\n","protected":false},"excerpt":{"rendered":"<p>Matka: Canta Lupa WHITE BELLIS Ojciec: ATYLLA WARRIOR Bia\u0142a Pasja data urodzenia 18.02.2008 wzrost 61 cm waga 37 kg HD B MDR1 +\/+ Lea trafi\u0142a do nas wiosn\u0119 2009r. Ta pi\u0119kna 12miesi\u0119czna suczka szybko zaakceptowa\u0142a nowy dom i zdoby\u0142a serca &hellip; <a href=\"http:\/\/bialy-owczarek.pl\/?page_id=92\">Continue reading <span class=\"meta-nav\">&rarr;<\/span><\/a><\/p>\n","protected":false},"author":2,"featured_media":0,"parent":6,"menu_order":1,"comment_status":"closed","ping_status":"open","template":"sidebar-page.php","meta":{"_monsterinsights_skip_tracking":false,"_monsterinsights_sitenote_active":false,"_monsterinsights_sitenote_note":"","_monsterinsights_sitenote_category":0,"footnotes":""},"_links":{"self":[{"href":"http:\/\/bialy-owczarek.pl\/index.php?rest_route=\/wp\/v2\/pages\/92"}],"collection":[{"href":"http:\/\/bialy-owczarek.pl\/index.php?rest_route=\/wp\/v2\/pages"}],"about":[{"href":"http:\/\/bialy-owczarek.pl\/index.php?rest_route=\/wp\/v2\/types\/page"}],"author":[{"embeddable":true,"href":"http:\/\/bialy-owczarek.pl\/index.php?rest_route=\/wp\/v2\/users\/2"}],"replies":[{"embeddable":true,"href":"http:\/\/bialy-owczarek.pl\/index.php?rest_route=%2Fwp%2Fv2%2Fcomments&post=92"}],"version-history":[{"count":22,"href":"http:\/\/bialy-owczarek.pl\/index.php?rest_route=\/wp\/v2\/pages\/92\/revisions"}],"predecessor-version":[{"id":2961,"href":"http:\/\/bialy-owczarek.pl\/index.php?rest_route=\/wp\/v2\/pages\/92\/revisions\/2961"}],"up":[{"embeddable":true,"href":"http:\/\/bialy-owczarek.pl\/index.php?rest_route=\/wp\/v2\/pages\/6"}],"wp:attachment":[{"href":"http:\/\/bialy-owczarek.pl\/index.php?rest_route=%2Fwp%2Fv2%2Fmedia&parent=92"}],"curies":[{"name":"wp","href":"https:\/\/api.w.org\/{rel}","templated":true}]}}