{"id":45,"date":"2010-02-04T20:22:02","date_gmt":"2010-02-04T20:22:02","guid":{"rendered":"http:\/\/bialy-owczarek.pl\/?page_id=45"},"modified":"2011-12-10T22:17:02","modified_gmt":"2011-12-10T22:17:02","slug":"miot-a","status":"publish","type":"page","link":"http:\/\/bialy-owczarek.pl\/?page_id=45","title":{"rendered":"Miot A"},"content":{"rendered":"<p>Nasze maluchy urodzi\u0142y si\u0119 08.Grudnia 2010r.. To by\u0142 pierwszy por\u00f3d Lei i bardzo dobrze sobie poradzi\u0142a. Mo\u017cemy by\u0107\u00a0z niej dumni. Urodzi\u0142o si\u0119 7 szczeniaczk\u00f3w: pi\u0119\u0107 piesk\u00f3w i dwie suczki. Dostali na imi\u0119 ARTUS, ABBA, ARAMIS, ARTYSTA, ARUBA, AGENT i AMIGO. Przy porodzie nie by\u0142o \u017cadnych problem\u00f3w i maluszki zaraz przyssa\u0142y si\u0119 do matki. \u0141adnie przybiera\u0142y na wadze, a od 19.12. pootwiera\u0142y oczka. Mo\u017cna by\u0142o zaobserwowa\u0107, \u017ce u wszystkich dobrze rozwija si\u0119 pigment.<\/p>\n<p>Szczeniaki maj\u0105 dobry temperament, \u017caden z nich nie jest l\u0119kliwy, wszystkie s\u0105 weso\u0142e, odwa\u017cne i ci\u0105gn\u0105 do ludzi. Od pocz\u0105tku przyzwyczajam je do r\u00f3\u017cnych d\u017awi\u0119k\u00f3w, takich jak odkurzacz, kompresor, klaskanie, krzyk dzieci i wiele innych. S\u0105 przyzwyczajone do jazdy samochodem, nauczone za\u0142atwia\u0107 si\u0119 na podk\u0142ady higieniczne i ucz\u0105 si\u0119 teraz chodzenia na smyczy.<\/p>\n<p>Wszystkie s\u0105 odrobaczone i zaszczepione wed\u0142ug instrukcji weterynarza specjalisty. Czeka ich jeszcze &#8220;czipowanie&#8221;.<\/p>\n<p>Szczeniaki rozwijaj\u0105 si\u0119 znakomicie i nawet w naszych niskich temperaturach biegaj\u0105 i bawi\u0105 si\u0119 z mam\u0105 i cioci\u0105 na dworze, a potem wracaj\u0105 do swojego ciep\u0142ego pokoju gdzie czeka na\u00a0 nich suche pos\u0142anie, mn\u00f3stwo zabawek i Jonasz, kt\u00f3ry nigdy nie ma ich do\u015b\u0107.<\/p>\n<p>15.01.2011r. ARGOS odwiedzi\u0142 swoje dzieci!! Rado\u015bnie ich przywita\u0142, zaraz zacz\u0105\u0142 je wylizywa\u0107 i si\u0119 z nimi bawi\u0107.<\/p>\n<p><a href=\"http:\/\/uzrodla.pl\/wp-content\/uploads\/2011\/02\/PC082880.jpg\"><img loading=\"lazy\" decoding=\"async\" title=\"OLYMPUS DIGITAL CAMERA\" src=\"http:\/\/uzrodla.pl\/wp-content\/uploads\/2011\/02\/PC082880.jpg\" alt=\"\" width=\"640\" height=\"480\" \/><\/a><\/p>\n<p><strong>Ju\u017c wszystkie maluszki na \u015bwiecie, a mama zm\u0119czona ale szcz\u0119\u015bliwa!<\/strong><\/p>\n<p>&nbsp;<\/p>\n<p><a href=\"http:\/\/uzrodla.pl\/wp-content\/uploads\/2011\/02\/PC122999.jpg\"><img loading=\"lazy\" decoding=\"async\" title=\"OLYMPUS DIGITAL CAMERA\" src=\"http:\/\/uzrodla.pl\/wp-content\/uploads\/2011\/02\/PC122999.jpg\" alt=\"\" width=\"640\" height=\"480\" \/><\/a><\/p>\n<p><strong>Jonaszek z szczeniakami gdy maj\u0105 4 dni<\/strong><\/p>\n<p>&nbsp;<\/p>\n<p><a href=\"http:\/\/uzrodla.pl\/wp-content\/uploads\/2011\/02\/PC183039.jpg\"><img loading=\"lazy\" decoding=\"async\" title=\"OLYMPUS DIGITAL CAMERA\" src=\"http:\/\/uzrodla.pl\/wp-content\/uploads\/2011\/02\/PC183039.jpg\" alt=\"\" width=\"640\" height=\"480\" \/><\/a><\/p>\n<p><strong>18.12. 2010<\/strong><\/p>\n<p><strong>Szczeniaczki tak szybko rosn\u0105 \u017ce musia\u0142am zmieni\u0107 im obr\u00f3\u017cki.<\/strong><\/p>\n<p>&nbsp;<\/p>\n<p><a href=\"http:\/\/uzrodla.pl\/wp-content\/uploads\/2011\/02\/PC243151.jpg\"><img loading=\"lazy\" decoding=\"async\" title=\"OLYMPUS DIGITAL CAMERA\" src=\"http:\/\/uzrodla.pl\/wp-content\/uploads\/2011\/02\/PC243151.jpg\" alt=\"\" width=\"640\" height=\"480\" \/><\/a><\/p>\n<p><strong>24.12.2010.<\/strong><\/p>\n<p><strong>Miot A przespa\u0142 wigili\u0119.<\/strong><\/p>\n<p><strong>Weso\u0142ych \u015awi\u0105t!<\/strong><\/p>\n<p>&nbsp;<\/p>\n<p><a href=\"http:\/\/uzrodla.pl\/wp-content\/uploads\/2011\/02\/P1023463.jpg\"><img loading=\"lazy\" decoding=\"async\" title=\"OLYMPUS DIGITAL CAMERA\" src=\"http:\/\/uzrodla.pl\/wp-content\/uploads\/2011\/02\/P1023463.jpg\" alt=\"\" width=\"529\" height=\"480\" \/><\/a><\/p>\n<p><strong>02.01.2011<\/strong><\/p>\n<p><strong>Ju\u017c w nowym roku z Jonaszem.<\/strong><\/p>\n<p>&nbsp;<\/p>\n<p><a href=\"http:\/\/uzrodla.pl\/wp-content\/uploads\/2011\/02\/P1063461.jpg\"><img loading=\"lazy\" decoding=\"async\" title=\"OLYMPUS DIGITAL CAMERA\" src=\"http:\/\/uzrodla.pl\/wp-content\/uploads\/2011\/02\/P1063461.jpg\" alt=\"\" width=\"488\" height=\"480\" \/><\/a><\/p>\n<p><strong>06.01.2011<\/strong><\/p>\n<p><strong>Nie ma jak to drzemka z Jonaszem<\/strong><\/p>\n<p>&nbsp;<\/p>\n<p><a href=\"http:\/\/uzrodla.pl\/wp-content\/uploads\/2011\/02\/P1070519.jpg\"><img loading=\"lazy\" decoding=\"async\" title=\"OLYMPUS DIGITAL CAMERA\" src=\"http:\/\/uzrodla.pl\/wp-content\/uploads\/2011\/02\/P1070519.jpg\" alt=\"\" width=\"510\" height=\"480\" \/><\/a><\/p>\n<p><strong>Liwia i ABBA<\/strong><\/p>\n<p><strong>07.01.2011<\/strong><\/p>\n<p>&nbsp;<\/p>\n<p><a href=\"http:\/\/uzrodla.pl\/wp-content\/uploads\/2011\/02\/P1093361.jpg\"><img loading=\"lazy\" decoding=\"async\" title=\"OLYMPUS DIGITAL CAMERA\" src=\"http:\/\/uzrodla.pl\/wp-content\/uploads\/2011\/02\/P1093361.jpg\" alt=\"\" width=\"640\" height=\"473\" \/><\/a><\/p>\n<p><strong>09.01.2011<\/strong><\/p>\n<p><strong>AGENT, ARAMIS i AMIGO<\/strong><\/p>\n<p>&nbsp;<\/p>\n<p><a href=\"http:\/\/uzrodla.pl\/wp-content\/uploads\/2011\/02\/P1173837.jpg\"><img loading=\"lazy\" decoding=\"async\" title=\"OLYMPUS DIGITAL CAMERA\" src=\"http:\/\/uzrodla.pl\/wp-content\/uploads\/2011\/02\/P1173837.jpg\" alt=\"\" width=\"523\" height=\"480\" \/><\/a><\/p>\n<p><strong>17.01.2011<\/strong><\/p>\n<p>&nbsp;<\/p>\n<p><a href=\"http:\/\/uzrodla.pl\/wp-content\/uploads\/2011\/02\/P1213890.jpg\"><img loading=\"lazy\" decoding=\"async\" title=\"OLYMPUS DIGITAL CAMERA\" src=\"http:\/\/uzrodla.pl\/wp-content\/uploads\/2011\/02\/P1213890.jpg\" alt=\"\" width=\"640\" height=\"370\" \/><\/a><\/p>\n<p><strong>21.01.2011<\/strong><\/p>\n<p><strong>Do ataku!!<\/strong><\/p>\n<p>&nbsp;<\/p>\n<p><a href=\"http:\/\/uzrodla.pl\/wp-content\/uploads\/2011\/02\/P1243920.jpg\"><img loading=\"lazy\" decoding=\"async\" title=\"OLYMPUS DIGITAL CAMERA\" src=\"http:\/\/uzrodla.pl\/wp-content\/uploads\/2011\/02\/P1243920.jpg\" alt=\"\" width=\"563\" height=\"480\" \/><\/a><\/p>\n<p><span style=\"color: #000000;\"><strong>24.01.2011<\/strong><strong><\/strong><\/span><\/p>\n<p><span style=\"color: #000000;\"><strong>ARTUS U \u0179r\u00f3d\u0142a<\/strong><\/span><\/p>\n<p><strong><br \/><\/strong><\/p>\n<p><img loading=\"lazy\" decoding=\"async\" title=\"OLYMPUS DIGITAL CAMERA\" src=\"http:\/\/uzrodla.pl\/wp-content\/uploads\/2011\/02\/P12539351-265x300.jpg\" alt=\"\" width=\"265\" height=\"300\" \/> <span style=\"color: #000000;\"><strong>ABBA U \u0179r\u00f3d\u0142a znalaz\u0142a nowy dom w Warszawie!<\/strong><\/span><\/p>\n<p>&nbsp;<\/p>\n<p>&nbsp;<\/p>\n<p>&nbsp;<\/p>\n<p><img loading=\"lazy\" decoding=\"async\" title=\"OLYMPUS DIGITAL CAMERA\" src=\"http:\/\/uzrodla.pl\/wp-content\/uploads\/2011\/02\/Amigo4-300x225.jpg\" alt=\"\" width=\"300\" height=\"225\" \/>\u00a0 <strong>AMIGO U \u0179r\u00f3d\u0142a pojecha\u0142 z swoj\u0105 now\u0105 rodzink\u0105 do <\/strong><strong>Szczecina!<\/strong><\/p>\n<p>&nbsp;<\/p>\n<p><img loading=\"lazy\" decoding=\"async\" title=\"OLYMPUS DIGITAL CAMERA\" src=\"http:\/\/uzrodla.pl\/wp-content\/uploads\/2011\/02\/P20440501-300x225.jpg\" alt=\"\" width=\"300\" height=\"225\" \/> <strong>ARTUS U \u0179r\u00f3d\u0142a mieszka teraz na Kaszubach!<\/strong><\/p>\n<p>&nbsp;<\/p>\n<p><img loading=\"lazy\" decoding=\"async\" title=\"OLYMPUS DIGITAL CAMERA\" src=\"http:\/\/uzrodla.pl\/wp-content\/uploads\/2011\/02\/P3034430-250x300.jpg\" alt=\"\" width=\"250\" height=\"300\" \/> <strong>AGENT U \u0179r\u00f3d\u0142a zosta\u0142 sprzedany do Finlandi!<\/strong><\/p>\n<p>&nbsp;<\/p>\n<p><a href=\"http:\/\/uzrodla.pl\/wp-content\/uploads\/2011\/02\/Aramis7.jpg\"><img loading=\"lazy\" decoding=\"async\" title=\"OLYMPUS DIGITAL CAMERA\" src=\"http:\/\/uzrodla.pl\/wp-content\/uploads\/2011\/02\/Aramis7-225x300.jpg\" alt=\"\" width=\"225\" height=\"300\" \/><\/a><\/p>\n<p><strong>ARAMIS znalaz\u0142 kochaj\u0105cy dom w Szwajcarii.<\/strong><\/p>\n<p>&nbsp;<\/p>\n<p><a href=\"http:\/\/uzrodla.pl\/wp-content\/uploads\/2011\/02\/P2234366.jpg\"><img loading=\"lazy\" decoding=\"async\" title=\"OLYMPUS DIGITAL CAMERA\" src=\"http:\/\/uzrodla.pl\/wp-content\/uploads\/2011\/02\/P2234366-244x300.jpg\" alt=\"\" width=\"244\" height=\"300\" \/><\/a><\/p>\n<p>ARTYSTA U \u0179r\u00f3d\u0142a mieszka teraz u Pani Marii w D\u0105br\u00f3wce.<\/p>\n","protected":false},"excerpt":{"rendered":"<p>Nasze maluchy urodzi\u0142y si\u0119 08.Grudnia 2010r.. To by\u0142 pierwszy por\u00f3d Lei i bardzo dobrze sobie poradzi\u0142a. Mo\u017cemy by\u0107\u00a0z niej dumni. Urodzi\u0142o si\u0119 7 szczeniaczk\u00f3w: pi\u0119\u0107 piesk\u00f3w i dwie suczki. Dostali na imi\u0119 ARTUS, ABBA, ARAMIS, ARTYSTA, ARUBA, AGENT i AMIGO. &hellip; <a href=\"http:\/\/bialy-owczarek.pl\/?page_id=45\">Continue reading <span class=\"meta-nav\">&rarr;<\/span><\/a><\/p>\n","protected":false},"author":1,"featured_media":0,"parent":8,"menu_order":0,"comment_status":"closed","ping_status":"open","template":"sidebar-page.php","meta":{"_monsterinsights_skip_tracking":false,"_monsterinsights_sitenote_active":false,"_monsterinsights_sitenote_note":"","_monsterinsights_sitenote_category":0,"footnotes":""},"_links":{"self":[{"href":"http:\/\/bialy-owczarek.pl\/index.php?rest_route=\/wp\/v2\/pages\/45"}],"collection":[{"href":"http:\/\/bialy-owczarek.pl\/index.php?rest_route=\/wp\/v2\/pages"}],"about":[{"href":"http:\/\/bialy-owczarek.pl\/index.php?rest_route=\/wp\/v2\/types\/page"}],"author":[{"embeddable":true,"href":"http:\/\/bialy-owczarek.pl\/index.php?rest_route=\/wp\/v2\/users\/1"}],"replies":[{"embeddable":true,"href":"http:\/\/bialy-owczarek.pl\/index.php?rest_route=%2Fwp%2Fv2%2Fcomments&post=45"}],"version-history":[{"count":6,"href":"http:\/\/bialy-owczarek.pl\/index.php?rest_route=\/wp\/v2\/pages\/45\/revisions"}],"predecessor-version":[{"id":86,"href":"http:\/\/bialy-owczarek.pl\/index.php?rest_route=\/wp\/v2\/pages\/45\/revisions\/86"}],"up":[{"embeddable":true,"href":"http:\/\/bialy-owczarek.pl\/index.php?rest_route=\/wp\/v2\/pages\/8"}],"wp:attachment":[{"href":"http:\/\/bialy-owczarek.pl\/index.php?rest_route=%2Fwp%2Fv2%2Fmedia&parent=45"}],"curies":[{"name":"wp","href":"https:\/\/api.w.org\/{rel}","templated":true}]}}