{"id":3923,"date":"2026-04-14T10:53:30","date_gmt":"2026-04-14T10:53:30","guid":{"rendered":"https:\/\/bialy-owczarek.pl\/?page_id=3923"},"modified":"2026-04-14T10:53:30","modified_gmt":"2026-04-14T10:53:30","slug":"miot-u","status":"publish","type":"page","link":"http:\/\/bialy-owczarek.pl\/?page_id=3923","title":{"rendered":"Miot U"},"content":{"rendered":"\n<figure class=\"wp-block-image size-large\"><img loading=\"lazy\" decoding=\"async\" width=\"1024\" height=\"683\" src=\"http:\/\/bialy-owczarek.pl\/wp-content\/uploads\/2026\/04\/DSC06391-1024x683.jpg\" alt=\"\" class=\"wp-image-3924\" srcset=\"http:\/\/bialy-owczarek.pl\/wp-content\/uploads\/2026\/04\/DSC06391-1024x683.jpg 1024w, http:\/\/bialy-owczarek.pl\/wp-content\/uploads\/2026\/04\/DSC06391-300x200.jpg 300w, http:\/\/bialy-owczarek.pl\/wp-content\/uploads\/2026\/04\/DSC06391-768x512.jpg 768w, http:\/\/bialy-owczarek.pl\/wp-content\/uploads\/2026\/04\/DSC06391-1536x1024.jpg 1536w, http:\/\/bialy-owczarek.pl\/wp-content\/uploads\/2026\/04\/DSC06391-2048x1365.jpg 2048w, http:\/\/bialy-owczarek.pl\/wp-content\/uploads\/2026\/04\/DSC06391-450x300.jpg 450w\" sizes=\"(max-width: 1024px) 100vw, 1024px\" \/><\/figure>\n\n\n\n<p>Nasz miot U urodzi\u0142 si\u0119 28.sierpnia 2022 roku. Na \u015bwiat przysz\u0142o 11 szczeni\u0105t, siedem suczek i cztery pieski. Rodzicami tej \u015blicznej gromadki to GOOD GIRL WANDA Atagora i White Dream Team VIKING VIGGO.<\/p>\n\n\n\n<figure class=\"wp-block-image size-large\"><img loading=\"lazy\" decoding=\"async\" width=\"1024\" height=\"723\" src=\"https:\/\/bialy-owczarek.pl\/wp-content\/uploads\/2026\/04\/IMG_9438-1024x723.jpg\" alt=\"\" class=\"wp-image-3926\" srcset=\"http:\/\/bialy-owczarek.pl\/wp-content\/uploads\/2026\/04\/IMG_9438-1024x723.jpg 1024w, http:\/\/bialy-owczarek.pl\/wp-content\/uploads\/2026\/04\/IMG_9438-300x212.jpg 300w, http:\/\/bialy-owczarek.pl\/wp-content\/uploads\/2026\/04\/IMG_9438-768x542.jpg 768w, http:\/\/bialy-owczarek.pl\/wp-content\/uploads\/2026\/04\/IMG_9438-1536x1085.jpg 1536w, http:\/\/bialy-owczarek.pl\/wp-content\/uploads\/2026\/04\/IMG_9438-2048x1446.jpg 2048w, http:\/\/bialy-owczarek.pl\/wp-content\/uploads\/2026\/04\/IMG_9438-425x300.jpg 425w\" sizes=\"(max-width: 1024px) 100vw, 1024px\" \/><\/figure>\n\n\n\n<figure class=\"wp-block-image size-large\"><img loading=\"lazy\" decoding=\"async\" width=\"1024\" height=\"683\" src=\"https:\/\/bialy-owczarek.pl\/wp-content\/uploads\/2026\/04\/DSC07250-1024x683.jpg\" alt=\"\" class=\"wp-image-3925\" srcset=\"http:\/\/bialy-owczarek.pl\/wp-content\/uploads\/2026\/04\/DSC07250-1024x683.jpg 1024w, http:\/\/bialy-owczarek.pl\/wp-content\/uploads\/2026\/04\/DSC07250-300x200.jpg 300w, http:\/\/bialy-owczarek.pl\/wp-content\/uploads\/2026\/04\/DSC07250-768x512.jpg 768w, http:\/\/bialy-owczarek.pl\/wp-content\/uploads\/2026\/04\/DSC07250-1536x1024.jpg 1536w, http:\/\/bialy-owczarek.pl\/wp-content\/uploads\/2026\/04\/DSC07250-2048x1365.jpg 2048w, http:\/\/bialy-owczarek.pl\/wp-content\/uploads\/2026\/04\/DSC07250-450x300.jpg 450w\" sizes=\"(max-width: 1024px) 100vw, 1024px\" \/><\/figure>\n\n\n\n<figure class=\"wp-block-image size-large\"><img loading=\"lazy\" decoding=\"async\" width=\"1024\" height=\"683\" src=\"https:\/\/bialy-owczarek.pl\/wp-content\/uploads\/2026\/04\/DSC07900-1024x683.jpg\" alt=\"\" class=\"wp-image-3927\" srcset=\"http:\/\/bialy-owczarek.pl\/wp-content\/uploads\/2026\/04\/DSC07900-1024x683.jpg 1024w, http:\/\/bialy-owczarek.pl\/wp-content\/uploads\/2026\/04\/DSC07900-300x200.jpg 300w, http:\/\/bialy-owczarek.pl\/wp-content\/uploads\/2026\/04\/DSC07900-768x512.jpg 768w, http:\/\/bialy-owczarek.pl\/wp-content\/uploads\/2026\/04\/DSC07900-1536x1024.jpg 1536w, http:\/\/bialy-owczarek.pl\/wp-content\/uploads\/2026\/04\/DSC07900-2048x1365.jpg 2048w, http:\/\/bialy-owczarek.pl\/wp-content\/uploads\/2026\/04\/DSC07900-450x300.jpg 450w\" sizes=\"(max-width: 1024px) 100vw, 1024px\" \/><\/figure>\n","protected":false},"excerpt":{"rendered":"<p>Nasz miot U urodzi\u0142 si\u0119 28.sierpnia 2022 roku. Na \u015bwiat przysz\u0142o 11 szczeni\u0105t, siedem suczek i cztery pieski. Rodzicami tej \u015blicznej gromadki to GOOD GIRL WANDA Atagora i White Dream Team VIKING VIGGO.<\/p>\n","protected":false},"author":2,"featured_media":0,"parent":0,"menu_order":0,"comment_status":"closed","ping_status":"closed","template":"","meta":{"_monsterinsights_skip_tracking":false,"_monsterinsights_sitenote_active":false,"_monsterinsights_sitenote_note":"","_monsterinsights_sitenote_category":0,"footnotes":""},"_links":{"self":[{"href":"http:\/\/bialy-owczarek.pl\/index.php?rest_route=\/wp\/v2\/pages\/3923"}],"collection":[{"href":"http:\/\/bialy-owczarek.pl\/index.php?rest_route=\/wp\/v2\/pages"}],"about":[{"href":"http:\/\/bialy-owczarek.pl\/index.php?rest_route=\/wp\/v2\/types\/page"}],"author":[{"embeddable":true,"href":"http:\/\/bialy-owczarek.pl\/index.php?rest_route=\/wp\/v2\/users\/2"}],"replies":[{"embeddable":true,"href":"http:\/\/bialy-owczarek.pl\/index.php?rest_route=%2Fwp%2Fv2%2Fcomments&post=3923"}],"version-history":[{"count":1,"href":"http:\/\/bialy-owczarek.pl\/index.php?rest_route=\/wp\/v2\/pages\/3923\/revisions"}],"predecessor-version":[{"id":3928,"href":"http:\/\/bialy-owczarek.pl\/index.php?rest_route=\/wp\/v2\/pages\/3923\/revisions\/3928"}],"wp:attachment":[{"href":"http:\/\/bialy-owczarek.pl\/index.php?rest_route=%2Fwp%2Fv2%2Fmedia&parent=3923"}],"curies":[{"name":"wp","href":"https:\/\/api.w.org\/{rel}","templated":true}]}}