{"id":3901,"date":"2026-03-17T18:45:43","date_gmt":"2026-03-17T18:45:43","guid":{"rendered":"https:\/\/bialy-owczarek.pl\/?page_id=3901"},"modified":"2026-03-17T18:45:44","modified_gmt":"2026-03-17T18:45:44","slug":"miot-t","status":"publish","type":"page","link":"http:\/\/bialy-owczarek.pl\/?page_id=3901","title":{"rendered":"Miot T"},"content":{"rendered":"\n<figure class=\"wp-block-image size-large\"><img loading=\"lazy\" decoding=\"async\" width=\"1024\" height=\"683\" src=\"https:\/\/bialy-owczarek.pl\/wp-content\/uploads\/2026\/03\/DSC04855-1024x683.jpg\" alt=\"\" class=\"wp-image-3902\" srcset=\"http:\/\/bialy-owczarek.pl\/wp-content\/uploads\/2026\/03\/DSC04855-1024x683.jpg 1024w, http:\/\/bialy-owczarek.pl\/wp-content\/uploads\/2026\/03\/DSC04855-300x200.jpg 300w, http:\/\/bialy-owczarek.pl\/wp-content\/uploads\/2026\/03\/DSC04855-768x512.jpg 768w, http:\/\/bialy-owczarek.pl\/wp-content\/uploads\/2026\/03\/DSC04855-1536x1024.jpg 1536w, http:\/\/bialy-owczarek.pl\/wp-content\/uploads\/2026\/03\/DSC04855-2048x1365.jpg 2048w, http:\/\/bialy-owczarek.pl\/wp-content\/uploads\/2026\/03\/DSC04855-450x300.jpg 450w\" sizes=\"(max-width: 1024px) 100vw, 1024px\" \/><\/figure>\n\n\n\n<p>Nasze wyj\u0105tkowe maluszki z miotu T przysz\u0142y na \u015bwiat 11 czerwca 2022 roku. Tego dnia powitali\u015bmy a\u017c siedmioro szczeni\u0105t \u2013 trzy urocze suczki oraz cztery wspania\u0142e pieski.<\/p>\n\n\n\n<p>Rodzicami tego miotu s\u0105 starannie dobrane, wyj\u0105tkowe psy o znakomitym pochodzeniu. Mam\u0105 zosta\u0142a importowana z W\u0142och Covenant Nefertiti, natomiast tat\u0105 jest Elendil Zeichen von Wolf, pochodz\u0105cy a\u017c z Argentyny. To po\u0142\u0105czenie doskona\u0142ych linii hodowlanych, kt\u00f3re daje nadziej\u0119 na pi\u0119kne, zdrowe i dobrze zr\u00f3wnowa\u017cone potomstwo.<\/p>\n\n\n\n<figure class=\"wp-block-image size-large\"><img loading=\"lazy\" decoding=\"async\" width=\"1024\" height=\"683\" src=\"https:\/\/bialy-owczarek.pl\/wp-content\/uploads\/2026\/03\/DSC05289-1024x683.jpg\" alt=\"\" class=\"wp-image-3904\" srcset=\"http:\/\/bialy-owczarek.pl\/wp-content\/uploads\/2026\/03\/DSC05289-1024x683.jpg 1024w, http:\/\/bialy-owczarek.pl\/wp-content\/uploads\/2026\/03\/DSC05289-300x200.jpg 300w, http:\/\/bialy-owczarek.pl\/wp-content\/uploads\/2026\/03\/DSC05289-768x512.jpg 768w, http:\/\/bialy-owczarek.pl\/wp-content\/uploads\/2026\/03\/DSC05289-1536x1024.jpg 1536w, http:\/\/bialy-owczarek.pl\/wp-content\/uploads\/2026\/03\/DSC05289-2048x1365.jpg 2048w, http:\/\/bialy-owczarek.pl\/wp-content\/uploads\/2026\/03\/DSC05289-450x300.jpg 450w\" sizes=\"(max-width: 1024px) 100vw, 1024px\" \/><\/figure>\n\n\n\n<figure class=\"wp-block-image size-large\"><img loading=\"lazy\" decoding=\"async\" width=\"1024\" height=\"812\" src=\"https:\/\/bialy-owczarek.pl\/wp-content\/uploads\/2026\/03\/DSC06202-1024x812.jpg\" alt=\"\" class=\"wp-image-3905\" srcset=\"http:\/\/bialy-owczarek.pl\/wp-content\/uploads\/2026\/03\/DSC06202-1024x812.jpg 1024w, http:\/\/bialy-owczarek.pl\/wp-content\/uploads\/2026\/03\/DSC06202-300x238.jpg 300w, http:\/\/bialy-owczarek.pl\/wp-content\/uploads\/2026\/03\/DSC06202-768x609.jpg 768w, http:\/\/bialy-owczarek.pl\/wp-content\/uploads\/2026\/03\/DSC06202-1536x1219.jpg 1536w, http:\/\/bialy-owczarek.pl\/wp-content\/uploads\/2026\/03\/DSC06202-2048x1625.jpg 2048w, http:\/\/bialy-owczarek.pl\/wp-content\/uploads\/2026\/03\/DSC06202-378x300.jpg 378w\" sizes=\"(max-width: 1024px) 100vw, 1024px\" \/><\/figure>\n\n\n\n<p>Nasze maluszki z miotu T otrzyma\u0142y pi\u0119kne, starannie dobrane imiona: Tessa, Tamara, Tequila, Tiago, Tahu, Tico oraz Tango Tiger.<\/p>\n\n\n\n<p>Wszystkie szczeni\u0119ta rozwijaj\u0105 si\u0119 prawid\u0142owo, rosn\u0105 zdrowo i z dnia na dzie\u0144 coraz bardziej pokazuj\u0105 swoje wyj\u0105tkowe charaktery. S\u0105 radosne, pe\u0142ne energii i niezwykle ciekawe otaczaj\u0105cego je \u015bwiata, ch\u0119tnie poznaj\u0105c nowe bod\u017ace i nawi\u0105zuj\u0105c pierwsze interakcje.<\/p>\n\n\n\n<figure class=\"wp-block-image size-large\"><img loading=\"lazy\" decoding=\"async\" width=\"1024\" height=\"736\" src=\"https:\/\/bialy-owczarek.pl\/wp-content\/uploads\/2026\/03\/IMG_7712-1024x736.jpg\" alt=\"\" class=\"wp-image-3906\" srcset=\"http:\/\/bialy-owczarek.pl\/wp-content\/uploads\/2026\/03\/IMG_7712-1024x736.jpg 1024w, http:\/\/bialy-owczarek.pl\/wp-content\/uploads\/2026\/03\/IMG_7712-300x216.jpg 300w, http:\/\/bialy-owczarek.pl\/wp-content\/uploads\/2026\/03\/IMG_7712-768x552.jpg 768w, http:\/\/bialy-owczarek.pl\/wp-content\/uploads\/2026\/03\/IMG_7712-1536x1103.jpg 1536w, http:\/\/bialy-owczarek.pl\/wp-content\/uploads\/2026\/03\/IMG_7712-2048x1471.jpg 2048w, http:\/\/bialy-owczarek.pl\/wp-content\/uploads\/2026\/03\/IMG_7712-418x300.jpg 418w\" sizes=\"(max-width: 1024px) 100vw, 1024px\" \/><\/figure>\n","protected":false},"excerpt":{"rendered":"<p>Nasze wyj\u0105tkowe maluszki z miotu T przysz\u0142y na \u015bwiat 11 czerwca 2022 roku. Tego dnia powitali\u015bmy a\u017c siedmioro szczeni\u0105t \u2013 trzy urocze suczki oraz cztery wspania\u0142e pieski. Rodzicami tego miotu s\u0105 starannie dobrane, wyj\u0105tkowe psy o znakomitym pochodzeniu. Mam\u0105 zosta\u0142a &hellip; <a href=\"http:\/\/bialy-owczarek.pl\/?page_id=3901\">Continue reading <span class=\"meta-nav\">&rarr;<\/span><\/a><\/p>\n","protected":false},"author":2,"featured_media":0,"parent":0,"menu_order":0,"comment_status":"closed","ping_status":"closed","template":"","meta":{"_monsterinsights_skip_tracking":false,"_monsterinsights_sitenote_active":false,"_monsterinsights_sitenote_note":"","_monsterinsights_sitenote_category":0,"footnotes":""},"_links":{"self":[{"href":"http:\/\/bialy-owczarek.pl\/index.php?rest_route=\/wp\/v2\/pages\/3901"}],"collection":[{"href":"http:\/\/bialy-owczarek.pl\/index.php?rest_route=\/wp\/v2\/pages"}],"about":[{"href":"http:\/\/bialy-owczarek.pl\/index.php?rest_route=\/wp\/v2\/types\/page"}],"author":[{"embeddable":true,"href":"http:\/\/bialy-owczarek.pl\/index.php?rest_route=\/wp\/v2\/users\/2"}],"replies":[{"embeddable":true,"href":"http:\/\/bialy-owczarek.pl\/index.php?rest_route=%2Fwp%2Fv2%2Fcomments&post=3901"}],"version-history":[{"count":1,"href":"http:\/\/bialy-owczarek.pl\/index.php?rest_route=\/wp\/v2\/pages\/3901\/revisions"}],"predecessor-version":[{"id":3907,"href":"http:\/\/bialy-owczarek.pl\/index.php?rest_route=\/wp\/v2\/pages\/3901\/revisions\/3907"}],"wp:attachment":[{"href":"http:\/\/bialy-owczarek.pl\/index.php?rest_route=%2Fwp%2Fv2%2Fmedia&parent=3901"}],"curies":[{"name":"wp","href":"https:\/\/api.w.org\/{rel}","templated":true}]}}