{"id":3769,"date":"2024-07-12T20:39:41","date_gmt":"2024-07-12T20:39:41","guid":{"rendered":"http:\/\/bialy-owczarek.pl\/?page_id=3769"},"modified":"2024-07-12T20:39:41","modified_gmt":"2024-07-12T20:39:41","slug":"miot-z","status":"publish","type":"page","link":"http:\/\/bialy-owczarek.pl\/?page_id=3769","title":{"rendered":"Miot Z"},"content":{"rendered":"\n<figure class=\"wp-block-image size-large\"><img loading=\"lazy\" decoding=\"async\" width=\"1024\" height=\"799\" src=\"http:\/\/bialy-owczarek.pl\/wp-content\/uploads\/2024\/06\/Emilia-Peek-Kwas\u0301niewska-zapowiedz\u0301-1024x799.jpg\" alt=\"\" class=\"wp-image-3748\" srcset=\"http:\/\/bialy-owczarek.pl\/wp-content\/uploads\/2024\/06\/Emilia-Peek-Kwas\u0301niewska-zapowiedz\u0301-1024x799.jpg 1024w, http:\/\/bialy-owczarek.pl\/wp-content\/uploads\/2024\/06\/Emilia-Peek-Kwas\u0301niewska-zapowiedz\u0301-300x234.jpg 300w, http:\/\/bialy-owczarek.pl\/wp-content\/uploads\/2024\/06\/Emilia-Peek-Kwas\u0301niewska-zapowiedz\u0301-768x600.jpg 768w, http:\/\/bialy-owczarek.pl\/wp-content\/uploads\/2024\/06\/Emilia-Peek-Kwas\u0301niewska-zapowiedz\u0301-1536x1199.jpg 1536w, http:\/\/bialy-owczarek.pl\/wp-content\/uploads\/2024\/06\/Emilia-Peek-Kwas\u0301niewska-zapowiedz\u0301-2048x1599.jpg 2048w, http:\/\/bialy-owczarek.pl\/wp-content\/uploads\/2024\/06\/Emilia-Peek-Kwas\u0301niewska-zapowiedz\u0301-384x300.jpg 384w\" sizes=\"(max-width: 1024px) 100vw, 1024px\" \/><\/figure>\n\n\n\n<p>Maluchy z miotu Z przysz\u0142y na \u015bwiat 22.06.2024r. Mamy 8 szczeni\u0105t, dwie suczki i sze\u015b\u0107 samc\u00f3w.<\/p>\n\n\n\n<p>Dumna matka Valentine Present of the Dutch Highlands \u015bwietnie sobie poradzi\u0142a podczas swojego pierwszego porodu, nie by\u0142o komplikacji i szczeniaki mia\u0142y bardzo dobr\u0105 wag\u0119 urodzeniow\u0105.<\/p>\n\n\n\n<p>Szczeni\u0119ta prawid\u0142owo si\u0119 rozwijaj\u0105, s\u0105 bardzo aktywne, du\u017co wokalizuj\u0105 i r\u00f3wnomiernie przybieraj\u0105 na wadze.<\/p>\n\n\n\n<p>Wszystkie szczeniaki z tego miotu s\u0105 zarezerwowane.<\/p>\n\n\n\n<figure class=\"wp-block-image size-large\"><img loading=\"lazy\" decoding=\"async\" width=\"1024\" height=\"768\" src=\"https:\/\/bialy-owczarek.pl\/wp-content\/uploads\/2024\/07\/20240706_103128-1024x768.jpg\" alt=\"\" class=\"wp-image-3770\" srcset=\"http:\/\/bialy-owczarek.pl\/wp-content\/uploads\/2024\/07\/20240706_103128-1024x768.jpg 1024w, http:\/\/bialy-owczarek.pl\/wp-content\/uploads\/2024\/07\/20240706_103128-300x225.jpg 300w, http:\/\/bialy-owczarek.pl\/wp-content\/uploads\/2024\/07\/20240706_103128-768x576.jpg 768w, http:\/\/bialy-owczarek.pl\/wp-content\/uploads\/2024\/07\/20240706_103128-1536x1152.jpg 1536w, http:\/\/bialy-owczarek.pl\/wp-content\/uploads\/2024\/07\/20240706_103128-2048x1536.jpg 2048w, http:\/\/bialy-owczarek.pl\/wp-content\/uploads\/2024\/07\/20240706_103128-400x300.jpg 400w\" sizes=\"(max-width: 1024px) 100vw, 1024px\" \/><figcaption>2 tygodnie<\/figcaption><\/figure>\n\n\n\n<figure class=\"wp-block-image size-large\"><img loading=\"lazy\" decoding=\"async\" width=\"1024\" height=\"567\" src=\"https:\/\/bialy-owczarek.pl\/wp-content\/uploads\/2024\/07\/DSC06157-1024x567.jpg\" alt=\"\" class=\"wp-image-3771\" srcset=\"http:\/\/bialy-owczarek.pl\/wp-content\/uploads\/2024\/07\/DSC06157-1024x567.jpg 1024w, http:\/\/bialy-owczarek.pl\/wp-content\/uploads\/2024\/07\/DSC06157-300x166.jpg 300w, http:\/\/bialy-owczarek.pl\/wp-content\/uploads\/2024\/07\/DSC06157-768x425.jpg 768w, http:\/\/bialy-owczarek.pl\/wp-content\/uploads\/2024\/07\/DSC06157-1536x850.jpg 1536w, http:\/\/bialy-owczarek.pl\/wp-content\/uploads\/2024\/07\/DSC06157-2048x1133.jpg 2048w, http:\/\/bialy-owczarek.pl\/wp-content\/uploads\/2024\/07\/DSC06157-500x277.jpg 500w\" sizes=\"(max-width: 1024px) 100vw, 1024px\" \/><figcaption>3 tygodnie<\/figcaption><\/figure>\n\n\n\n<figure class=\"wp-block-image size-large\"><img loading=\"lazy\" decoding=\"async\" width=\"683\" height=\"1024\" src=\"https:\/\/bialy-owczarek.pl\/wp-content\/uploads\/2024\/07\/DSC06205-683x1024.jpg\" alt=\"\" class=\"wp-image-3772\" srcset=\"http:\/\/bialy-owczarek.pl\/wp-content\/uploads\/2024\/07\/DSC06205-683x1024.jpg 683w, http:\/\/bialy-owczarek.pl\/wp-content\/uploads\/2024\/07\/DSC06205-200x300.jpg 200w, http:\/\/bialy-owczarek.pl\/wp-content\/uploads\/2024\/07\/DSC06205-768x1152.jpg 768w, http:\/\/bialy-owczarek.pl\/wp-content\/uploads\/2024\/07\/DSC06205-1024x1536.jpg 1024w, http:\/\/bialy-owczarek.pl\/wp-content\/uploads\/2024\/07\/DSC06205-1365x2048.jpg 1365w, http:\/\/bialy-owczarek.pl\/wp-content\/uploads\/2024\/07\/DSC06205-scaled.jpg 1707w\" sizes=\"(max-width: 683px) 100vw, 683px\" \/><\/figure>\n","protected":false},"excerpt":{"rendered":"<p>Maluchy z miotu Z przysz\u0142y na \u015bwiat 22.06.2024r. Mamy 8 szczeni\u0105t, dwie suczki i sze\u015b\u0107 samc\u00f3w. Dumna matka Valentine Present of the Dutch Highlands \u015bwietnie sobie poradzi\u0142a podczas swojego pierwszego porodu, nie by\u0142o komplikacji i szczeniaki mia\u0142y bardzo dobr\u0105 wag\u0119 &hellip; <a href=\"http:\/\/bialy-owczarek.pl\/?page_id=3769\">Continue reading <span class=\"meta-nav\">&rarr;<\/span><\/a><\/p>\n","protected":false},"author":2,"featured_media":0,"parent":0,"menu_order":0,"comment_status":"closed","ping_status":"closed","template":"","meta":{"_monsterinsights_skip_tracking":false,"_monsterinsights_sitenote_active":false,"_monsterinsights_sitenote_note":"","_monsterinsights_sitenote_category":0,"footnotes":""},"_links":{"self":[{"href":"http:\/\/bialy-owczarek.pl\/index.php?rest_route=\/wp\/v2\/pages\/3769"}],"collection":[{"href":"http:\/\/bialy-owczarek.pl\/index.php?rest_route=\/wp\/v2\/pages"}],"about":[{"href":"http:\/\/bialy-owczarek.pl\/index.php?rest_route=\/wp\/v2\/types\/page"}],"author":[{"embeddable":true,"href":"http:\/\/bialy-owczarek.pl\/index.php?rest_route=\/wp\/v2\/users\/2"}],"replies":[{"embeddable":true,"href":"http:\/\/bialy-owczarek.pl\/index.php?rest_route=%2Fwp%2Fv2%2Fcomments&post=3769"}],"version-history":[{"count":1,"href":"http:\/\/bialy-owczarek.pl\/index.php?rest_route=\/wp\/v2\/pages\/3769\/revisions"}],"predecessor-version":[{"id":3773,"href":"http:\/\/bialy-owczarek.pl\/index.php?rest_route=\/wp\/v2\/pages\/3769\/revisions\/3773"}],"wp:attachment":[{"href":"http:\/\/bialy-owczarek.pl\/index.php?rest_route=%2Fwp%2Fv2%2Fmedia&parent=3769"}],"curies":[{"name":"wp","href":"https:\/\/api.w.org\/{rel}","templated":true}]}}