{"id":3413,"date":"2022-08-22T20:38:47","date_gmt":"2022-08-22T20:38:47","guid":{"rendered":"http:\/\/bialy-owczarek.pl\/?page_id=3413"},"modified":"2024-06-07T09:00:02","modified_gmt":"2024-06-07T09:00:02","slug":"valentine-present-of-the-dutch-highlands","status":"publish","type":"page","link":"http:\/\/bialy-owczarek.pl\/?page_id=3413","title":{"rendered":"Valentine Present of the Dutch Highlands"},"content":{"rendered":"\n<p><strong>Zwyci\u0119zca Polski 2023,  Champion Polsk<\/strong>i, <\/p>\n\n\n\n<p><strong>M\u0142odzie\u017cowy Zwyci\u0119zca Klubu 2022, M\u0142odzie\u017cowy Champion Polski<\/strong><\/p>\n\n\n\n<div class=\"wp-block-image\"><figure class=\"aligncenter size-large is-resized\"><img loading=\"lazy\" decoding=\"async\" src=\"http:\/\/bialy-owczarek.pl\/wp-content\/uploads\/2024\/06\/15-1024x666.jpg\" alt=\"\" class=\"wp-image-3746\" width=\"811\" height=\"527\" srcset=\"http:\/\/bialy-owczarek.pl\/wp-content\/uploads\/2024\/06\/15-1024x666.jpg 1024w, http:\/\/bialy-owczarek.pl\/wp-content\/uploads\/2024\/06\/15-300x195.jpg 300w, http:\/\/bialy-owczarek.pl\/wp-content\/uploads\/2024\/06\/15-768x499.jpg 768w, http:\/\/bialy-owczarek.pl\/wp-content\/uploads\/2024\/06\/15-1536x998.jpg 1536w, http:\/\/bialy-owczarek.pl\/wp-content\/uploads\/2024\/06\/15-2048x1331.jpg 2048w, http:\/\/bialy-owczarek.pl\/wp-content\/uploads\/2024\/06\/15-462x300.jpg 462w\" sizes=\"(max-width: 811px) 100vw, 811px\" \/><\/figure><\/div>\n\n\n\n<p>Import <strong>Belgia<\/strong><\/p>\n\n\n\n<p>matka: <strong>Real Thing of Beauty of the Dutch Highlands<\/strong><\/p>\n\n\n\n<p>ojciec: <strong>Joulumaan Kuunkajo<\/strong><\/p>\n\n\n\n<figure class=\"wp-block-table\"><table class=\"\"><tbody><tr><td>data urodzenia<\/td><td>01.01.2022<\/td><\/tr><tr><td>wzrost<\/td><td>\ufeff<\/td><\/tr><tr><td>waga<\/td><td>&nbsp;30kg<\/td><\/tr><tr><td>HD   A<\/td><td>ED 0\/0<\/td><\/tr><tr><td>MDR1<\/td><td>&nbsp;+\/+<\/td><\/tr><tr><td>DM<\/td><td>N\/N<\/td><\/tr><tr><td>CH<\/td><td>N\/CH<\/td><\/tr><tr><td>DWARF<\/td><td>N\/N<\/td><\/tr><\/tbody><\/table><\/figure>\n\n\n\n<figure class=\"wp-block-image size-large\"><img loading=\"lazy\" decoding=\"async\" width=\"1024\" height=\"761\" src=\"https:\/\/bialy-owczarek.pl\/wp-content\/uploads\/2024\/06\/18\u0430-1024x761.jpg\" alt=\"\" class=\"wp-image-3754\" srcset=\"http:\/\/bialy-owczarek.pl\/wp-content\/uploads\/2024\/06\/18\u0430-1024x761.jpg 1024w, http:\/\/bialy-owczarek.pl\/wp-content\/uploads\/2024\/06\/18\u0430-300x223.jpg 300w, http:\/\/bialy-owczarek.pl\/wp-content\/uploads\/2024\/06\/18\u0430-768x571.jpg 768w, http:\/\/bialy-owczarek.pl\/wp-content\/uploads\/2024\/06\/18\u0430-1536x1141.jpg 1536w, http:\/\/bialy-owczarek.pl\/wp-content\/uploads\/2024\/06\/18\u0430-404x300.jpg 404w, http:\/\/bialy-owczarek.pl\/wp-content\/uploads\/2024\/06\/18\u0430.jpg 2000w\" sizes=\"(max-width: 1024px) 100vw, 1024px\" \/><\/figure>\n\n\n\n<figure class=\"wp-block-image size-large\"><img loading=\"lazy\" decoding=\"async\" width=\"681\" height=\"1024\" src=\"http:\/\/bialy-owczarek.pl\/wp-content\/uploads\/2022\/11\/DSC9201-681x1024.jpg\" alt=\"\" class=\"wp-image-3469\" srcset=\"http:\/\/bialy-owczarek.pl\/wp-content\/uploads\/2022\/11\/DSC9201-681x1024.jpg 681w, http:\/\/bialy-owczarek.pl\/wp-content\/uploads\/2022\/11\/DSC9201-200x300.jpg 200w, http:\/\/bialy-owczarek.pl\/wp-content\/uploads\/2022\/11\/DSC9201-768x1154.jpg 768w, http:\/\/bialy-owczarek.pl\/wp-content\/uploads\/2022\/11\/DSC9201-1022x1536.jpg 1022w, http:\/\/bialy-owczarek.pl\/wp-content\/uploads\/2022\/11\/DSC9201-1363x2048.jpg 1363w, http:\/\/bialy-owczarek.pl\/wp-content\/uploads\/2022\/11\/DSC9201-scaled.jpg 1703w\" sizes=\"(max-width: 681px) 100vw, 681px\" \/><\/figure>\n\n\n\n<p>Walentynka to moja du\u017ca nadzieja na przysz\u0142o\u015b\u0107 hodowli U \u0179r\u00f3d\u0142a. M\u0142oda suka nosi w sobie bardzo ciekawe linie hodowlane. Vally jest suczk\u0105 kt\u00f3ra si\u0119 bardzo harmonijnie rozwija, ma \u015bwietny otwarty charakter i na wystawach te\u017c  odnosi sukcesy.<\/p>\n\n\n\n<figure class=\"wp-block-image size-large\"><img loading=\"lazy\" decoding=\"async\" width=\"1024\" height=\"819\" src=\"http:\/\/bialy-owczarek.pl\/wp-content\/uploads\/2022\/11\/DSC9708-1024x819.jpg\" alt=\"\" class=\"wp-image-3468\" srcset=\"http:\/\/bialy-owczarek.pl\/wp-content\/uploads\/2022\/11\/DSC9708-1024x819.jpg 1024w, http:\/\/bialy-owczarek.pl\/wp-content\/uploads\/2022\/11\/DSC9708-300x240.jpg 300w, http:\/\/bialy-owczarek.pl\/wp-content\/uploads\/2022\/11\/DSC9708-768x614.jpg 768w, http:\/\/bialy-owczarek.pl\/wp-content\/uploads\/2022\/11\/DSC9708-1536x1229.jpg 1536w, http:\/\/bialy-owczarek.pl\/wp-content\/uploads\/2022\/11\/DSC9708-2048x1638.jpg 2048w, http:\/\/bialy-owczarek.pl\/wp-content\/uploads\/2022\/11\/DSC9708-375x300.jpg 375w\" sizes=\"(max-width: 1024px) 100vw, 1024px\" \/><\/figure>\n","protected":false},"excerpt":{"rendered":"<p>Zwyci\u0119zca Polski 2023, Champion Polski, M\u0142odzie\u017cowy Zwyci\u0119zca Klubu 2022, M\u0142odzie\u017cowy Champion Polski Import Belgia matka: Real Thing of Beauty of the Dutch Highlands ojciec: Joulumaan Kuunkajo data urodzenia 01.01.2022 wzrost \ufeff waga &nbsp;30kg HD A ED 0\/0 MDR1 &nbsp;+\/+ DM &hellip; <a href=\"http:\/\/bialy-owczarek.pl\/?page_id=3413\">Continue reading <span class=\"meta-nav\">&rarr;<\/span><\/a><\/p>\n","protected":false},"author":2,"featured_media":0,"parent":0,"menu_order":0,"comment_status":"closed","ping_status":"closed","template":"","meta":{"_monsterinsights_skip_tracking":false,"_monsterinsights_sitenote_active":false,"_monsterinsights_sitenote_note":"","_monsterinsights_sitenote_category":0,"footnotes":""},"_links":{"self":[{"href":"http:\/\/bialy-owczarek.pl\/index.php?rest_route=\/wp\/v2\/pages\/3413"}],"collection":[{"href":"http:\/\/bialy-owczarek.pl\/index.php?rest_route=\/wp\/v2\/pages"}],"about":[{"href":"http:\/\/bialy-owczarek.pl\/index.php?rest_route=\/wp\/v2\/types\/page"}],"author":[{"embeddable":true,"href":"http:\/\/bialy-owczarek.pl\/index.php?rest_route=\/wp\/v2\/users\/2"}],"replies":[{"embeddable":true,"href":"http:\/\/bialy-owczarek.pl\/index.php?rest_route=%2Fwp%2Fv2%2Fcomments&post=3413"}],"version-history":[{"count":9,"href":"http:\/\/bialy-owczarek.pl\/index.php?rest_route=\/wp\/v2\/pages\/3413\/revisions"}],"predecessor-version":[{"id":3755,"href":"http:\/\/bialy-owczarek.pl\/index.php?rest_route=\/wp\/v2\/pages\/3413\/revisions\/3755"}],"wp:attachment":[{"href":"http:\/\/bialy-owczarek.pl\/index.php?rest_route=%2Fwp%2Fv2%2Fmedia&parent=3413"}],"curies":[{"name":"wp","href":"https:\/\/api.w.org\/{rel}","templated":true}]}}