{"id":3408,"date":"2022-08-22T20:16:13","date_gmt":"2022-08-22T20:16:13","guid":{"rendered":"http:\/\/bialy-owczarek.pl\/?page_id=3408"},"modified":"2024-06-14T21:04:07","modified_gmt":"2024-06-14T21:04:07","slug":"sandero-u-zrodla","status":"publish","type":"page","link":"http:\/\/bialy-owczarek.pl\/?page_id=3408","title":{"rendered":"SANDERO U \u0179r\u00f3d\u0142a"},"content":{"rendered":"\n<p><strong>Champion Polski<\/strong>, <strong>M\u0142odzie\u017cowy Champion Polski<\/strong><\/p>\n\n\n\n<figure class=\"wp-block-image size-large is-resized\"><img loading=\"lazy\" decoding=\"async\" src=\"https:\/\/bialy-owczarek.pl\/wp-content\/uploads\/2024\/06\/28-1024x681.jpg\" alt=\"\" class=\"wp-image-3757\" width=\"763\" height=\"507\" srcset=\"http:\/\/bialy-owczarek.pl\/wp-content\/uploads\/2024\/06\/28-1024x681.jpg 1024w, http:\/\/bialy-owczarek.pl\/wp-content\/uploads\/2024\/06\/28-300x200.jpg 300w, http:\/\/bialy-owczarek.pl\/wp-content\/uploads\/2024\/06\/28-768x511.jpg 768w, http:\/\/bialy-owczarek.pl\/wp-content\/uploads\/2024\/06\/28-1536x1022.jpg 1536w, http:\/\/bialy-owczarek.pl\/wp-content\/uploads\/2024\/06\/28-2048x1362.jpg 2048w, http:\/\/bialy-owczarek.pl\/wp-content\/uploads\/2024\/06\/28-451x300.jpg 451w\" sizes=\"(max-width: 763px) 100vw, 763px\" \/><\/figure>\n\n\n\n<p>matka: Ch Pl, Ch Veteran PL, M\u0142. CH PL OLYA de la Prolingea<\/p>\n\n\n\n<p>ojciec: White Dream Team VIKING VIGGO<\/p>\n\n\n\n<figure class=\"wp-block-table\"><table class=\"\"><tbody><tr><td>data urodzenia<\/td><td>06.04.2022<\/td><\/tr><tr><td>wzrost<\/td><td>60cm<\/td><\/tr><tr><td>waga<\/td><td>&nbsp;36kg<\/td><\/tr><tr><td>HD  A<\/td><td>ED  0\/0<\/td><\/tr><tr><td>MDR1<\/td><td>&nbsp;N\/N<\/td><\/tr><tr><td>DM<\/td><td>N\/N<\/td><\/tr><tr><td>CH<\/td><td>N\/N<\/td><\/tr><tr><td>DWARF<\/td><td>N\/N<\/td><\/tr><\/tbody><\/table><\/figure>\n\n\n\n<figure class=\"wp-block-image size-large is-resized\"><img loading=\"lazy\" decoding=\"async\" src=\"https:\/\/bialy-owczarek.pl\/wp-content\/uploads\/2024\/06\/30-1024x683.jpg\" alt=\"\" class=\"wp-image-3758\" width=\"792\" height=\"527\" srcset=\"http:\/\/bialy-owczarek.pl\/wp-content\/uploads\/2024\/06\/30-1024x683.jpg 1024w, http:\/\/bialy-owczarek.pl\/wp-content\/uploads\/2024\/06\/30-300x200.jpg 300w, http:\/\/bialy-owczarek.pl\/wp-content\/uploads\/2024\/06\/30-768x512.jpg 768w, http:\/\/bialy-owczarek.pl\/wp-content\/uploads\/2024\/06\/30-1536x1024.jpg 1536w, http:\/\/bialy-owczarek.pl\/wp-content\/uploads\/2024\/06\/30-2048x1365.jpg 2048w, http:\/\/bialy-owczarek.pl\/wp-content\/uploads\/2024\/06\/30-450x300.jpg 450w\" sizes=\"(max-width: 792px) 100vw, 792px\" \/><\/figure>\n\n\n\n<p>Sandero jest reproduktorem z naszej hodowli, jego matka to Champion Polski Olya de la Prolingea. Jest to pies o typowym charakterze Bia\u0142ego Owczarka Szwajcarskiego, bardzo skupiony na swoim cz\u0142owieku, ch\u0119tny do wsp\u00f3\u0142pracy i zabawy. Sandero ma bardzo samcz\u0105 g\u0142ow\u0119, harmonijny ruch i poprawn\u0105 mocn\u0105 budow\u0119.<\/p>\n\n\n\n<figure class=\"wp-block-image size-large is-resized\"><img loading=\"lazy\" decoding=\"async\" src=\"http:\/\/bialy-owczarek.pl\/wp-content\/uploads\/2023\/12\/p\u0105czek-4951-1024x819.jpg\" alt=\"\" class=\"wp-image-3663\" width=\"792\" height=\"633\" srcset=\"http:\/\/bialy-owczarek.pl\/wp-content\/uploads\/2023\/12\/p\u0105czek-4951-1024x819.jpg 1024w, http:\/\/bialy-owczarek.pl\/wp-content\/uploads\/2023\/12\/p\u0105czek-4951-300x240.jpg 300w, http:\/\/bialy-owczarek.pl\/wp-content\/uploads\/2023\/12\/p\u0105czek-4951-768x614.jpg 768w, http:\/\/bialy-owczarek.pl\/wp-content\/uploads\/2023\/12\/p\u0105czek-4951-1536x1229.jpg 1536w, http:\/\/bialy-owczarek.pl\/wp-content\/uploads\/2023\/12\/p\u0105czek-4951-2048x1639.jpg 2048w, http:\/\/bialy-owczarek.pl\/wp-content\/uploads\/2023\/12\/p\u0105czek-4951-375x300.jpg 375w\" sizes=\"(max-width: 792px) 100vw, 792px\" \/><\/figure>\n\n\n\n<figure class=\"wp-block-image size-large is-resized\"><img loading=\"lazy\" decoding=\"async\" src=\"http:\/\/bialy-owczarek.pl\/wp-content\/uploads\/2023\/12\/p\u0105czek-5089-1-1024x1024.jpg\" alt=\"\" class=\"wp-image-3691\" width=\"797\" height=\"797\" srcset=\"http:\/\/bialy-owczarek.pl\/wp-content\/uploads\/2023\/12\/p\u0105czek-5089-1-1024x1024.jpg 1024w, http:\/\/bialy-owczarek.pl\/wp-content\/uploads\/2023\/12\/p\u0105czek-5089-1-300x300.jpg 300w, http:\/\/bialy-owczarek.pl\/wp-content\/uploads\/2023\/12\/p\u0105czek-5089-1-145x145.jpg 145w, http:\/\/bialy-owczarek.pl\/wp-content\/uploads\/2023\/12\/p\u0105czek-5089-1-768x768.jpg 768w, http:\/\/bialy-owczarek.pl\/wp-content\/uploads\/2023\/12\/p\u0105czek-5089-1-1536x1536.jpg 1536w, http:\/\/bialy-owczarek.pl\/wp-content\/uploads\/2023\/12\/p\u0105czek-5089-1-2048x2048.jpg 2048w\" sizes=\"(max-width: 797px) 100vw, 797px\" \/><\/figure>\n","protected":false},"excerpt":{"rendered":"<p>Champion Polski, M\u0142odzie\u017cowy Champion Polski matka: Ch Pl, Ch Veteran PL, M\u0142. CH PL OLYA de la Prolingea ojciec: White Dream Team VIKING VIGGO data urodzenia 06.04.2022 wzrost 60cm waga &nbsp;36kg HD A ED 0\/0 MDR1 &nbsp;N\/N DM N\/N CH &hellip; <a href=\"http:\/\/bialy-owczarek.pl\/?page_id=3408\">Continue reading <span class=\"meta-nav\">&rarr;<\/span><\/a><\/p>\n","protected":false},"author":2,"featured_media":0,"parent":0,"menu_order":0,"comment_status":"closed","ping_status":"closed","template":"","meta":{"_monsterinsights_skip_tracking":false,"_monsterinsights_sitenote_active":false,"_monsterinsights_sitenote_note":"","_monsterinsights_sitenote_category":0,"footnotes":""},"_links":{"self":[{"href":"http:\/\/bialy-owczarek.pl\/index.php?rest_route=\/wp\/v2\/pages\/3408"}],"collection":[{"href":"http:\/\/bialy-owczarek.pl\/index.php?rest_route=\/wp\/v2\/pages"}],"about":[{"href":"http:\/\/bialy-owczarek.pl\/index.php?rest_route=\/wp\/v2\/types\/page"}],"author":[{"embeddable":true,"href":"http:\/\/bialy-owczarek.pl\/index.php?rest_route=\/wp\/v2\/users\/2"}],"replies":[{"embeddable":true,"href":"http:\/\/bialy-owczarek.pl\/index.php?rest_route=%2Fwp%2Fv2%2Fcomments&post=3408"}],"version-history":[{"count":10,"href":"http:\/\/bialy-owczarek.pl\/index.php?rest_route=\/wp\/v2\/pages\/3408\/revisions"}],"predecessor-version":[{"id":3761,"href":"http:\/\/bialy-owczarek.pl\/index.php?rest_route=\/wp\/v2\/pages\/3408\/revisions\/3761"}],"wp:attachment":[{"href":"http:\/\/bialy-owczarek.pl\/index.php?rest_route=%2Fwp%2Fv2%2Fmedia&parent=3408"}],"curies":[{"name":"wp","href":"https:\/\/api.w.org\/{rel}","templated":true}]}}