{"id":3280,"date":"2022-01-03T20:55:12","date_gmt":"2022-01-03T20:55:12","guid":{"rendered":"http:\/\/bialy-owczarek.pl\/?page_id=3280"},"modified":"2022-01-03T20:55:13","modified_gmt":"2022-01-03T20:55:13","slug":"miot-r","status":"publish","type":"page","link":"http:\/\/bialy-owczarek.pl\/?page_id=3280","title":{"rendered":"Miot R"},"content":{"rendered":"\n<figure class=\"wp-block-image size-large\"><img loading=\"lazy\" decoding=\"async\" width=\"1024\" height=\"768\" src=\"http:\/\/bialy-owczarek.pl\/wp-content\/uploads\/2022\/01\/IMG_3459-1024x768.jpg\" alt=\"\" class=\"wp-image-3281\" srcset=\"http:\/\/bialy-owczarek.pl\/wp-content\/uploads\/2022\/01\/IMG_3459-1024x768.jpg 1024w, http:\/\/bialy-owczarek.pl\/wp-content\/uploads\/2022\/01\/IMG_3459-300x225.jpg 300w, http:\/\/bialy-owczarek.pl\/wp-content\/uploads\/2022\/01\/IMG_3459-768x576.jpg 768w, http:\/\/bialy-owczarek.pl\/wp-content\/uploads\/2022\/01\/IMG_3459-1536x1152.jpg 1536w, http:\/\/bialy-owczarek.pl\/wp-content\/uploads\/2022\/01\/IMG_3459-2048x1536.jpg 2048w, http:\/\/bialy-owczarek.pl\/wp-content\/uploads\/2022\/01\/IMG_3459-400x300.jpg 400w\" sizes=\"(max-width: 1024px) 100vw, 1024px\" \/><\/figure>\n\n\n\n<p>Maluchy z miotu R urodzi\u0142y si\u0119  21. Pa\u017adziernika 2021. Na \u015bwiat przysz\u0142o 2 samc\u00f3w i 5 suczek. Na imi\u0119 dostali Rosa, Rewelka, Ramona, Ronja, Runa, Rebis i Rin Tin Tin. Ich matka to nasza sprawdzona suka hodowlana P\u2019Poppy Rose a ojcem zosta\u0142  pi\u0119kny kr\u00f3tkow\u0142osego reproduktor Blaidd Gwyn Crispy Crunch. W tym miocie s\u0105 d\u0142ugow\u0142ose i kr\u00f3tkow\u0142ose szczeni\u0119ta.<\/p>\n\n\n","protected":false},"excerpt":{"rendered":"<p>Maluchy z miotu R urodzi\u0142y si\u0119 21. Pa\u017adziernika 2021. Na \u015bwiat przysz\u0142o 2 samc\u00f3w i 5 suczek. Na imi\u0119 dostali Rosa, Rewelka, Ramona, Ronja, Runa, Rebis i Rin Tin Tin. Ich matka to nasza sprawdzona suka hodowlana P\u2019Poppy Rose a &hellip; <a href=\"http:\/\/bialy-owczarek.pl\/?page_id=3280\">Continue reading <span class=\"meta-nav\">&rarr;<\/span><\/a><\/p>\n","protected":false},"author":2,"featured_media":0,"parent":0,"menu_order":0,"comment_status":"closed","ping_status":"closed","template":"","meta":{"_monsterinsights_skip_tracking":false,"_monsterinsights_sitenote_active":false,"_monsterinsights_sitenote_note":"","_monsterinsights_sitenote_category":0,"footnotes":""},"_links":{"self":[{"href":"http:\/\/bialy-owczarek.pl\/index.php?rest_route=\/wp\/v2\/pages\/3280"}],"collection":[{"href":"http:\/\/bialy-owczarek.pl\/index.php?rest_route=\/wp\/v2\/pages"}],"about":[{"href":"http:\/\/bialy-owczarek.pl\/index.php?rest_route=\/wp\/v2\/types\/page"}],"author":[{"embeddable":true,"href":"http:\/\/bialy-owczarek.pl\/index.php?rest_route=\/wp\/v2\/users\/2"}],"replies":[{"embeddable":true,"href":"http:\/\/bialy-owczarek.pl\/index.php?rest_route=%2Fwp%2Fv2%2Fcomments&post=3280"}],"version-history":[{"count":1,"href":"http:\/\/bialy-owczarek.pl\/index.php?rest_route=\/wp\/v2\/pages\/3280\/revisions"}],"predecessor-version":[{"id":3283,"href":"http:\/\/bialy-owczarek.pl\/index.php?rest_route=\/wp\/v2\/pages\/3280\/revisions\/3283"}],"wp:attachment":[{"href":"http:\/\/bialy-owczarek.pl\/index.php?rest_route=%2Fwp%2Fv2%2Fmedia&parent=3280"}],"curies":[{"name":"wp","href":"https:\/\/api.w.org\/{rel}","templated":true}]}}