{"id":3186,"date":"2021-08-08T19:13:39","date_gmt":"2021-08-08T19:13:39","guid":{"rendered":"http:\/\/bialy-owczarek.pl\/?page_id=3186"},"modified":"2021-08-08T19:42:22","modified_gmt":"2021-08-08T19:42:22","slug":"kaprys-u-zrodla","status":"publish","type":"page","link":"http:\/\/bialy-owczarek.pl\/?page_id=3186","title":{"rendered":"KAPRYS U \u0179r\u00f3d\u0142a"},"content":{"rendered":"\n<figure class=\"wp-block-image size-large\"><img loading=\"lazy\" decoding=\"async\" width=\"900\" height=\"600\" src=\"http:\/\/bialy-owczarek.pl\/wp-content\/uploads\/2021\/08\/IMG_0285.jpg\" alt=\"\" class=\"wp-image-3188\" srcset=\"http:\/\/bialy-owczarek.pl\/wp-content\/uploads\/2021\/08\/IMG_0285.jpg 900w, http:\/\/bialy-owczarek.pl\/wp-content\/uploads\/2021\/08\/IMG_0285-300x200.jpg 300w, http:\/\/bialy-owczarek.pl\/wp-content\/uploads\/2021\/08\/IMG_0285-768x512.jpg 768w, http:\/\/bialy-owczarek.pl\/wp-content\/uploads\/2021\/08\/IMG_0285-450x300.jpg 450w\" sizes=\"(max-width: 900px) 100vw, 900px\" \/><\/figure>\n\n\n\n<p>matka: P&#8217;Poppy Rose<\/p>\n\n\n\n<p>ojciec:  JARI JEWAR of the Heart of Lothian <\/p>\n\n\n\n<figure class=\"wp-block-table\"><table class=\"\"><tbody><tr><td>data urodzenia<\/td><td>24.03.2019<\/td><\/tr><tr><td>wzrost<\/td><td>\ufeff<\/td><\/tr><tr><td>waga<\/td><td>&nbsp;kg<\/td><\/tr><tr><td>HD  A<\/td><td>ED  0\/0<\/td><\/tr><tr><td>MDR1<\/td><td>&nbsp;+\/+<\/td><\/tr><tr><td>DM<\/td><td>N\/DM<\/td><\/tr><tr><td>\ufeff<\/td><td><br> <\/td><\/tr><\/tbody><\/table><\/figure>\n\n\n\n<p>Pi\u0119kny, mocny samiec kr\u00f3tkow\u0142osy o wspania\u0142ym charakterze.<\/p>\n\n\n\n<p>W\u0142a\u015bciciel: \u0141ukasz Wi\u015bniewski<\/p>\n\n\n\n<figure class=\"wp-block-gallery columns-3 is-cropped wp-block-gallery-1 is-layout-flex wp-block-gallery-is-layout-flex\"><ul class=\"blocks-gallery-grid\"><li class=\"blocks-gallery-item\"><figure><img loading=\"lazy\" decoding=\"async\" width=\"900\" height=\"600\" src=\"http:\/\/bialy-owczarek.pl\/wp-content\/uploads\/2021\/08\/IMG_0132.jpg\" alt=\"\" data-id=\"3209\" data-full-url=\"http:\/\/bialy-owczarek.pl\/wp-content\/uploads\/2021\/08\/IMG_0132.jpg\" data-link=\"http:\/\/bialy-owczarek.pl\/?attachment_id=3209\" class=\"wp-image-3209\" srcset=\"http:\/\/bialy-owczarek.pl\/wp-content\/uploads\/2021\/08\/IMG_0132.jpg 900w, http:\/\/bialy-owczarek.pl\/wp-content\/uploads\/2021\/08\/IMG_0132-300x200.jpg 300w, http:\/\/bialy-owczarek.pl\/wp-content\/uploads\/2021\/08\/IMG_0132-768x512.jpg 768w, http:\/\/bialy-owczarek.pl\/wp-content\/uploads\/2021\/08\/IMG_0132-450x300.jpg 450w\" sizes=\"(max-width: 900px) 100vw, 900px\" \/><\/figure><\/li><li class=\"blocks-gallery-item\"><figure><img loading=\"lazy\" decoding=\"async\" width=\"800\" height=\"600\" src=\"http:\/\/bialy-owczarek.pl\/wp-content\/uploads\/2021\/08\/IMG_0178.jpg\" alt=\"\" data-id=\"3210\" data-full-url=\"http:\/\/bialy-owczarek.pl\/wp-content\/uploads\/2021\/08\/IMG_0178.jpg\" data-link=\"http:\/\/bialy-owczarek.pl\/?attachment_id=3210\" class=\"wp-image-3210\" srcset=\"http:\/\/bialy-owczarek.pl\/wp-content\/uploads\/2021\/08\/IMG_0178.jpg 800w, http:\/\/bialy-owczarek.pl\/wp-content\/uploads\/2021\/08\/IMG_0178-300x225.jpg 300w, http:\/\/bialy-owczarek.pl\/wp-content\/uploads\/2021\/08\/IMG_0178-768x576.jpg 768w, http:\/\/bialy-owczarek.pl\/wp-content\/uploads\/2021\/08\/IMG_0178-400x300.jpg 400w\" sizes=\"(max-width: 800px) 100vw, 800px\" \/><\/figure><\/li><li class=\"blocks-gallery-item\"><figure><img loading=\"lazy\" decoding=\"async\" width=\"900\" height=\"600\" src=\"http:\/\/bialy-owczarek.pl\/wp-content\/uploads\/2021\/08\/IMG_0236.jpg\" alt=\"\" data-id=\"3211\" data-full-url=\"http:\/\/bialy-owczarek.pl\/wp-content\/uploads\/2021\/08\/IMG_0236.jpg\" data-link=\"http:\/\/bialy-owczarek.pl\/?attachment_id=3211\" class=\"wp-image-3211\" srcset=\"http:\/\/bialy-owczarek.pl\/wp-content\/uploads\/2021\/08\/IMG_0236.jpg 900w, http:\/\/bialy-owczarek.pl\/wp-content\/uploads\/2021\/08\/IMG_0236-300x200.jpg 300w, http:\/\/bialy-owczarek.pl\/wp-content\/uploads\/2021\/08\/IMG_0236-768x512.jpg 768w, http:\/\/bialy-owczarek.pl\/wp-content\/uploads\/2021\/08\/IMG_0236-450x300.jpg 450w\" sizes=\"(max-width: 900px) 100vw, 900px\" \/><\/figure><\/li><\/ul><\/figure>\n","protected":false},"excerpt":{"rendered":"<p>matka: P&#8217;Poppy Rose ojciec: JARI JEWAR of the Heart of Lothian data urodzenia 24.03.2019 wzrost \ufeff waga &nbsp;kg HD A ED 0\/0 MDR1 &nbsp;+\/+ DM N\/DM \ufeff Pi\u0119kny, mocny samiec kr\u00f3tkow\u0142osy o wspania\u0142ym charakterze. W\u0142a\u015bciciel: \u0141ukasz Wi\u015bniewski<\/p>\n","protected":false},"author":2,"featured_media":0,"parent":0,"menu_order":0,"comment_status":"closed","ping_status":"closed","template":"","meta":{"_monsterinsights_skip_tracking":false,"_monsterinsights_sitenote_active":false,"_monsterinsights_sitenote_note":"","_monsterinsights_sitenote_category":0,"footnotes":""},"_links":{"self":[{"href":"http:\/\/bialy-owczarek.pl\/index.php?rest_route=\/wp\/v2\/pages\/3186"}],"collection":[{"href":"http:\/\/bialy-owczarek.pl\/index.php?rest_route=\/wp\/v2\/pages"}],"about":[{"href":"http:\/\/bialy-owczarek.pl\/index.php?rest_route=\/wp\/v2\/types\/page"}],"author":[{"embeddable":true,"href":"http:\/\/bialy-owczarek.pl\/index.php?rest_route=\/wp\/v2\/users\/2"}],"replies":[{"embeddable":true,"href":"http:\/\/bialy-owczarek.pl\/index.php?rest_route=%2Fwp%2Fv2%2Fcomments&post=3186"}],"version-history":[{"count":3,"href":"http:\/\/bialy-owczarek.pl\/index.php?rest_route=\/wp\/v2\/pages\/3186\/revisions"}],"predecessor-version":[{"id":3212,"href":"http:\/\/bialy-owczarek.pl\/index.php?rest_route=\/wp\/v2\/pages\/3186\/revisions\/3212"}],"wp:attachment":[{"href":"http:\/\/bialy-owczarek.pl\/index.php?rest_route=%2Fwp%2Fv2%2Fmedia&parent=3186"}],"curies":[{"name":"wp","href":"https:\/\/api.w.org\/{rel}","templated":true}]}}