{"id":3002,"date":"2020-02-21T17:16:38","date_gmt":"2020-02-21T17:16:38","guid":{"rendered":"http:\/\/bialy-owczarek.pl\/?page_id=3002"},"modified":"2020-02-21T17:16:38","modified_gmt":"2020-02-21T17:16:38","slug":"miot-n","status":"publish","type":"page","link":"http:\/\/bialy-owczarek.pl\/?page_id=3002","title":{"rendered":"Miot N"},"content":{"rendered":"\n<p>Nasz miot N urodzi\u0142 si\u0119 14.02.2020, mamy jedn\u0105 suczk\u0119 i cztery pieski.<\/p>\n\n\n\n<p>Rodzicami zostali nasza suka hodowlana Champion Polski Olya de la Prolingea i zagraniczny reproduktor Flyn of Aiwak\u00b4s Paradise.<\/p>\n\n\n\n<p>Wszystkie szczeniaki b\u0119d\u0105 d\u0142ugow\u0142ose.<\/p>\n\n\n\n<figure class=\"wp-block-image size-large\"><img loading=\"lazy\" decoding=\"async\" width=\"1024\" height=\"683\" src=\"http:\/\/bialy-owczarek.pl\/wp-content\/uploads\/2020\/02\/DSC02460-1-1024x683.jpg\" alt=\"\" class=\"wp-image-3003\" srcset=\"http:\/\/bialy-owczarek.pl\/wp-content\/uploads\/2020\/02\/DSC02460-1-1024x683.jpg 1024w, http:\/\/bialy-owczarek.pl\/wp-content\/uploads\/2020\/02\/DSC02460-1-300x200.jpg 300w, http:\/\/bialy-owczarek.pl\/wp-content\/uploads\/2020\/02\/DSC02460-1-768x512.jpg 768w, http:\/\/bialy-owczarek.pl\/wp-content\/uploads\/2020\/02\/DSC02460-1-1536x1024.jpg 1536w, http:\/\/bialy-owczarek.pl\/wp-content\/uploads\/2020\/02\/DSC02460-1-2048x1365.jpg 2048w, http:\/\/bialy-owczarek.pl\/wp-content\/uploads\/2020\/02\/DSC02460-1-450x300.jpg 450w\" sizes=\"(max-width: 1024px) 100vw, 1024px\" \/><\/figure>\n\n\n\n<figure class=\"wp-block-image size-large\"><img loading=\"lazy\" decoding=\"async\" width=\"683\" height=\"1024\" src=\"http:\/\/bialy-owczarek.pl\/wp-content\/uploads\/2020\/01\/graf-N-683x1024.jpg\" alt=\"\" class=\"wp-image-2949\" srcset=\"http:\/\/bialy-owczarek.pl\/wp-content\/uploads\/2020\/01\/graf-N-683x1024.jpg 683w, http:\/\/bialy-owczarek.pl\/wp-content\/uploads\/2020\/01\/graf-N-200x300.jpg 200w, http:\/\/bialy-owczarek.pl\/wp-content\/uploads\/2020\/01\/graf-N-768x1152.jpg 768w, http:\/\/bialy-owczarek.pl\/wp-content\/uploads\/2020\/01\/graf-N.jpg 1267w\" sizes=\"(max-width: 683px) 100vw, 683px\" \/><\/figure>\n","protected":false},"excerpt":{"rendered":"<p>Nasz miot N urodzi\u0142 si\u0119 14.02.2020, mamy jedn\u0105 suczk\u0119 i cztery pieski. Rodzicami zostali nasza suka hodowlana Champion Polski Olya de la Prolingea i zagraniczny reproduktor Flyn of Aiwak\u00b4s Paradise. Wszystkie szczeniaki b\u0119d\u0105 d\u0142ugow\u0142ose.<\/p>\n","protected":false},"author":2,"featured_media":0,"parent":0,"menu_order":0,"comment_status":"closed","ping_status":"closed","template":"","meta":{"_monsterinsights_skip_tracking":false,"_monsterinsights_sitenote_active":false,"_monsterinsights_sitenote_note":"","_monsterinsights_sitenote_category":0,"footnotes":""},"_links":{"self":[{"href":"http:\/\/bialy-owczarek.pl\/index.php?rest_route=\/wp\/v2\/pages\/3002"}],"collection":[{"href":"http:\/\/bialy-owczarek.pl\/index.php?rest_route=\/wp\/v2\/pages"}],"about":[{"href":"http:\/\/bialy-owczarek.pl\/index.php?rest_route=\/wp\/v2\/types\/page"}],"author":[{"embeddable":true,"href":"http:\/\/bialy-owczarek.pl\/index.php?rest_route=\/wp\/v2\/users\/2"}],"replies":[{"embeddable":true,"href":"http:\/\/bialy-owczarek.pl\/index.php?rest_route=%2Fwp%2Fv2%2Fcomments&post=3002"}],"version-history":[{"count":1,"href":"http:\/\/bialy-owczarek.pl\/index.php?rest_route=\/wp\/v2\/pages\/3002\/revisions"}],"predecessor-version":[{"id":3004,"href":"http:\/\/bialy-owczarek.pl\/index.php?rest_route=\/wp\/v2\/pages\/3002\/revisions\/3004"}],"wp:attachment":[{"href":"http:\/\/bialy-owczarek.pl\/index.php?rest_route=%2Fwp%2Fv2%2Fmedia&parent=3002"}],"curies":[{"name":"wp","href":"https:\/\/api.w.org\/{rel}","templated":true}]}}