{"id":2965,"date":"2020-01-12T19:07:41","date_gmt":"2020-01-12T19:07:41","guid":{"rendered":"http:\/\/bialy-owczarek.pl\/?page_id=2965"},"modified":"2022-04-28T20:45:23","modified_gmt":"2022-04-28T20:45:23","slug":"good-girl-wanda-atagora","status":"publish","type":"page","link":"http:\/\/bialy-owczarek.pl\/?page_id=2965","title":{"rendered":"Good Girl Wanda Atagora"},"content":{"rendered":"\n<figure class=\"wp-block-image size-large\"><img loading=\"lazy\" decoding=\"async\" width=\"1024\" height=\"707\" src=\"http:\/\/bialy-owczarek.pl\/wp-content\/uploads\/2022\/04\/DSC08954-1024x707.jpg\" alt=\"\" class=\"wp-image-3366\" srcset=\"http:\/\/bialy-owczarek.pl\/wp-content\/uploads\/2022\/04\/DSC08954-1024x707.jpg 1024w, http:\/\/bialy-owczarek.pl\/wp-content\/uploads\/2022\/04\/DSC08954-300x207.jpg 300w, http:\/\/bialy-owczarek.pl\/wp-content\/uploads\/2022\/04\/DSC08954-768x530.jpg 768w, http:\/\/bialy-owczarek.pl\/wp-content\/uploads\/2022\/04\/DSC08954-1536x1061.jpg 1536w, http:\/\/bialy-owczarek.pl\/wp-content\/uploads\/2022\/04\/DSC08954-2048x1414.jpg 2048w, http:\/\/bialy-owczarek.pl\/wp-content\/uploads\/2022\/04\/DSC08954-435x300.jpg 435w\" sizes=\"(max-width: 1024px) 100vw, 1024px\" \/><\/figure>\n\n\n\n<p>Import <strong>Czechy<\/strong><\/p>\n\n\n\n<p>Matka: <strong>Candlemas Lady Atagora<\/strong>&nbsp;<\/p>\n\n\n\n<p>Ojciec: <strong>KODA z Blatensk\u00fdch luk<\/strong><\/p>\n\n\n\n<figure class=\"wp-block-table\"><table class=\"\"><tbody><tr><td>data urodzenia<\/td><td>05.10.2019<\/td><\/tr><tr><td>wzrost<\/td><td>56cm<\/td><\/tr><tr><td>waga<\/td><td>\u00a030kg<\/td><\/tr><tr><td>HD                A<\/td><td>ED   0\/0<\/td><\/tr><tr><td>MDR1<\/td><td>&nbsp;+\/+<\/td><\/tr><tr><td>DM<\/td><td>&nbsp;N\/N<\/td><\/tr><\/tbody><\/table><\/figure>\n\n\n\n<figure class=\"wp-block-gallery columns-3 is-cropped wp-block-gallery-1 is-layout-flex wp-block-gallery-is-layout-flex\"><ul class=\"blocks-gallery-grid\"><li class=\"blocks-gallery-item\"><figure><img loading=\"lazy\" decoding=\"async\" width=\"1024\" height=\"683\" src=\"http:\/\/bialy-owczarek.pl\/wp-content\/uploads\/2020\/06\/DSC07227-1024x683.jpg\" alt=\"\" data-id=\"3054\" data-link=\"http:\/\/bialy-owczarek.pl\/?attachment_id=3054\" class=\"wp-image-3054\" srcset=\"http:\/\/bialy-owczarek.pl\/wp-content\/uploads\/2020\/06\/DSC07227-1024x683.jpg 1024w, http:\/\/bialy-owczarek.pl\/wp-content\/uploads\/2020\/06\/DSC07227-300x200.jpg 300w, http:\/\/bialy-owczarek.pl\/wp-content\/uploads\/2020\/06\/DSC07227-768x512.jpg 768w, http:\/\/bialy-owczarek.pl\/wp-content\/uploads\/2020\/06\/DSC07227-1536x1024.jpg 1536w, http:\/\/bialy-owczarek.pl\/wp-content\/uploads\/2020\/06\/DSC07227-2048x1365.jpg 2048w, http:\/\/bialy-owczarek.pl\/wp-content\/uploads\/2020\/06\/DSC07227-450x300.jpg 450w\" sizes=\"(max-width: 1024px) 100vw, 1024px\" \/><\/figure><\/li><li class=\"blocks-gallery-item\"><figure><img loading=\"lazy\" decoding=\"async\" width=\"1024\" height=\"683\" src=\"http:\/\/bialy-owczarek.pl\/wp-content\/uploads\/2020\/06\/DSC07248-1-1024x683.jpg\" alt=\"\" data-id=\"3058\" data-link=\"http:\/\/bialy-owczarek.pl\/?attachment_id=3058\" class=\"wp-image-3058\" srcset=\"http:\/\/bialy-owczarek.pl\/wp-content\/uploads\/2020\/06\/DSC07248-1-1024x683.jpg 1024w, http:\/\/bialy-owczarek.pl\/wp-content\/uploads\/2020\/06\/DSC07248-1-300x200.jpg 300w, http:\/\/bialy-owczarek.pl\/wp-content\/uploads\/2020\/06\/DSC07248-1-768x512.jpg 768w, http:\/\/bialy-owczarek.pl\/wp-content\/uploads\/2020\/06\/DSC07248-1-1536x1024.jpg 1536w, http:\/\/bialy-owczarek.pl\/wp-content\/uploads\/2020\/06\/DSC07248-1-2048x1365.jpg 2048w, http:\/\/bialy-owczarek.pl\/wp-content\/uploads\/2020\/06\/DSC07248-1-450x300.jpg 450w\" sizes=\"(max-width: 1024px) 100vw, 1024px\" \/><\/figure><\/li><li class=\"blocks-gallery-item\"><figure><img loading=\"lazy\" decoding=\"async\" width=\"1024\" height=\"683\" src=\"http:\/\/bialy-owczarek.pl\/wp-content\/uploads\/2020\/06\/DSC07273-1024x683.jpg\" alt=\"\" data-id=\"3059\" data-link=\"http:\/\/bialy-owczarek.pl\/?attachment_id=3059\" class=\"wp-image-3059\" srcset=\"http:\/\/bialy-owczarek.pl\/wp-content\/uploads\/2020\/06\/DSC07273-1024x683.jpg 1024w, http:\/\/bialy-owczarek.pl\/wp-content\/uploads\/2020\/06\/DSC07273-300x200.jpg 300w, http:\/\/bialy-owczarek.pl\/wp-content\/uploads\/2020\/06\/DSC07273-768x512.jpg 768w, http:\/\/bialy-owczarek.pl\/wp-content\/uploads\/2020\/06\/DSC07273-1536x1024.jpg 1536w, http:\/\/bialy-owczarek.pl\/wp-content\/uploads\/2020\/06\/DSC07273-2048x1365.jpg 2048w, http:\/\/bialy-owczarek.pl\/wp-content\/uploads\/2020\/06\/DSC07273-450x300.jpg 450w\" sizes=\"(max-width: 1024px) 100vw, 1024px\" \/><\/figure><\/li><li class=\"blocks-gallery-item\"><figure><img loading=\"lazy\" decoding=\"async\" width=\"1024\" height=\"724\" src=\"http:\/\/bialy-owczarek.pl\/wp-content\/uploads\/2022\/04\/DSC08548-1024x724.jpg\" alt=\"\" data-id=\"3367\" data-link=\"http:\/\/bialy-owczarek.pl\/?attachment_id=3367\" class=\"wp-image-3367\" srcset=\"http:\/\/bialy-owczarek.pl\/wp-content\/uploads\/2022\/04\/DSC08548-1024x724.jpg 1024w, http:\/\/bialy-owczarek.pl\/wp-content\/uploads\/2022\/04\/DSC08548-300x212.jpg 300w, http:\/\/bialy-owczarek.pl\/wp-content\/uploads\/2022\/04\/DSC08548-768x543.jpg 768w, http:\/\/bialy-owczarek.pl\/wp-content\/uploads\/2022\/04\/DSC08548-1536x1086.jpg 1536w, http:\/\/bialy-owczarek.pl\/wp-content\/uploads\/2022\/04\/DSC08548-2048x1448.jpg 2048w, http:\/\/bialy-owczarek.pl\/wp-content\/uploads\/2022\/04\/DSC08548-424x300.jpg 424w\" sizes=\"(max-width: 1024px) 100vw, 1024px\" \/><\/figure><\/li><li class=\"blocks-gallery-item\"><figure><img loading=\"lazy\" decoding=\"async\" width=\"683\" height=\"1024\" src=\"http:\/\/bialy-owczarek.pl\/wp-content\/uploads\/2022\/04\/DSC08573-683x1024.jpg\" alt=\"\" data-id=\"3369\" data-full-url=\"http:\/\/bialy-owczarek.pl\/wp-content\/uploads\/2022\/04\/DSC08573-scaled.jpg\" data-link=\"http:\/\/bialy-owczarek.pl\/?attachment_id=3369\" class=\"wp-image-3369\" srcset=\"http:\/\/bialy-owczarek.pl\/wp-content\/uploads\/2022\/04\/DSC08573-683x1024.jpg 683w, http:\/\/bialy-owczarek.pl\/wp-content\/uploads\/2022\/04\/DSC08573-200x300.jpg 200w, http:\/\/bialy-owczarek.pl\/wp-content\/uploads\/2022\/04\/DSC08573-768x1152.jpg 768w, http:\/\/bialy-owczarek.pl\/wp-content\/uploads\/2022\/04\/DSC08573-1024x1536.jpg 1024w, http:\/\/bialy-owczarek.pl\/wp-content\/uploads\/2022\/04\/DSC08573-1365x2048.jpg 1365w, http:\/\/bialy-owczarek.pl\/wp-content\/uploads\/2022\/04\/DSC08573-scaled.jpg 1707w\" sizes=\"(max-width: 683px) 100vw, 683px\" \/><\/figure><\/li><li class=\"blocks-gallery-item\"><figure><img loading=\"lazy\" decoding=\"async\" width=\"1024\" height=\"1017\" src=\"http:\/\/bialy-owczarek.pl\/wp-content\/uploads\/2022\/04\/DSC08651-1024x1017.jpg\" alt=\"\" data-id=\"3370\" data-full-url=\"http:\/\/bialy-owczarek.pl\/wp-content\/uploads\/2022\/04\/DSC08651-scaled.jpg\" data-link=\"http:\/\/bialy-owczarek.pl\/?attachment_id=3370\" class=\"wp-image-3370\" srcset=\"http:\/\/bialy-owczarek.pl\/wp-content\/uploads\/2022\/04\/DSC08651-1024x1017.jpg 1024w, http:\/\/bialy-owczarek.pl\/wp-content\/uploads\/2022\/04\/DSC08651-300x298.jpg 300w, http:\/\/bialy-owczarek.pl\/wp-content\/uploads\/2022\/04\/DSC08651-145x145.jpg 145w, http:\/\/bialy-owczarek.pl\/wp-content\/uploads\/2022\/04\/DSC08651-768x763.jpg 768w, http:\/\/bialy-owczarek.pl\/wp-content\/uploads\/2022\/04\/DSC08651-1536x1526.jpg 1536w, http:\/\/bialy-owczarek.pl\/wp-content\/uploads\/2022\/04\/DSC08651-2048x2035.jpg 2048w, http:\/\/bialy-owczarek.pl\/wp-content\/uploads\/2022\/04\/DSC08651-302x300.jpg 302w\" sizes=\"(max-width: 1024px) 100vw, 1024px\" \/><\/figure><\/li><li class=\"blocks-gallery-item\"><figure><img loading=\"lazy\" decoding=\"async\" width=\"1024\" height=\"802\" src=\"http:\/\/bialy-owczarek.pl\/wp-content\/uploads\/2022\/04\/DSC08755-1024x802.jpg\" alt=\"\" data-id=\"3371\" data-full-url=\"http:\/\/bialy-owczarek.pl\/wp-content\/uploads\/2022\/04\/DSC08755-scaled.jpg\" data-link=\"http:\/\/bialy-owczarek.pl\/?attachment_id=3371\" class=\"wp-image-3371\" srcset=\"http:\/\/bialy-owczarek.pl\/wp-content\/uploads\/2022\/04\/DSC08755-1024x802.jpg 1024w, http:\/\/bialy-owczarek.pl\/wp-content\/uploads\/2022\/04\/DSC08755-300x235.jpg 300w, http:\/\/bialy-owczarek.pl\/wp-content\/uploads\/2022\/04\/DSC08755-768x602.jpg 768w, http:\/\/bialy-owczarek.pl\/wp-content\/uploads\/2022\/04\/DSC08755-1536x1203.jpg 1536w, http:\/\/bialy-owczarek.pl\/wp-content\/uploads\/2022\/04\/DSC08755-2048x1604.jpg 2048w, http:\/\/bialy-owczarek.pl\/wp-content\/uploads\/2022\/04\/DSC08755-383x300.jpg 383w\" sizes=\"(max-width: 1024px) 100vw, 1024px\" \/><\/figure><\/li><li class=\"blocks-gallery-item\"><figure><img loading=\"lazy\" decoding=\"async\" width=\"882\" height=\"1024\" src=\"http:\/\/bialy-owczarek.pl\/wp-content\/uploads\/2022\/04\/DSC08821-882x1024.jpg\" alt=\"\" data-id=\"3372\" data-full-url=\"http:\/\/bialy-owczarek.pl\/wp-content\/uploads\/2022\/04\/DSC08821.jpg\" data-link=\"http:\/\/bialy-owczarek.pl\/?attachment_id=3372\" class=\"wp-image-3372\" srcset=\"http:\/\/bialy-owczarek.pl\/wp-content\/uploads\/2022\/04\/DSC08821-882x1024.jpg 882w, http:\/\/bialy-owczarek.pl\/wp-content\/uploads\/2022\/04\/DSC08821-259x300.jpg 259w, http:\/\/bialy-owczarek.pl\/wp-content\/uploads\/2022\/04\/DSC08821-768x891.jpg 768w, http:\/\/bialy-owczarek.pl\/wp-content\/uploads\/2022\/04\/DSC08821-1324x1536.jpg 1324w, http:\/\/bialy-owczarek.pl\/wp-content\/uploads\/2022\/04\/DSC08821.jpg 1495w\" sizes=\"(max-width: 882px) 100vw, 882px\" \/><\/figure><\/li><li class=\"blocks-gallery-item\"><figure><img loading=\"lazy\" decoding=\"async\" width=\"983\" height=\"1024\" src=\"http:\/\/bialy-owczarek.pl\/wp-content\/uploads\/2022\/04\/DSC08945-983x1024.jpg\" alt=\"\" data-id=\"3373\" data-full-url=\"http:\/\/bialy-owczarek.pl\/wp-content\/uploads\/2022\/04\/DSC08945-scaled.jpg\" data-link=\"http:\/\/bialy-owczarek.pl\/?attachment_id=3373\" class=\"wp-image-3373\" srcset=\"http:\/\/bialy-owczarek.pl\/wp-content\/uploads\/2022\/04\/DSC08945-983x1024.jpg 983w, http:\/\/bialy-owczarek.pl\/wp-content\/uploads\/2022\/04\/DSC08945-288x300.jpg 288w, http:\/\/bialy-owczarek.pl\/wp-content\/uploads\/2022\/04\/DSC08945-768x800.jpg 768w, http:\/\/bialy-owczarek.pl\/wp-content\/uploads\/2022\/04\/DSC08945-1474x1536.jpg 1474w, http:\/\/bialy-owczarek.pl\/wp-content\/uploads\/2022\/04\/DSC08945-1965x2048.jpg 1965w\" sizes=\"(max-width: 983px) 100vw, 983px\" \/><\/figure><\/li><li class=\"blocks-gallery-item\"><figure><img loading=\"lazy\" decoding=\"async\" width=\"1024\" height=\"683\" src=\"http:\/\/bialy-owczarek.pl\/wp-content\/uploads\/2022\/04\/DSC08986-1-1024x683.jpg\" alt=\"\" data-id=\"3374\" data-full-url=\"http:\/\/bialy-owczarek.pl\/wp-content\/uploads\/2022\/04\/DSC08986-1-scaled.jpg\" data-link=\"http:\/\/bialy-owczarek.pl\/?attachment_id=3374\" class=\"wp-image-3374\" srcset=\"http:\/\/bialy-owczarek.pl\/wp-content\/uploads\/2022\/04\/DSC08986-1-1024x683.jpg 1024w, http:\/\/bialy-owczarek.pl\/wp-content\/uploads\/2022\/04\/DSC08986-1-300x200.jpg 300w, http:\/\/bialy-owczarek.pl\/wp-content\/uploads\/2022\/04\/DSC08986-1-768x512.jpg 768w, http:\/\/bialy-owczarek.pl\/wp-content\/uploads\/2022\/04\/DSC08986-1-1536x1024.jpg 1536w, http:\/\/bialy-owczarek.pl\/wp-content\/uploads\/2022\/04\/DSC08986-1-2048x1365.jpg 2048w, http:\/\/bialy-owczarek.pl\/wp-content\/uploads\/2022\/04\/DSC08986-1-450x300.jpg 450w\" sizes=\"(max-width: 1024px) 100vw, 1024px\" \/><\/figure><\/li><li class=\"blocks-gallery-item\"><figure><img loading=\"lazy\" decoding=\"async\" width=\"1024\" height=\"739\" src=\"http:\/\/bialy-owczarek.pl\/wp-content\/uploads\/2022\/04\/DSC09048-1024x739.jpg\" alt=\"\" data-id=\"3375\" data-full-url=\"http:\/\/bialy-owczarek.pl\/wp-content\/uploads\/2022\/04\/DSC09048-scaled.jpg\" data-link=\"http:\/\/bialy-owczarek.pl\/?attachment_id=3375\" class=\"wp-image-3375\" srcset=\"http:\/\/bialy-owczarek.pl\/wp-content\/uploads\/2022\/04\/DSC09048-1024x739.jpg 1024w, http:\/\/bialy-owczarek.pl\/wp-content\/uploads\/2022\/04\/DSC09048-300x216.jpg 300w, http:\/\/bialy-owczarek.pl\/wp-content\/uploads\/2022\/04\/DSC09048-768x554.jpg 768w, http:\/\/bialy-owczarek.pl\/wp-content\/uploads\/2022\/04\/DSC09048-1536x1108.jpg 1536w, http:\/\/bialy-owczarek.pl\/wp-content\/uploads\/2022\/04\/DSC09048-2048x1478.jpg 2048w, http:\/\/bialy-owczarek.pl\/wp-content\/uploads\/2022\/04\/DSC09048-416x300.jpg 416w\" sizes=\"(max-width: 1024px) 100vw, 1024px\" \/><\/figure><\/li><\/ul><\/figure>\n\n\n\n<p>Wand\u0119 przywioz\u0142am z Czech zim\u0105 2019r. i od pocz\u0105tku by\u0142a suczk\u0105 bardzo grzeczn\u0105 i bezproblemow\u0105, natychmiast odnalaz\u0142a si\u0119 w naszym stadzie. <\/p>\n\n\n\n<p>Na przegl\u0105dzie hodowlanym otrzyma\u0142a bardzo pozytywny opis od mi\u0119dzynarodowego s\u0119dziego Piotra Kr\u00f3la.<\/p>\n\n\n\n<p>Wanda przynosi z sob\u0105 stare linie europejskie i jest wa\u017cnym elementem naszych przysz\u0142ych plan\u00f3w hodowlanych.<\/p>\n","protected":false},"excerpt":{"rendered":"<p>Import Czechy Matka: Candlemas Lady Atagora&nbsp; Ojciec: KODA z Blatensk\u00fdch luk data urodzenia 05.10.2019 wzrost 56cm waga \u00a030kg HD A ED 0\/0 MDR1 &nbsp;+\/+ DM &nbsp;N\/N Wand\u0119 przywioz\u0142am z Czech zim\u0105 2019r. i od pocz\u0105tku by\u0142a suczk\u0105 bardzo grzeczn\u0105 i &hellip; <a href=\"http:\/\/bialy-owczarek.pl\/?page_id=2965\">Continue reading <span class=\"meta-nav\">&rarr;<\/span><\/a><\/p>\n","protected":false},"author":2,"featured_media":0,"parent":0,"menu_order":0,"comment_status":"closed","ping_status":"closed","template":"","meta":{"_monsterinsights_skip_tracking":false,"_monsterinsights_sitenote_active":false,"_monsterinsights_sitenote_note":"","_monsterinsights_sitenote_category":0,"footnotes":""},"_links":{"self":[{"href":"http:\/\/bialy-owczarek.pl\/index.php?rest_route=\/wp\/v2\/pages\/2965"}],"collection":[{"href":"http:\/\/bialy-owczarek.pl\/index.php?rest_route=\/wp\/v2\/pages"}],"about":[{"href":"http:\/\/bialy-owczarek.pl\/index.php?rest_route=\/wp\/v2\/types\/page"}],"author":[{"embeddable":true,"href":"http:\/\/bialy-owczarek.pl\/index.php?rest_route=\/wp\/v2\/users\/2"}],"replies":[{"embeddable":true,"href":"http:\/\/bialy-owczarek.pl\/index.php?rest_route=%2Fwp%2Fv2%2Fcomments&post=2965"}],"version-history":[{"count":11,"href":"http:\/\/bialy-owczarek.pl\/index.php?rest_route=\/wp\/v2\/pages\/2965\/revisions"}],"predecessor-version":[{"id":3376,"href":"http:\/\/bialy-owczarek.pl\/index.php?rest_route=\/wp\/v2\/pages\/2965\/revisions\/3376"}],"wp:attachment":[{"href":"http:\/\/bialy-owczarek.pl\/index.php?rest_route=%2Fwp%2Fv2%2Fmedia&parent=2965"}],"curies":[{"name":"wp","href":"https:\/\/api.w.org\/{rel}","templated":true}]}}