{"id":2867,"date":"2019-03-27T20:07:33","date_gmt":"2019-03-27T20:07:33","guid":{"rendered":"http:\/\/bialy-owczarek.pl\/?page_id=2867"},"modified":"2019-03-27T20:17:58","modified_gmt":"2019-03-27T20:17:58","slug":"miot-k","status":"publish","type":"page","link":"http:\/\/bialy-owczarek.pl\/?page_id=2867","title":{"rendered":"Miot K"},"content":{"rendered":"\n<p>Maluchy z miotu K urodzi\u0142y si\u0119 24. marca 2019r., jest ich 7 piesk\u00f3w i 3 suczki. Ich matka to nasza suka hodowlana z ameryka\u0144skim pochodzeniem P&#8217;Poppy Rose, a ojciec to pi\u0119kny kr\u00f3tkow\u0142osy reproduktor JARI JEWAR of the Heart of Lothian.<\/p>\n\n\n\n<ul class=\"wp-block-gallery columns-3 is-cropped wp-block-gallery-1 is-layout-flex wp-block-gallery-is-layout-flex\"><li class=\"blocks-gallery-item\"><figure><img loading=\"lazy\" decoding=\"async\" width=\"1024\" height=\"683\" src=\"http:\/\/bialy-owczarek.pl\/wp-content\/uploads\/2019\/03\/DSC02201-1024x683.jpg\" alt=\"\" data-id=\"2874\" data-link=\"http:\/\/bialy-owczarek.pl\/?attachment_id=2874\" class=\"wp-image-2874\" srcset=\"http:\/\/bialy-owczarek.pl\/wp-content\/uploads\/2019\/03\/DSC02201-1024x683.jpg 1024w, http:\/\/bialy-owczarek.pl\/wp-content\/uploads\/2019\/03\/DSC02201-300x200.jpg 300w, http:\/\/bialy-owczarek.pl\/wp-content\/uploads\/2019\/03\/DSC02201-768x512.jpg 768w, http:\/\/bialy-owczarek.pl\/wp-content\/uploads\/2019\/03\/DSC02201-450x300.jpg 450w\" sizes=\"(max-width: 1024px) 100vw, 1024px\" \/><\/figure><\/li><li class=\"blocks-gallery-item\"><figure><img loading=\"lazy\" decoding=\"async\" width=\"683\" height=\"1024\" src=\"http:\/\/bialy-owczarek.pl\/wp-content\/uploads\/2019\/03\/DSC02212-1-683x1024.jpg\" alt=\"\" data-id=\"2875\" data-link=\"http:\/\/bialy-owczarek.pl\/?attachment_id=2875\" class=\"wp-image-2875\" srcset=\"http:\/\/bialy-owczarek.pl\/wp-content\/uploads\/2019\/03\/DSC02212-1-683x1024.jpg 683w, http:\/\/bialy-owczarek.pl\/wp-content\/uploads\/2019\/03\/DSC02212-1-200x300.jpg 200w, http:\/\/bialy-owczarek.pl\/wp-content\/uploads\/2019\/03\/DSC02212-1-768x1152.jpg 768w\" sizes=\"(max-width: 683px) 100vw, 683px\" \/><\/figure><\/li><li class=\"blocks-gallery-item\"><figure><img loading=\"lazy\" decoding=\"async\" width=\"1024\" height=\"584\" src=\"http:\/\/bialy-owczarek.pl\/wp-content\/uploads\/2019\/03\/DSC02233-2-1024x584.jpg\" alt=\"\" data-id=\"2876\" data-link=\"http:\/\/bialy-owczarek.pl\/?attachment_id=2876\" class=\"wp-image-2876\" srcset=\"http:\/\/bialy-owczarek.pl\/wp-content\/uploads\/2019\/03\/DSC02233-2-1024x584.jpg 1024w, http:\/\/bialy-owczarek.pl\/wp-content\/uploads\/2019\/03\/DSC02233-2-300x171.jpg 300w, http:\/\/bialy-owczarek.pl\/wp-content\/uploads\/2019\/03\/DSC02233-2-768x438.jpg 768w, http:\/\/bialy-owczarek.pl\/wp-content\/uploads\/2019\/03\/DSC02233-2-500x285.jpg 500w\" sizes=\"(max-width: 1024px) 100vw, 1024px\" \/><\/figure><\/li><li class=\"blocks-gallery-item\"><figure><img loading=\"lazy\" decoding=\"async\" width=\"683\" height=\"1024\" src=\"http:\/\/bialy-owczarek.pl\/wp-content\/uploads\/2019\/03\/DSC02236-683x1024.jpg\" alt=\"\" data-id=\"2877\" data-link=\"http:\/\/bialy-owczarek.pl\/?attachment_id=2877\" class=\"wp-image-2877\" srcset=\"http:\/\/bialy-owczarek.pl\/wp-content\/uploads\/2019\/03\/DSC02236-683x1024.jpg 683w, http:\/\/bialy-owczarek.pl\/wp-content\/uploads\/2019\/03\/DSC02236-200x300.jpg 200w, http:\/\/bialy-owczarek.pl\/wp-content\/uploads\/2019\/03\/DSC02236-768x1152.jpg 768w\" sizes=\"(max-width: 683px) 100vw, 683px\" \/><\/figure><\/li><li class=\"blocks-gallery-item\"><figure><img loading=\"lazy\" decoding=\"async\" width=\"1024\" height=\"683\" src=\"http:\/\/bialy-owczarek.pl\/wp-content\/uploads\/2019\/03\/DSC02245-1024x683.jpg\" alt=\"\" data-id=\"2878\" data-link=\"http:\/\/bialy-owczarek.pl\/?attachment_id=2878\" class=\"wp-image-2878\" srcset=\"http:\/\/bialy-owczarek.pl\/wp-content\/uploads\/2019\/03\/DSC02245-1024x683.jpg 1024w, http:\/\/bialy-owczarek.pl\/wp-content\/uploads\/2019\/03\/DSC02245-300x200.jpg 300w, http:\/\/bialy-owczarek.pl\/wp-content\/uploads\/2019\/03\/DSC02245-768x512.jpg 768w, http:\/\/bialy-owczarek.pl\/wp-content\/uploads\/2019\/03\/DSC02245-450x300.jpg 450w\" sizes=\"(max-width: 1024px) 100vw, 1024px\" \/><\/figure><\/li><li class=\"blocks-gallery-item\"><figure><img loading=\"lazy\" decoding=\"async\" width=\"1024\" height=\"683\" src=\"http:\/\/bialy-owczarek.pl\/wp-content\/uploads\/2019\/03\/DSC02262-1024x683.jpg\" alt=\"\" data-id=\"2879\" data-link=\"http:\/\/bialy-owczarek.pl\/?attachment_id=2879\" class=\"wp-image-2879\" srcset=\"http:\/\/bialy-owczarek.pl\/wp-content\/uploads\/2019\/03\/DSC02262-1024x683.jpg 1024w, http:\/\/bialy-owczarek.pl\/wp-content\/uploads\/2019\/03\/DSC02262-300x200.jpg 300w, http:\/\/bialy-owczarek.pl\/wp-content\/uploads\/2019\/03\/DSC02262-768x512.jpg 768w, http:\/\/bialy-owczarek.pl\/wp-content\/uploads\/2019\/03\/DSC02262-450x300.jpg 450w\" sizes=\"(max-width: 1024px) 100vw, 1024px\" \/><\/figure><\/li><\/ul>\n\n\n\n<figure class=\"wp-block-image\"><img loading=\"lazy\" decoding=\"async\" width=\"683\" height=\"1024\" src=\"http:\/\/bialy-owczarek.pl\/wp-content\/uploads\/2019\/01\/ad-v04-683x1024.jpg\" alt=\"\" class=\"wp-image-2848\" srcset=\"http:\/\/bialy-owczarek.pl\/wp-content\/uploads\/2019\/01\/ad-v04-683x1024.jpg 683w, http:\/\/bialy-owczarek.pl\/wp-content\/uploads\/2019\/01\/ad-v04-200x300.jpg 200w, http:\/\/bialy-owczarek.pl\/wp-content\/uploads\/2019\/01\/ad-v04-768x1152.jpg 768w, http:\/\/bialy-owczarek.pl\/wp-content\/uploads\/2019\/01\/ad-v04.jpg 1267w\" sizes=\"(max-width: 683px) 100vw, 683px\" \/><\/figure>\n","protected":false},"excerpt":{"rendered":"<p>Maluchy z miotu K urodzi\u0142y si\u0119 24. marca 2019r., jest ich 7 piesk\u00f3w i 3 suczki. Ich matka to nasza suka hodowlana z ameryka\u0144skim pochodzeniem P&#8217;Poppy Rose, a ojciec to pi\u0119kny kr\u00f3tkow\u0142osy reproduktor JARI JEWAR of the Heart of Lothian.<\/p>\n","protected":false},"author":2,"featured_media":0,"parent":0,"menu_order":0,"comment_status":"closed","ping_status":"closed","template":"","meta":{"_monsterinsights_skip_tracking":false,"_monsterinsights_sitenote_active":false,"_monsterinsights_sitenote_note":"","_monsterinsights_sitenote_category":0,"footnotes":""},"_links":{"self":[{"href":"http:\/\/bialy-owczarek.pl\/index.php?rest_route=\/wp\/v2\/pages\/2867"}],"collection":[{"href":"http:\/\/bialy-owczarek.pl\/index.php?rest_route=\/wp\/v2\/pages"}],"about":[{"href":"http:\/\/bialy-owczarek.pl\/index.php?rest_route=\/wp\/v2\/types\/page"}],"author":[{"embeddable":true,"href":"http:\/\/bialy-owczarek.pl\/index.php?rest_route=\/wp\/v2\/users\/2"}],"replies":[{"embeddable":true,"href":"http:\/\/bialy-owczarek.pl\/index.php?rest_route=%2Fwp%2Fv2%2Fcomments&post=2867"}],"version-history":[{"count":2,"href":"http:\/\/bialy-owczarek.pl\/index.php?rest_route=\/wp\/v2\/pages\/2867\/revisions"}],"predecessor-version":[{"id":2880,"href":"http:\/\/bialy-owczarek.pl\/index.php?rest_route=\/wp\/v2\/pages\/2867\/revisions\/2880"}],"wp:attachment":[{"href":"http:\/\/bialy-owczarek.pl\/index.php?rest_route=%2Fwp%2Fv2%2Fmedia&parent=2867"}],"curies":[{"name":"wp","href":"https:\/\/api.w.org\/{rel}","templated":true}]}}