{"id":2317,"date":"2017-05-15T19:51:36","date_gmt":"2017-05-15T19:51:36","guid":{"rendered":"http:\/\/bialy-owczarek.pl\/?page_id=2317"},"modified":"2018-04-24T19:48:16","modified_gmt":"2018-04-24T19:48:16","slug":"2317-2","status":"publish","type":"page","link":"http:\/\/bialy-owczarek.pl\/?page_id=2317","title":{"rendered":"Miot G"},"content":{"rendered":"<h1 style=\"text-align: center;\">Miot G jest ju\u017c na \u015bwiecie!!<\/h1>\n<p style=\"text-align: center;\"><span style=\"color: #000000;\">Maluchy urodzi\u0142y si\u0119 19.\/20. czerwca.<\/span><\/p>\n<p style=\"text-align: center;\">Mamy 9 \u015blicznych mocnych szczeniak\u00f3w, 4 suczki i 5 piesk\u00f3w.<\/p>\n<p><a href=\"http:\/\/bialy-owczarek.pl\/wp-content\/uploads\/2017\/05\/IMG_3442.jpg\"><img loading=\"lazy\" decoding=\"async\" class=\"aligncenter size-full wp-image-2479\" alt=\"IMG_3442\" src=\"http:\/\/bialy-owczarek.pl\/wp-content\/uploads\/2017\/05\/IMG_3442.jpg\" width=\"1024\" height=\"683\" srcset=\"http:\/\/bialy-owczarek.pl\/wp-content\/uploads\/2017\/05\/IMG_3442.jpg 1024w, http:\/\/bialy-owczarek.pl\/wp-content\/uploads\/2017\/05\/IMG_3442-300x200.jpg 300w, http:\/\/bialy-owczarek.pl\/wp-content\/uploads\/2017\/05\/IMG_3442-449x300.jpg 449w\" sizes=\"(max-width: 1024px) 100vw, 1024px\" \/><\/a><\/p>\n<p style=\"text-align: justify;\"><span style=\"color: #000000;\">Rodzicami\u00a0s\u0105 nasza suka hodowlana Champion Polski<strong> ARUBA U \u0179r\u00f3d\u0142a<\/strong> i nasz reproduktor, M\u0142odzie\u017cowy Champion Polski <strong>Hungarian Avalanche BOTHA <\/strong>import z W\u0119gier.<strong> <\/strong>Rodzice s\u0105 wolne od dysplazji bioder i dysplazji stawu \u0142okciowego oraz wad genetycznych MDR1 i DM.<\/span><\/p>\n<p style=\"text-align: justify;\"><span style=\"color: #000000;\">Mamy nadziej\u0119 na szczeniaki o prawid\u0142owej budowie, dobrej pigmentacji, \u015bwietnym charakterze, kt\u00f3re przynios\u0105 du\u017co rado\u015bci swoim nowym rodzinom.<\/span><\/p>\n<p style=\"text-align: justify;\"><a href=\"http:\/\/bialy-owczarek.pl\/wp-content\/uploads\/2017\/05\/19403305_1552828431425662_1244097795_o.jpg\"><img loading=\"lazy\" decoding=\"async\" class=\"aligncenter size-full wp-image-2465\" alt=\"19403305_1552828431425662_1244097795_o\" src=\"http:\/\/bialy-owczarek.pl\/wp-content\/uploads\/2017\/05\/19403305_1552828431425662_1244097795_o.jpg\" width=\"1280\" height=\"1002\" srcset=\"http:\/\/bialy-owczarek.pl\/wp-content\/uploads\/2017\/05\/19403305_1552828431425662_1244097795_o.jpg 1280w, http:\/\/bialy-owczarek.pl\/wp-content\/uploads\/2017\/05\/19403305_1552828431425662_1244097795_o-300x234.jpg 300w, http:\/\/bialy-owczarek.pl\/wp-content\/uploads\/2017\/05\/19403305_1552828431425662_1244097795_o-1024x801.jpg 1024w, http:\/\/bialy-owczarek.pl\/wp-content\/uploads\/2017\/05\/19403305_1552828431425662_1244097795_o-383x300.jpg 383w\" sizes=\"(max-width: 1280px) 100vw, 1280px\" \/><\/a><\/p>\n<p style=\"text-align: justify;\"><a href=\"http:\/\/bialy-owczarek.pl\/wp-content\/uploads\/2017\/05\/19403389_1552828041425701_622007169_o.jpg\"><img loading=\"lazy\" decoding=\"async\" class=\"aligncenter size-full wp-image-2466\" alt=\"19403389_1552828041425701_622007169_o\" src=\"http:\/\/bialy-owczarek.pl\/wp-content\/uploads\/2017\/05\/19403389_1552828041425701_622007169_o.jpg\" width=\"1280\" height=\"720\" srcset=\"http:\/\/bialy-owczarek.pl\/wp-content\/uploads\/2017\/05\/19403389_1552828041425701_622007169_o.jpg 1280w, http:\/\/bialy-owczarek.pl\/wp-content\/uploads\/2017\/05\/19403389_1552828041425701_622007169_o-300x168.jpg 300w, http:\/\/bialy-owczarek.pl\/wp-content\/uploads\/2017\/05\/19403389_1552828041425701_622007169_o-1024x576.jpg 1024w, http:\/\/bialy-owczarek.pl\/wp-content\/uploads\/2017\/05\/19403389_1552828041425701_622007169_o-500x281.jpg 500w\" sizes=\"(max-width: 1280px) 100vw, 1280px\" \/><\/a><\/p>\n<p style=\"text-align: justify;\"><a href=\"http:\/\/bialy-owczarek.pl\/wp-content\/uploads\/2017\/05\/19403404_1552828698092302_1088389014_o.jpg\"><img loading=\"lazy\" decoding=\"async\" class=\"aligncenter size-full wp-image-2467\" alt=\"19403404_1552828698092302_1088389014_o\" src=\"http:\/\/bialy-owczarek.pl\/wp-content\/uploads\/2017\/05\/19403404_1552828698092302_1088389014_o.jpg\" width=\"720\" height=\"1280\" srcset=\"http:\/\/bialy-owczarek.pl\/wp-content\/uploads\/2017\/05\/19403404_1552828698092302_1088389014_o.jpg 720w, http:\/\/bialy-owczarek.pl\/wp-content\/uploads\/2017\/05\/19403404_1552828698092302_1088389014_o-168x300.jpg 168w, http:\/\/bialy-owczarek.pl\/wp-content\/uploads\/2017\/05\/19403404_1552828698092302_1088389014_o-576x1024.jpg 576w\" sizes=\"(max-width: 720px) 100vw, 720px\" \/><\/a><\/p>\n<p style=\"text-align: center;\"><a href=\"http:\/\/bialy-owczarek.pl\/wp-content\/uploads\/2016\/09\/zapowied\u017c-AT.jpg\"><img loading=\"lazy\" decoding=\"async\" class=\"aligncenter size-full wp-image-2376\" alt=\"zapowied\u017c AT\" src=\"http:\/\/bialy-owczarek.pl\/wp-content\/uploads\/2016\/09\/zapowied\u017c-AT.jpg\" width=\"1240\" height=\"1754\" srcset=\"http:\/\/bialy-owczarek.pl\/wp-content\/uploads\/2016\/09\/zapowied\u017c-AT.jpg 1240w, http:\/\/bialy-owczarek.pl\/wp-content\/uploads\/2016\/09\/zapowied\u017c-AT-212x300.jpg 212w, http:\/\/bialy-owczarek.pl\/wp-content\/uploads\/2016\/09\/zapowied\u017c-AT-723x1024.jpg 723w\" sizes=\"(max-width: 1240px) 100vw, 1240px\" \/><\/a><\/p>\n<p style=\"text-align: justify;\"><span style=\"color: #000000;\">Rodow\u00f3d szczeniak\u00f3w mo\u017cna zobaczy\u0107 <a href=\"http:\/\/www.pedigreedatabase.com\/white_shepherd\/breeding.result?father=2403371&amp;mother=1223062\" target=\"_blank\"><span style=\"color: #000000;\">tutaj<\/span>.<\/a>\u00a0<\/span><\/p>\n<p style=\"text-align: justify;\">\n<p style=\"text-align: justify;\"><a href=\"http:\/\/bialy-owczarek.pl\/wp-content\/uploads\/2013\/03\/ZZK_5687.jpg\"><img loading=\"lazy\" decoding=\"async\" class=\"aligncenter size-full wp-image-2248\" alt=\"ZZK_5687\" src=\"http:\/\/bialy-owczarek.pl\/wp-content\/uploads\/2013\/03\/ZZK_5687.jpg\" width=\"288\" height=\"194\" \/><\/a><a href=\"http:\/\/bialy-owczarek.pl\/wp-content\/uploads\/2016\/09\/ZZK_1261.jpg\"><img loading=\"lazy\" decoding=\"async\" class=\"aligncenter size-full wp-image-2314\" alt=\"ZZK_1261\" src=\"http:\/\/bialy-owczarek.pl\/wp-content\/uploads\/2016\/09\/ZZK_1261.jpg\" width=\"600\" height=\"900\" srcset=\"http:\/\/bialy-owczarek.pl\/wp-content\/uploads\/2016\/09\/ZZK_1261.jpg 600w, http:\/\/bialy-owczarek.pl\/wp-content\/uploads\/2016\/09\/ZZK_1261-200x300.jpg 200w\" sizes=\"(max-width: 600px) 100vw, 600px\" \/><\/a><\/p>\n<p style=\"text-align: justify;\"><a href=\"http:\/\/bialy-owczarek.pl\/wp-content\/uploads\/2016\/09\/ZZK_5734.jpg\"><img loading=\"lazy\" decoding=\"async\" class=\"aligncenter size-full wp-image-2315\" alt=\"ZZK_5734\" src=\"http:\/\/bialy-owczarek.pl\/wp-content\/uploads\/2016\/09\/ZZK_5734.jpg\" width=\"3663\" height=\"2442\" srcset=\"http:\/\/bialy-owczarek.pl\/wp-content\/uploads\/2016\/09\/ZZK_5734.jpg 3663w, http:\/\/bialy-owczarek.pl\/wp-content\/uploads\/2016\/09\/ZZK_5734-300x200.jpg 300w, http:\/\/bialy-owczarek.pl\/wp-content\/uploads\/2016\/09\/ZZK_5734-1024x682.jpg 1024w, http:\/\/bialy-owczarek.pl\/wp-content\/uploads\/2016\/09\/ZZK_5734-450x300.jpg 450w\" sizes=\"(max-width: 3663px) 100vw, 3663px\" \/><\/a><\/p>\n<p>&nbsp;<\/p>\n","protected":false},"excerpt":{"rendered":"<p>Miot G jest ju\u017c na \u015bwiecie!! Maluchy urodzi\u0142y si\u0119 19.\/20. czerwca. Mamy 9 \u015blicznych mocnych szczeniak\u00f3w, 4 suczki i 5 piesk\u00f3w. Rodzicami\u00a0s\u0105 nasza suka hodowlana Champion Polski ARUBA U \u0179r\u00f3d\u0142a i nasz reproduktor, M\u0142odzie\u017cowy Champion Polski Hungarian Avalanche BOTHA import &hellip; <a href=\"http:\/\/bialy-owczarek.pl\/?page_id=2317\">Continue reading <span class=\"meta-nav\">&rarr;<\/span><\/a><\/p>\n","protected":false},"author":2,"featured_media":0,"parent":8,"menu_order":0,"comment_status":"closed","ping_status":"open","template":"","meta":{"_monsterinsights_skip_tracking":false,"_monsterinsights_sitenote_active":false,"_monsterinsights_sitenote_note":"","_monsterinsights_sitenote_category":0,"footnotes":""},"_links":{"self":[{"href":"http:\/\/bialy-owczarek.pl\/index.php?rest_route=\/wp\/v2\/pages\/2317"}],"collection":[{"href":"http:\/\/bialy-owczarek.pl\/index.php?rest_route=\/wp\/v2\/pages"}],"about":[{"href":"http:\/\/bialy-owczarek.pl\/index.php?rest_route=\/wp\/v2\/types\/page"}],"author":[{"embeddable":true,"href":"http:\/\/bialy-owczarek.pl\/index.php?rest_route=\/wp\/v2\/users\/2"}],"replies":[{"embeddable":true,"href":"http:\/\/bialy-owczarek.pl\/index.php?rest_route=%2Fwp%2Fv2%2Fcomments&post=2317"}],"version-history":[{"count":12,"href":"http:\/\/bialy-owczarek.pl\/index.php?rest_route=\/wp\/v2\/pages\/2317\/revisions"}],"predecessor-version":[{"id":2603,"href":"http:\/\/bialy-owczarek.pl\/index.php?rest_route=\/wp\/v2\/pages\/2317\/revisions\/2603"}],"up":[{"embeddable":true,"href":"http:\/\/bialy-owczarek.pl\/index.php?rest_route=\/wp\/v2\/pages\/8"}],"wp:attachment":[{"href":"http:\/\/bialy-owczarek.pl\/index.php?rest_route=%2Fwp%2Fv2%2Fmedia&parent=2317"}],"curies":[{"name":"wp","href":"https:\/\/api.w.org\/{rel}","templated":true}]}}