{"id":2313,"date":"2017-02-21T19:46:59","date_gmt":"2017-02-21T19:46:59","guid":{"rendered":"http:\/\/bialy-owczarek.pl\/?page_id=2313"},"modified":"2017-05-05T10:15:15","modified_gmt":"2017-05-05T10:15:15","slug":"zapowiedz-miotu-f","status":"publish","type":"page","link":"http:\/\/bialy-owczarek.pl\/?page_id=2313","title":{"rendered":"Miot F"},"content":{"rendered":"<h1 style=\"text-align: center;\"><\/h1>\n<h1 style=\"text-align: center;\">Miot F jest ju\u017c na \u015bwiecie!<\/h1>\n<p style=\"text-align: center;\"><span style=\"color: #000000;\">Maluchy urodzi\u0142y si\u0119 09.\/10. Grudnia 2016r..<\/span><\/p>\n<p style=\"text-align: center;\"><span style=\"color: #000000;\">Jest ich 7 piesk\u00f3w i dwie suczki, wszystkie \u015bliczne i du\u017ce.<\/span><\/p>\n<p><a href=\"http:\/\/bialy-owczarek.pl\/wp-content\/uploads\/2016\/09\/DSC03619.jpg\"><img loading=\"lazy\" decoding=\"async\" class=\"aligncenter size-full wp-image-2396\" alt=\"DSC03619\" src=\"http:\/\/bialy-owczarek.pl\/wp-content\/uploads\/2016\/09\/DSC03619.jpg\" width=\"5152\" height=\"3864\" srcset=\"http:\/\/bialy-owczarek.pl\/wp-content\/uploads\/2016\/09\/DSC03619.jpg 5152w, http:\/\/bialy-owczarek.pl\/wp-content\/uploads\/2016\/09\/DSC03619-300x225.jpg 300w, http:\/\/bialy-owczarek.pl\/wp-content\/uploads\/2016\/09\/DSC03619-1024x768.jpg 1024w, http:\/\/bialy-owczarek.pl\/wp-content\/uploads\/2016\/09\/DSC03619-399x300.jpg 399w\" sizes=\"(max-width: 5152px) 100vw, 5152px\" \/><\/a><\/p>\n<p><a href=\"http:\/\/bialy-owczarek.pl\/wp-content\/uploads\/2016\/12\/Foxtrott3.jpg\"><img loading=\"lazy\" decoding=\"async\" class=\"aligncenter size-full wp-image-2416\" alt=\"Foxtrott3\" src=\"http:\/\/bialy-owczarek.pl\/wp-content\/uploads\/2016\/12\/Foxtrott3.jpg\" width=\"886\" height=\"768\" srcset=\"http:\/\/bialy-owczarek.pl\/wp-content\/uploads\/2016\/12\/Foxtrott3.jpg 886w, http:\/\/bialy-owczarek.pl\/wp-content\/uploads\/2016\/12\/Foxtrott3-300x260.jpg 300w, http:\/\/bialy-owczarek.pl\/wp-content\/uploads\/2016\/12\/Foxtrott3-346x300.jpg 346w\" sizes=\"(max-width: 886px) 100vw, 886px\" \/><\/a><\/p>\n<p style=\"text-align: justify;\"><span style=\"color: #000000;\">Rodzicami\u00a0s\u0105 nasza suka hodowlana Champion Polski<strong> ARUBA U \u0179r\u00f3d\u0142a<\/strong> i nasz m\u0142ody reproduktor, M\u0142odzie\u017cowy Champion Polski <strong>Hungarian Avalanche BOTHA <\/strong>import z W\u0119gier.<strong> <\/strong>Rodzice s\u0105 wolne od dysplazji bioder i dysplazji stawu \u0142okciowego oraz wad genetycznych MDR1 i DM.<\/span><\/p>\n<p style=\"text-align: justify;\"><a href=\"http:\/\/bialy-owczarek.pl\/wp-content\/uploads\/2016\/12\/DSC04022.jpg\"><img loading=\"lazy\" decoding=\"async\" class=\"aligncenter size-full wp-image-2420\" alt=\"DSC04022\" src=\"http:\/\/bialy-owczarek.pl\/wp-content\/uploads\/2016\/12\/DSC04022.jpg\" width=\"5152\" height=\"3864\" srcset=\"http:\/\/bialy-owczarek.pl\/wp-content\/uploads\/2016\/12\/DSC04022.jpg 5152w, http:\/\/bialy-owczarek.pl\/wp-content\/uploads\/2016\/12\/DSC04022-300x225.jpg 300w, http:\/\/bialy-owczarek.pl\/wp-content\/uploads\/2016\/12\/DSC04022-1024x768.jpg 1024w, http:\/\/bialy-owczarek.pl\/wp-content\/uploads\/2016\/12\/DSC04022-399x300.jpg 399w\" sizes=\"(max-width: 5152px) 100vw, 5152px\" \/><\/a><\/p>\n<p style=\"text-align: justify;\">\n<p style=\"text-align: justify;\">\n<p style=\"text-align: justify;\">\n<p style=\"text-align: justify;\">\n<p>&nbsp;<\/p>\n","protected":false},"excerpt":{"rendered":"<p>Miot F jest ju\u017c na \u015bwiecie! Maluchy urodzi\u0142y si\u0119 09.\/10. Grudnia 2016r.. Jest ich 7 piesk\u00f3w i dwie suczki, wszystkie \u015bliczne i du\u017ce. Rodzicami\u00a0s\u0105 nasza suka hodowlana Champion Polski ARUBA U \u0179r\u00f3d\u0142a i nasz m\u0142ody reproduktor, M\u0142odzie\u017cowy Champion Polski Hungarian &hellip; <a href=\"http:\/\/bialy-owczarek.pl\/?page_id=2313\">Continue reading <span class=\"meta-nav\">&rarr;<\/span><\/a><\/p>\n","protected":false},"author":2,"featured_media":0,"parent":8,"menu_order":0,"comment_status":"closed","ping_status":"open","template":"","meta":{"_monsterinsights_skip_tracking":false,"_monsterinsights_sitenote_active":false,"_monsterinsights_sitenote_note":"","_monsterinsights_sitenote_category":0,"footnotes":""},"_links":{"self":[{"href":"http:\/\/bialy-owczarek.pl\/index.php?rest_route=\/wp\/v2\/pages\/2313"}],"collection":[{"href":"http:\/\/bialy-owczarek.pl\/index.php?rest_route=\/wp\/v2\/pages"}],"about":[{"href":"http:\/\/bialy-owczarek.pl\/index.php?rest_route=\/wp\/v2\/types\/page"}],"author":[{"embeddable":true,"href":"http:\/\/bialy-owczarek.pl\/index.php?rest_route=\/wp\/v2\/users\/2"}],"replies":[{"embeddable":true,"href":"http:\/\/bialy-owczarek.pl\/index.php?rest_route=%2Fwp%2Fv2%2Fcomments&post=2313"}],"version-history":[{"count":14,"href":"http:\/\/bialy-owczarek.pl\/index.php?rest_route=\/wp\/v2\/pages\/2313\/revisions"}],"predecessor-version":[{"id":2434,"href":"http:\/\/bialy-owczarek.pl\/index.php?rest_route=\/wp\/v2\/pages\/2313\/revisions\/2434"}],"up":[{"embeddable":true,"href":"http:\/\/bialy-owczarek.pl\/index.php?rest_route=\/wp\/v2\/pages\/8"}],"wp:attachment":[{"href":"http:\/\/bialy-owczarek.pl\/index.php?rest_route=%2Fwp%2Fv2%2Fmedia&parent=2313"}],"curies":[{"name":"wp","href":"https:\/\/api.w.org\/{rel}","templated":true}]}}