{"id":2276,"date":"2018-02-18T18:53:29","date_gmt":"2018-02-18T18:53:29","guid":{"rendered":"http:\/\/bialy-owczarek.pl\/?page_id=2276"},"modified":"2019-01-08T21:17:44","modified_gmt":"2019-01-08T21:17:44","slug":"dreamworks-poppy-rose-diamonds-and-pearls","status":"publish","type":"page","link":"http:\/\/bialy-owczarek.pl\/?page_id=2276","title":{"rendered":"P&#8217;Poppy Rose"},"content":{"rendered":"<p><img loading=\"lazy\" decoding=\"async\" class=\"aligncenter size-full wp-image-2742\" src=\"http:\/\/bialy-owczarek.pl\/wp-content\/uploads\/2019\/01\/ZZK_0618.jpg\" alt=\"\" width=\"3430\" height=\"2287\" srcset=\"http:\/\/bialy-owczarek.pl\/wp-content\/uploads\/2019\/01\/ZZK_0618.jpg 3430w, http:\/\/bialy-owczarek.pl\/wp-content\/uploads\/2019\/01\/ZZK_0618-300x200.jpg 300w, http:\/\/bialy-owczarek.pl\/wp-content\/uploads\/2019\/01\/ZZK_0618-768x512.jpg 768w, http:\/\/bialy-owczarek.pl\/wp-content\/uploads\/2019\/01\/ZZK_0618-1024x683.jpg 1024w, http:\/\/bialy-owczarek.pl\/wp-content\/uploads\/2019\/01\/ZZK_0618-450x300.jpg 450w\" sizes=\"(max-width: 3430px) 100vw, 3430px\" \/><\/p>\n<p><strong><span style=\"color: #000000;\">Import Belgia<\/span><\/strong><\/p>\n<p><span style=\"color: #000000;\">Matka:\u00a0<strong>Angie my Swallow van Vlerckensteyn<\/strong><\/span><\/p>\n<p><span style=\"color: #000000;\">Ojciec:\u00a0<strong>SureFire Special Forces Silverstar<\/strong><\/span><\/p>\n<table>\n<tbody>\n<tr>\n<td>data urodzenia<\/td>\n<td>09.04.2016<\/td>\n<\/tr>\n<tr>\n<td>wzrost<\/td>\n<td>\u00a060cm<\/td>\n<\/tr>\n<tr>\n<td>waga<\/td>\n<td>\u00a035kg<\/td>\n<\/tr>\n<tr>\n<td>HD\u00a0\u00a0 A<\/td>\n<td>ED\u00a0 0\/0<\/td>\n<\/tr>\n<tr>\n<td>MDR1<\/td>\n<td>+\/+<\/td>\n<\/tr>\n<tr>\n<td><\/td>\n<td><\/td>\n<\/tr>\n<tr>\n<td>DM<\/td>\n<td>N\/DM<\/td>\n<\/tr>\n<\/tbody>\n<\/table>\n<p><span style=\"color: #000000;\">W poszukiwaniu nowych linii Bia\u0142ego Owczarka Szwajcarskiego, trafi\u0142am na hodowl\u0119 Dreamworks w Belgii. Do tej hodowli nale\u017cy reproduktor SureFire Special Forces Silverstar pochodz\u0105cy ze znanej hodowli Owczark\u00f3w w Stanach Zjednaczonych, kt\u00f3ry w swoim rodowodzie ma cztery generacje tylko bia\u0142ych przodk\u00f3w. Ten pies zosta\u0142 uznany przez belgijski Union Royale Cynologique Saint Hubert jako reproduktor pod warunkiem, \u017ce b\u0119dzie kry\u0142 suki z pe\u0142nym rodowodem FCI. Bardzo mi zale\u017ca\u0142o na liniach tego psa, wi\u0119c czeka\u0142am dwa lata a\u017c pojawi\u0142 si\u0119 w tej hodowli<span style=\"font-family: Times New Roman; font-size: medium;\">\u00a0 <\/span>odpowiedni dla mnie miot od suki Angie my Swallow van Vlerckenstyn, kt\u00f3ra r\u00f3wnie\u017c ma bardzo ciekawy rodow\u00f3d, poniewa\u017c zawiera on stare linie europejskie i brazylijskie.<\/span><\/p>\n<p><span style=\"color: #000000;\">Niestety Angie ma w rodowodzie FCI dw\u00f3ch przodk\u00f3w niezarejestrowanych i szczeniaki z tego miotu nie zosta\u0142y zarejestrowane w Union Royale Cynologique Saint Hubert. Nie podda\u0142am si\u0119 i mimo tego zdecydowa\u0142am si\u0119 na Poppy, poniewa\u017c wiedzia\u0142am, \u017ce jest mo\u017cliwo\u015b\u0107 wyrobienia\u00a0 rodowodu FCI i zarejestrowania Poppy w Ksi\u0119dze Wst\u0119pnej ZKwP. Proces \u00a0wyrobienia rodowodu trwa\u0142 ponad rok, ale jestem przekonana, \u017ce by\u0142o warto. Poppy ma pe\u0142en rodow\u00f3d ameryka\u0144ski i polski rodow\u00f3d KW. W taki spos\u00f3b uda\u0142o mi si\u0119 wprowadzi\u0107 te ameryka\u0144skie linie do polskiej hodowli Bia\u0142ych Owczark\u00f3w Szwajcarskich i nie mog\u0119 si\u0119 doczeka\u0107 pierwszego miotu od tej cudownej suczki.<\/span><\/p>\n<p><span style=\"color: #000000;\">Poppy jest suk\u0105 o wyj\u0105tkowo stabilnym charakterze, prostym grzbiecie, harmonijniej budowie, jest bardzo kontaktowa. Na wystawach prezentuje i czuje si\u0119 \u015bwietnie. Otrzymuje oceny doskona\u0142e i rozpocz\u0119\u0142a Championat Polski.<\/span><\/p>\n<p>Rodow\u00f3d mo\u017cna znale\u017a\u0107 <a href=\"http:\/\/www.pedigreedatabase.com\/white_shepherd\/dog.html?id=2512883-ppoppy-rose\" target=\"_blank\" rel=\"noopener\">tutaj<\/a>.<\/p>\n<p><img loading=\"lazy\" decoding=\"async\" class=\"aligncenter size-full wp-image-2792\" src=\"http:\/\/bialy-owczarek.pl\/wp-content\/uploads\/2019\/01\/ZZK_0731.jpg\" alt=\"\" width=\"2168\" height=\"3252\" srcset=\"http:\/\/bialy-owczarek.pl\/wp-content\/uploads\/2019\/01\/ZZK_0731.jpg 2168w, http:\/\/bialy-owczarek.pl\/wp-content\/uploads\/2019\/01\/ZZK_0731-200x300.jpg 200w, http:\/\/bialy-owczarek.pl\/wp-content\/uploads\/2019\/01\/ZZK_0731-768x1152.jpg 768w, http:\/\/bialy-owczarek.pl\/wp-content\/uploads\/2019\/01\/ZZK_0731-683x1024.jpg 683w\" sizes=\"(max-width: 2168px) 100vw, 2168px\" \/><\/p>\n<p><img loading=\"lazy\" decoding=\"async\" class=\"aligncenter size-full wp-image-2793\" src=\"http:\/\/bialy-owczarek.pl\/wp-content\/uploads\/2019\/01\/ZZK_0589.jpg\" alt=\"\" width=\"2781\" height=\"1855\" srcset=\"http:\/\/bialy-owczarek.pl\/wp-content\/uploads\/2019\/01\/ZZK_0589.jpg 2781w, http:\/\/bialy-owczarek.pl\/wp-content\/uploads\/2019\/01\/ZZK_0589-300x200.jpg 300w, http:\/\/bialy-owczarek.pl\/wp-content\/uploads\/2019\/01\/ZZK_0589-768x512.jpg 768w, http:\/\/bialy-owczarek.pl\/wp-content\/uploads\/2019\/01\/ZZK_0589-1024x683.jpg 1024w, http:\/\/bialy-owczarek.pl\/wp-content\/uploads\/2019\/01\/ZZK_0589-450x300.jpg 450w\" sizes=\"(max-width: 2781px) 100vw, 2781px\" \/><\/p>\n","protected":false},"excerpt":{"rendered":"<p>Import Belgia Matka:\u00a0Angie my Swallow van Vlerckensteyn Ojciec:\u00a0SureFire Special Forces Silverstar data urodzenia 09.04.2016 wzrost \u00a060cm waga \u00a035kg HD\u00a0\u00a0 A ED\u00a0 0\/0 MDR1 +\/+ DM N\/DM W poszukiwaniu nowych linii Bia\u0142ego Owczarka Szwajcarskiego, trafi\u0142am na hodowl\u0119 Dreamworks w Belgii. Do &hellip; <a href=\"http:\/\/bialy-owczarek.pl\/?page_id=2276\">Continue reading <span class=\"meta-nav\">&rarr;<\/span><\/a><\/p>\n","protected":false},"author":2,"featured_media":0,"parent":0,"menu_order":0,"comment_status":"closed","ping_status":"open","template":"","meta":{"_monsterinsights_skip_tracking":false,"_monsterinsights_sitenote_active":false,"_monsterinsights_sitenote_note":"","_monsterinsights_sitenote_category":0,"footnotes":""},"_links":{"self":[{"href":"http:\/\/bialy-owczarek.pl\/index.php?rest_route=\/wp\/v2\/pages\/2276"}],"collection":[{"href":"http:\/\/bialy-owczarek.pl\/index.php?rest_route=\/wp\/v2\/pages"}],"about":[{"href":"http:\/\/bialy-owczarek.pl\/index.php?rest_route=\/wp\/v2\/types\/page"}],"author":[{"embeddable":true,"href":"http:\/\/bialy-owczarek.pl\/index.php?rest_route=\/wp\/v2\/users\/2"}],"replies":[{"embeddable":true,"href":"http:\/\/bialy-owczarek.pl\/index.php?rest_route=%2Fwp%2Fv2%2Fcomments&post=2276"}],"version-history":[{"count":14,"href":"http:\/\/bialy-owczarek.pl\/index.php?rest_route=\/wp\/v2\/pages\/2276\/revisions"}],"predecessor-version":[{"id":2794,"href":"http:\/\/bialy-owczarek.pl\/index.php?rest_route=\/wp\/v2\/pages\/2276\/revisions\/2794"}],"wp:attachment":[{"href":"http:\/\/bialy-owczarek.pl\/index.php?rest_route=%2Fwp%2Fv2%2Fmedia&parent=2276"}],"curies":[{"name":"wp","href":"https:\/\/api.w.org\/{rel}","templated":true}]}}