{"id":2140,"date":"2016-08-30T19:29:56","date_gmt":"2016-08-30T19:29:56","guid":{"rendered":"http:\/\/bialy-owczarek.pl\/?page_id=2140"},"modified":"2020-09-19T20:31:04","modified_gmt":"2020-09-19T20:31:04","slug":"hungarian-avalanche-botha","status":"publish","type":"page","link":"http:\/\/bialy-owczarek.pl\/?page_id=2140","title":{"rendered":"Hungarian Avalanche BOTHA (Tahu) &#8211; za t\u0119czowym mostem"},"content":{"rendered":"<p><span style=\"color: #000000;\"><strong><img loading=\"lazy\" decoding=\"async\" class=\"alignright size-full wp-image-3109\" src=\"http:\/\/bialy-owczarek.pl\/wp-content\/uploads\/2020\/09\/Tahu-RIP-scaled.jpg\" alt=\"\" width=\"2560\" height=\"1703\" srcset=\"http:\/\/bialy-owczarek.pl\/wp-content\/uploads\/2020\/09\/Tahu-RIP-scaled.jpg 2560w, http:\/\/bialy-owczarek.pl\/wp-content\/uploads\/2020\/09\/Tahu-RIP-300x200.jpg 300w, http:\/\/bialy-owczarek.pl\/wp-content\/uploads\/2020\/09\/Tahu-RIP-1024x681.jpg 1024w, http:\/\/bialy-owczarek.pl\/wp-content\/uploads\/2020\/09\/Tahu-RIP-768x511.jpg 768w, http:\/\/bialy-owczarek.pl\/wp-content\/uploads\/2020\/09\/Tahu-RIP-1536x1022.jpg 1536w, http:\/\/bialy-owczarek.pl\/wp-content\/uploads\/2020\/09\/Tahu-RIP-2048x1363.jpg 2048w, http:\/\/bialy-owczarek.pl\/wp-content\/uploads\/2020\/09\/Tahu-RIP-451x300.jpg 451w\" sizes=\"(max-width: 2560px) 100vw, 2560px\" \/><\/strong><\/span><\/p>\n<p><span style=\"color: #000000;\"><strong>M\u0142odzie\u017cowy Champion Polski, Champion Polski, Grand Champion Polski<\/strong><\/span><\/p>\n<p><span style=\"color: #000000;\">Matka: <strong>Tirza vom Altvilstal<\/strong><\/span><\/p>\n<p><span style=\"color: #000000;\">Ojciec: <\/span><strong>ChH Invincible ZENTE Lords Of The White Shepherd<\/strong><\/p>\n<table>\n<tbody>\n<tr>\n<td>data urodzenia<\/td>\n<td>11.02.2015<\/td>\n<\/tr>\n<tr>\n<td>wzrost<\/td>\n<td>\u00a0cm<\/td>\n<\/tr>\n<tr>\n<td>waga<\/td>\n<td>36 kg<\/td>\n<\/tr>\n<tr>\n<td>HD\u00a0\u00a0 A<\/td>\n<td>ED\u00a0 0\/0<\/td>\n<\/tr>\n<tr>\n<td>MDR1<\/td>\n<td>+\/+<\/td>\n<\/tr>\n<tr>\n<td><\/td>\n<td><\/td>\n<\/tr>\n<tr>\n<td>DM<\/td>\n<td>N\/N<\/td>\n<\/tr>\n<\/tbody>\n<\/table>\n<p><span style=\"color: #000000;\">Tahu doszed\u0142 do nas w kwietniu 2015r. By\u0142 pierwszym reproduktorem w naszej hodowli. Na pierwszej wystawie pokaza\u0142 si\u0119 doskonale i otrzyma\u0142 ocen\u0119 &#8220;wybitnie obiecuj\u0105cy&#8221;, na wszystkich nast\u0119pnych wystawach pokazywa\u0142 si\u0119 znakomicie i otrzymywa\u0142 najlepsze wyniki<\/span><\/p>\n<p><span style=\"color: #000000;\">Tahu mia\u0142 bardzo przyjazny charakter, ch\u0119tnie si\u0119 uczy\u0142 i by\u0142 psem wyj\u0105tkowo \u0142agodnym i cierpliwym. By\u0142 \u015bwietnym przyjacielem naszych dzieci.<\/span><\/p>\n<p>Jako reproduktor sprawdza\u0142 si\u0119 znakomicie, da\u0142 pi\u0119kne i liczne potomstwo.<\/p>\n<p>Niestety nowotw\u00f3r zniszczy\u0142 wszystkie nasze dalsze plany z Tahu. Ten cudowny pies o wielkim sercu odszed\u0142 od nas w wieku zaledwie pi\u0119ciu lat.<\/p>\n<p>Nigdy go nie zapomnimy.<\/p>\n<p><img loading=\"lazy\" decoding=\"async\" class=\"aligncenter size-full wp-image-2753\" src=\"http:\/\/bialy-owczarek.pl\/wp-content\/uploads\/2019\/01\/ZZK_1282.jpg\" alt=\"\" width=\"3936\" height=\"2624\" srcset=\"http:\/\/bialy-owczarek.pl\/wp-content\/uploads\/2019\/01\/ZZK_1282.jpg 3936w, http:\/\/bialy-owczarek.pl\/wp-content\/uploads\/2019\/01\/ZZK_1282-300x200.jpg 300w, http:\/\/bialy-owczarek.pl\/wp-content\/uploads\/2019\/01\/ZZK_1282-768x512.jpg 768w, http:\/\/bialy-owczarek.pl\/wp-content\/uploads\/2019\/01\/ZZK_1282-1024x683.jpg 1024w, http:\/\/bialy-owczarek.pl\/wp-content\/uploads\/2019\/01\/ZZK_1282-450x300.jpg 450w\" sizes=\"(max-width: 3936px) 100vw, 3936px\" \/><\/p>\n<p><span style=\"color: #000000;\">Rodow\u00f3d mo\u017cna sprawdzi\u0107 <a href=\"http:\/\/www.pedigreedatabase.com\/white_shepherd\/dog.html?id=2403371-hungarian-avalanche-botha\" target=\"_blank\" rel=\"noopener noreferrer\">tutaj<\/a>.<br \/>\n<\/span><\/p>\n<p><span style=\"color: #000000;\">\u00a0<\/span><\/p>\n","protected":false},"excerpt":{"rendered":"<p>M\u0142odzie\u017cowy Champion Polski, Champion Polski, Grand Champion Polski Matka: Tirza vom Altvilstal Ojciec: ChH Invincible ZENTE Lords Of The White Shepherd data urodzenia 11.02.2015 wzrost \u00a0cm waga 36 kg HD\u00a0\u00a0 A ED\u00a0 0\/0 MDR1 +\/+ DM N\/N Tahu doszed\u0142 do &hellip; <a href=\"http:\/\/bialy-owczarek.pl\/?page_id=2140\">Continue reading <span class=\"meta-nav\">&rarr;<\/span><\/a><\/p>\n","protected":false},"author":2,"featured_media":0,"parent":6,"menu_order":0,"comment_status":"closed","ping_status":"open","template":"","meta":{"_monsterinsights_skip_tracking":false,"_monsterinsights_sitenote_active":false,"_monsterinsights_sitenote_note":"","_monsterinsights_sitenote_category":0,"footnotes":""},"_links":{"self":[{"href":"http:\/\/bialy-owczarek.pl\/index.php?rest_route=\/wp\/v2\/pages\/2140"}],"collection":[{"href":"http:\/\/bialy-owczarek.pl\/index.php?rest_route=\/wp\/v2\/pages"}],"about":[{"href":"http:\/\/bialy-owczarek.pl\/index.php?rest_route=\/wp\/v2\/types\/page"}],"author":[{"embeddable":true,"href":"http:\/\/bialy-owczarek.pl\/index.php?rest_route=\/wp\/v2\/users\/2"}],"replies":[{"embeddable":true,"href":"http:\/\/bialy-owczarek.pl\/index.php?rest_route=%2Fwp%2Fv2%2Fcomments&post=2140"}],"version-history":[{"count":25,"href":"http:\/\/bialy-owczarek.pl\/index.php?rest_route=\/wp\/v2\/pages\/2140\/revisions"}],"predecessor-version":[{"id":3112,"href":"http:\/\/bialy-owczarek.pl\/index.php?rest_route=\/wp\/v2\/pages\/2140\/revisions\/3112"}],"up":[{"embeddable":true,"href":"http:\/\/bialy-owczarek.pl\/index.php?rest_route=\/wp\/v2\/pages\/6"}],"wp:attachment":[{"href":"http:\/\/bialy-owczarek.pl\/index.php?rest_route=%2Fwp%2Fv2%2Fmedia&parent=2140"}],"curies":[{"name":"wp","href":"https:\/\/api.w.org\/{rel}","templated":true}]}}