{"id":1162,"date":"2018-02-20T17:45:13","date_gmt":"2018-02-20T17:45:13","guid":{"rendered":"http:\/\/bialy-owczarek.pl\/?page_id=1162"},"modified":"2020-08-25T20:31:22","modified_gmt":"2020-08-25T20:31:22","slug":"nasze-potomstwo","status":"publish","type":"page","link":"http:\/\/bialy-owczarek.pl\/?page_id=1162","title":{"rendered":"Nasze potomstwo"},"content":{"rendered":"<p style=\"text-align: center;\"><strong><a href=\"http:\/\/bialy-owczarek.pl\/wp-content\/uploads\/2013\/03\/1622400_743839132324600_5412323418746872758_o1.jpg\"><img loading=\"lazy\" decoding=\"async\" width=\"278\" height=\"409\" class=\"aligncenter  wp-image-2078\" alt=\"1622400_743839132324600_5412323418746872758_o\" src=\"http:\/\/bialy-owczarek.pl\/wp-content\/uploads\/2013\/03\/1622400_743839132324600_5412323418746872758_o1.jpg\"><\/a>AGENT U \u0179r\u00f3d\u0142a<\/strong><\/p>\n<p><strong>Pi\u0119kny pies o prawid\u0142owej budowie i bardzo przyjaznym charakterze. Mieszka teraz w Finlandii w hodowli Pani Pii Fross gdzie od przysz\u0142ego roku b\u0119dzie s\u0142u\u017cy\u0142 jako reproduktor.<\/strong><\/p>\n<p style=\"text-align: center;\"><a href=\"http:\/\/bialy-owczarek.pl\/?attachment_id=1191\" rel=\"attachment wp-att-1191\"><img loading=\"lazy\" decoding=\"async\" width=\"300\" height=\"225\" title=\"IMG_0061\" class=\"aligncenter size-medium wp-image-1191\" alt=\"\" src=\"http:\/\/bialy-owczarek.pl\/wp-content\/uploads\/2013\/08\/IMG_0061-300x225.jpg\" srcset=\"http:\/\/bialy-owczarek.pl\/wp-content\/uploads\/2013\/08\/IMG_0061-300x225.jpg 300w, http:\/\/bialy-owczarek.pl\/wp-content\/uploads\/2013\/08\/IMG_0061-400x300.jpg 400w, http:\/\/bialy-owczarek.pl\/wp-content\/uploads\/2013\/08\/IMG_0061.jpg 720w\" sizes=\"(max-width: 300px) 100vw, 300px\" \/><\/a><span style=\"color: #000000;\"><strong>ARAMIS U \u0179r\u00f3d\u0142a<\/strong><\/span><\/p>\n<p><span style=\"color: #000000;\"><strong>Aramis zamieszka\u0142 w Szwajcarii. Jest psem mocnym, z bardzo&nbsp; dobr\u0105 pigmentacj\u0105. Przynosi swojej nowej rodzinie wiele rado\u015bci i rozrywki <\/strong><\/span><\/p>\n<p>&nbsp;<\/p>\n<p><a href=\"http:\/\/bialy-owczarek.pl\/?attachment_id=1399\" rel=\"attachment wp-att-1399\"><img loading=\"lazy\" decoding=\"async\" width=\"300\" height=\"229\" title=\"1\" class=\"aligncenter size-medium wp-image-1399\" alt=\"\" src=\"http:\/\/bialy-owczarek.pl\/wp-content\/uploads\/2013\/08\/1-300x229.jpg\" srcset=\"http:\/\/bialy-owczarek.pl\/wp-content\/uploads\/2013\/08\/1-300x229.jpg 300w, http:\/\/bialy-owczarek.pl\/wp-content\/uploads\/2013\/08\/1-391x300.jpg 391w, http:\/\/bialy-owczarek.pl\/wp-content\/uploads\/2013\/08\/1.jpg 437w\" sizes=\"(max-width: 300px) 100vw, 300px\" \/><\/a><\/p>\n<p style=\"text-align: center;\"><strong><span style=\"color: #000000;\">ABBA U \u0179r\u00f3d\u0142a<\/span><\/strong><\/p>\n<p style=\"text-align: center;\"><span style=\"color: #000000;\"><strong>Mieszka w War<\/strong><strong>szawi<\/strong><strong>e gdzie sprawia du\u017co rado\u015bci swojemu w\u0142a\u015bcicielowi.<\/strong><\/span><br><strong><\/strong><\/p>\n<p style=\"text-align: center;\">\n<\/p><p style=\"text-align: center;\"><a href=\"http:\/\/bialy-owczarek.pl\/?attachment_id=1197\" rel=\"attachment wp-att-1197\"><img loading=\"lazy\" decoding=\"async\" width=\"300\" height=\"201\" title=\"DSC_2268\" class=\"aligncenter size-medium wp-image-1197\" alt=\"\" src=\"http:\/\/bialy-owczarek.pl\/wp-content\/uploads\/2013\/08\/DSC_2268-300x201.jpg\" srcset=\"http:\/\/bialy-owczarek.pl\/wp-content\/uploads\/2013\/08\/DSC_2268-300x201.jpg 300w, http:\/\/bialy-owczarek.pl\/wp-content\/uploads\/2013\/08\/DSC_2268-1024x687.jpg 1024w, http:\/\/bialy-owczarek.pl\/wp-content\/uploads\/2013\/08\/DSC_2268-447x300.jpg 447w, http:\/\/bialy-owczarek.pl\/wp-content\/uploads\/2013\/08\/DSC_2268.jpg 1575w\" sizes=\"(max-width: 300px) 100vw, 300px\" \/><\/a><strong><span style=\"color: #000000;\">BALLADA U \u0179r\u00f3d\u0142a<\/span><\/strong><\/p>\n<p style=\"text-align: center;\"><strong><span style=\"color: #000000;\">Ballada to \u015bliczna suczka z miotu B. Jest pi\u0119knie zbudowana, bardzo inteligentna i ma przemi\u0142y charakter. Jej w\u0142a\u015bciciele trenuj\u0105 j\u0105 w tropieniu.<\/span><\/strong><\/p>\n<p style=\"text-align: center;\"><a href=\"http:\/\/bialy-owczarek.pl\/?attachment_id=1193\" rel=\"attachment wp-att-1193\"><img loading=\"lazy\" decoding=\"async\" width=\"300\" height=\"200\" title=\"P1230010\" class=\"aligncenter size-medium wp-image-1193\" alt=\"\" src=\"http:\/\/bialy-owczarek.pl\/wp-content\/uploads\/2013\/08\/P1230010-300x200.jpg\" srcset=\"http:\/\/bialy-owczarek.pl\/wp-content\/uploads\/2013\/08\/P1230010-300x200.jpg 300w, http:\/\/bialy-owczarek.pl\/wp-content\/uploads\/2013\/08\/P1230010-448x300.jpg 448w, http:\/\/bialy-owczarek.pl\/wp-content\/uploads\/2013\/08\/P1230010.jpg 720w\" sizes=\"(max-width: 300px) 100vw, 300px\" \/><\/a><strong><span style=\"color: #000000;\">Champion Polski BENIA U \u0179r\u00f3d\u0142a<\/span><\/strong><\/p>\n<p><strong><span style=\"color: #000000;\">Benia ze swoimi w\u0142a\u015bcicielami je\u017adzi od wystawy na wystaw\u0119. Na ringu otrzyma\u0142a dot\u0105d same dobre oceny, tytu\u0142y Zwyci\u0119zca m\u0142odzie\u017cy, BOB (Najlepszy pies rasy) oraz tytu\u0142 M\u0142odzie\u017cowego Championa Polski.<\/span><\/strong><\/p>\n<p>&nbsp;<\/p>\n<p style=\"text-align: center;\"><a href=\"http:\/\/bialy-owczarek.pl\/?attachment_id=1194\" rel=\"attachment wp-att-1194\"><img loading=\"lazy\" decoding=\"async\" width=\"300\" height=\"225\" title=\"P8032274\" class=\"aligncenter size-medium wp-image-1194\" alt=\"\" src=\"http:\/\/bialy-owczarek.pl\/wp-content\/uploads\/2013\/08\/P8032274-300x225.jpg\" srcset=\"http:\/\/bialy-owczarek.pl\/wp-content\/uploads\/2013\/08\/P8032274-300x225.jpg 300w, http:\/\/bialy-owczarek.pl\/wp-content\/uploads\/2013\/08\/P8032274-1024x768.jpg 1024w, http:\/\/bialy-owczarek.pl\/wp-content\/uploads\/2013\/08\/P8032274-400x300.jpg 400w\" sizes=\"(max-width: 300px) 100vw, 300px\" \/><\/a><strong>BARMAN U \u0179r\u00f3d\u0142a<\/strong><\/p>\n<p style=\"text-align: center;\"><a href=\"http:\/\/bialy-owczarek.pl\/wp-content\/uploads\/2013\/08\/IMG_0296.jpg\"><img loading=\"lazy\" decoding=\"async\" width=\"246\" height=\"300\" class=\"aligncenter size-medium wp-image-1940\" alt=\"IMG_0296\" src=\"http:\/\/bialy-owczarek.pl\/wp-content\/uploads\/2013\/08\/IMG_0296-246x300.jpg\" srcset=\"http:\/\/bialy-owczarek.pl\/wp-content\/uploads\/2013\/08\/IMG_0296-246x300.jpg 246w, http:\/\/bialy-owczarek.pl\/wp-content\/uploads\/2013\/08\/IMG_0296-840x1024.jpg 840w, http:\/\/bialy-owczarek.pl\/wp-content\/uploads\/2013\/08\/IMG_0296.jpg 903w\" sizes=\"(max-width: 246px) 100vw, 246px\" \/><\/a><strong><span style=\"color: #000000;\">Champion Bia\u0142orusi BEMOL U \u0179r\u00f3d\u0142a<\/span><\/strong><\/p>\n<p style=\"text-align: center;\">\n<\/p><p style=\"text-align: center;\"><a href=\"http:\/\/bialy-owczarek.pl\/?attachment_id=1192\" rel=\"attachment wp-att-1192\"><img loading=\"lazy\" decoding=\"async\" width=\"225\" height=\"300\" title=\"IMG_0574\" class=\"aligncenter size-medium wp-image-1192\" alt=\"\" src=\"http:\/\/bialy-owczarek.pl\/wp-content\/uploads\/2013\/08\/IMG_0574-225x300.jpg\" srcset=\"http:\/\/bialy-owczarek.pl\/wp-content\/uploads\/2013\/08\/IMG_0574-225x300.jpg 225w, http:\/\/bialy-owczarek.pl\/wp-content\/uploads\/2013\/08\/IMG_0574-768x1024.jpg 768w\" sizes=\"(max-width: 225px) 100vw, 225px\" \/><\/a><strong>CZANTORIA U \u0179r\u00f3d\u0142a<\/strong><\/p>\n<p>&nbsp;<\/p>\n<p style=\"text-align: center;\"><a href=\"http:\/\/bialy-owczarek.pl\/?attachment_id=1203\" rel=\"attachment wp-att-1203\"><img loading=\"lazy\" decoding=\"async\" width=\"300\" height=\"200\" title=\"chacha\" class=\"aligncenter size-medium wp-image-1203\" alt=\"\" src=\"http:\/\/bialy-owczarek.pl\/wp-content\/uploads\/2013\/08\/chacha-300x200.jpg\" srcset=\"http:\/\/bialy-owczarek.pl\/wp-content\/uploads\/2013\/08\/chacha-300x200.jpg 300w, http:\/\/bialy-owczarek.pl\/wp-content\/uploads\/2013\/08\/chacha-450x300.jpg 450w, http:\/\/bialy-owczarek.pl\/wp-content\/uploads\/2013\/08\/chacha.jpg 960w\" sizes=\"(max-width: 300px) 100vw, 300px\" \/><\/a><span style=\"color: #000000;\"><strong>CHA CHA U \u0179r\u00f3d\u0142a<\/strong><\/span><\/p>\n<p style=\"text-align: center;\">\n<\/p><p style=\"text-align: center;\"><a href=\"http:\/\/bialy-owczarek.pl\/?attachment_id=1395\" rel=\"attachment wp-att-1395\"><img loading=\"lazy\" decoding=\"async\" width=\"300\" height=\"225\" title=\"P8162472\" class=\"aligncenter size-medium wp-image-1395\" alt=\"\" src=\"http:\/\/bialy-owczarek.pl\/wp-content\/uploads\/2013\/08\/P81624722-300x225.jpg\" srcset=\"http:\/\/bialy-owczarek.pl\/wp-content\/uploads\/2013\/08\/P81624722-300x225.jpg 300w, http:\/\/bialy-owczarek.pl\/wp-content\/uploads\/2013\/08\/P81624722-1024x768.jpg 1024w, http:\/\/bialy-owczarek.pl\/wp-content\/uploads\/2013\/08\/P81624722-400x300.jpg 400w\" sizes=\"(max-width: 300px) 100vw, 300px\" \/><\/a><span style=\"color: #000000;\"><strong>CICHA WODA U \u0179r\u00f3d\u0142a<\/strong><\/span><\/p>\n<p style=\"text-align: center;\">\n<\/p><p style=\"text-align: center;\"><a href=\"http:\/\/bialy-owczarek.pl\/?attachment_id=1412\" rel=\"attachment wp-att-1412\"><img loading=\"lazy\" decoding=\"async\" width=\"324\" height=\"220\" title=\"DSC02180\" class=\"aligncenter size-medium wp-image-1412\" alt=\"\" src=\"http:\/\/bialy-owczarek.pl\/wp-content\/uploads\/2013\/08\/DSC02180-300x200.jpg\"><\/a><span style=\"color: #000000;\"><strong>CEDRA U \u0179r\u00f3d\u0142a<\/strong><\/span><\/p>\n<p style=\"text-align: center;\">\n<\/p><p style=\"text-align: center;\"><a href=\"http:\/\/bialy-owczarek.pl\/wp-content\/uploads\/2013\/08\/Zdj\u0119cie0069.jpg\"><img loading=\"lazy\" decoding=\"async\" width=\"225\" height=\"300\" class=\"aligncenter size-medium wp-image-1807\" alt=\"Zdj\u0119cie0069\" src=\"http:\/\/bialy-owczarek.pl\/wp-content\/uploads\/2013\/08\/Zdj\u0119cie0069-225x300.jpg\" srcset=\"http:\/\/bialy-owczarek.pl\/wp-content\/uploads\/2013\/08\/Zdj\u0119cie0069-225x300.jpg 225w, http:\/\/bialy-owczarek.pl\/wp-content\/uploads\/2013\/08\/Zdj\u0119cie0069-769x1024.jpg 769w, http:\/\/bialy-owczarek.pl\/wp-content\/uploads\/2013\/08\/Zdj\u0119cie0069.jpg 1298w\" sizes=\"(max-width: 225px) 100vw, 225px\" \/><\/a><strong>CIN CIN U \u0179r\u00f3d\u0142a<\/strong><\/p>\n<p style=\"text-align: center;\"><a href=\"http:\/\/bialy-owczarek.pl\/wp-content\/uploads\/2013\/08\/DSC06645.jpg\"><img loading=\"lazy\" decoding=\"async\" width=\"2448\" height=\"1624\" class=\"aligncenter size-full wp-image-1928\" alt=\"DSC06645\" src=\"http:\/\/bialy-owczarek.pl\/wp-content\/uploads\/2013\/08\/DSC06645.jpg\" srcset=\"http:\/\/bialy-owczarek.pl\/wp-content\/uploads\/2013\/08\/DSC06645.jpg 2448w, http:\/\/bialy-owczarek.pl\/wp-content\/uploads\/2013\/08\/DSC06645-300x199.jpg 300w, http:\/\/bialy-owczarek.pl\/wp-content\/uploads\/2013\/08\/DSC06645-1024x679.jpg 1024w, http:\/\/bialy-owczarek.pl\/wp-content\/uploads\/2013\/08\/DSC06645-452x300.jpg 452w\" sizes=\"(max-width: 2448px) 100vw, 2448px\" \/><\/a><strong><span style=\"color: #000000;\">CHUCK NORRIS U \u0179r\u00f3d\u0142a<\/span><\/strong><\/p>\n<p style=\"text-align: center;\">\n<\/p><p style=\"text-align: center;\"><a href=\"http:\/\/bialy-owczarek.pl\/wp-content\/uploads\/2013\/03\/10615530_743769195664927_1794899190422920254_n.jpg\"><img loading=\"lazy\" decoding=\"async\" width=\"960\" height=\"720\" class=\"aligncenter size-full wp-image-2079\" alt=\"10615530_743769195664927_1794899190422920254_n\" src=\"http:\/\/bialy-owczarek.pl\/wp-content\/uploads\/2013\/03\/10615530_743769195664927_1794899190422920254_n.jpg\" srcset=\"http:\/\/bialy-owczarek.pl\/wp-content\/uploads\/2013\/03\/10615530_743769195664927_1794899190422920254_n.jpg 960w, http:\/\/bialy-owczarek.pl\/wp-content\/uploads\/2013\/03\/10615530_743769195664927_1794899190422920254_n-300x225.jpg 300w, http:\/\/bialy-owczarek.pl\/wp-content\/uploads\/2013\/03\/10615530_743769195664927_1794899190422920254_n-400x300.jpg 400w\" sizes=\"(max-width: 960px) 100vw, 960px\" \/><\/a><strong><span style=\"color: #000000;\">DON RAMIRO U \u0179r\u00f3d\u0142a<a href=\"http:\/\/bialy-owczarek.pl\/wp-content\/uploads\/2013\/03\/Len.jpg\"><img loading=\"lazy\" decoding=\"async\" width=\"2048\" height=\"1365\" class=\"aligncenter size-full wp-image-2408\" alt=\"Len\" src=\"http:\/\/bialy-owczarek.pl\/wp-content\/uploads\/2013\/03\/Len.jpg\" srcset=\"http:\/\/bialy-owczarek.pl\/wp-content\/uploads\/2013\/03\/Len.jpg 2048w, http:\/\/bialy-owczarek.pl\/wp-content\/uploads\/2013\/03\/Len-300x199.jpg 300w, http:\/\/bialy-owczarek.pl\/wp-content\/uploads\/2013\/03\/Len-1024x682.jpg 1024w, http:\/\/bialy-owczarek.pl\/wp-content\/uploads\/2013\/03\/Len-450x300.jpg 450w\" sizes=\"(max-width: 2048px) 100vw, 2048px\" \/><\/a><\/span><\/strong><\/p>\n<p style=\"text-align: center;\"><strong>ESCAMILLO U \u0179r\u00f3d\u0142a<\/strong><\/p>\n<p style=\"text-align: center;\">foto by: Aurora Pesonen<\/p>\n<p style=\"text-align: center;\">\n<\/p><p style=\"text-align: center;\"><a href=\"http:\/\/bialy-owczarek.pl\/wp-content\/uploads\/2013\/03\/Eprite.jpg\"><img loading=\"lazy\" decoding=\"async\" width=\"580\" height=\"960\" class=\"aligncenter size-full wp-image-2409\" alt=\"Eprite\" src=\"http:\/\/bialy-owczarek.pl\/wp-content\/uploads\/2013\/03\/Eprite.jpg\" srcset=\"http:\/\/bialy-owczarek.pl\/wp-content\/uploads\/2013\/03\/Eprite.jpg 580w, http:\/\/bialy-owczarek.pl\/wp-content\/uploads\/2013\/03\/Eprite-181x300.jpg 181w\" sizes=\"(max-width: 580px) 100vw, 580px\" \/><\/a><\/p>\n<p style=\"text-align: center;\"><strong>Champion Polski ESPRIT U \u0179r\u00f3d\u0142a<\/strong><\/p>\n<p style=\"text-align: center;\"><a href=\"http:\/\/bialy-owczarek.pl\/wp-content\/uploads\/2018\/02\/flavio.jpg\"><img loading=\"lazy\" decoding=\"async\" width=\"1024\" height=\"768\" class=\"aligncenter size-full wp-image-2546\" alt=\"flavio\" src=\"http:\/\/bialy-owczarek.pl\/wp-content\/uploads\/2018\/02\/flavio.jpg\" srcset=\"http:\/\/bialy-owczarek.pl\/wp-content\/uploads\/2018\/02\/flavio.jpg 1024w, http:\/\/bialy-owczarek.pl\/wp-content\/uploads\/2018\/02\/flavio-300x225.jpg 300w, http:\/\/bialy-owczarek.pl\/wp-content\/uploads\/2018\/02\/flavio-400x300.jpg 400w\" sizes=\"(max-width: 1024px) 100vw, 1024px\" \/><\/a><strong><span style=\"color: #000000;\">FLAVIO U \u0179r\u00f3d\u0142a<\/span><\/strong><\/p>\n<p style=\"text-align: center;\">\n<\/p><p style=\"text-align: center;\"><a href=\"http:\/\/bialy-owczarek.pl\/wp-content\/uploads\/2013\/03\/great-Mira.jpg\"><img loading=\"lazy\" decoding=\"async\" width=\"768\" height=\"1007\" class=\"aligncenter size-full wp-image-2543\" alt=\"great Mira\" src=\"http:\/\/bialy-owczarek.pl\/wp-content\/uploads\/2013\/03\/great-Mira.jpg\" srcset=\"http:\/\/bialy-owczarek.pl\/wp-content\/uploads\/2013\/03\/great-Mira.jpg 768w, http:\/\/bialy-owczarek.pl\/wp-content\/uploads\/2013\/03\/great-Mira-228x300.jpg 228w\" sizes=\"(max-width: 768px) 100vw, 768px\" \/><\/a><strong><\/strong><\/p>\n<p style=\"text-align: center;\"><a href=\"http:\/\/bialy-owczarek.pl\/wp-content\/uploads\/2013\/03\/great-mira-2.jpg\"><img loading=\"lazy\" decoding=\"async\" width=\"768\" height=\"768\" class=\"aligncenter size-full wp-image-2544\" alt=\"great mira 2\" src=\"http:\/\/bialy-owczarek.pl\/wp-content\/uploads\/2013\/03\/great-mira-2.jpg\" srcset=\"http:\/\/bialy-owczarek.pl\/wp-content\/uploads\/2013\/03\/great-mira-2.jpg 768w, http:\/\/bialy-owczarek.pl\/wp-content\/uploads\/2013\/03\/great-mira-2-145x145.jpg 145w, http:\/\/bialy-owczarek.pl\/wp-content\/uploads\/2013\/03\/great-mira-2-300x300.jpg 300w\" sizes=\"(max-width: 768px) 100vw, 768px\" \/><\/a><\/p>\n<p style=\"text-align: center;\"><strong>GREAT MIRA U \u0179r\u00f3d\u0142a<\/strong><\/p>\n\n\n<figure class=\"wp-block-image\"><img loading=\"lazy\" decoding=\"async\" width=\"1024\" height=\"683\" src=\"http:\/\/bialy-owczarek.pl\/wp-content\/uploads\/2019\/05\/DSC05539-1024x683.jpg\" alt=\"\" class=\"wp-image-2918\" srcset=\"http:\/\/bialy-owczarek.pl\/wp-content\/uploads\/2019\/05\/DSC05539-1024x683.jpg 1024w, http:\/\/bialy-owczarek.pl\/wp-content\/uploads\/2019\/05\/DSC05539-300x200.jpg 300w, http:\/\/bialy-owczarek.pl\/wp-content\/uploads\/2019\/05\/DSC05539-768x512.jpg 768w, http:\/\/bialy-owczarek.pl\/wp-content\/uploads\/2019\/05\/DSC05539-450x300.jpg 450w\" sizes=\"(max-width: 1024px) 100vw, 1024px\" \/><figcaption><strong>JUST IN TIME U \u0179r\u00f3d\u0142a<\/strong><\/figcaption><\/figure>\n\n\n\n<figure class=\"wp-block-gallery columns-1 is-cropped wp-block-gallery-1 is-layout-flex wp-block-gallery-is-layout-flex\"><ul class=\"blocks-gallery-grid\"><li class=\"blocks-gallery-item\"><figure><img loading=\"lazy\" decoding=\"async\" width=\"1024\" height=\"683\" src=\"http:\/\/bialy-owczarek.pl\/wp-content\/uploads\/2019\/05\/DSC_0055-1-1024x683.jpg\" alt=\"\" data-id=\"2920\" data-link=\"http:\/\/bialy-owczarek.pl\/?attachment_id=2920\" class=\"wp-image-2920\" srcset=\"http:\/\/bialy-owczarek.pl\/wp-content\/uploads\/2019\/05\/DSC_0055-1-1024x683.jpg 1024w, http:\/\/bialy-owczarek.pl\/wp-content\/uploads\/2019\/05\/DSC_0055-1-300x200.jpg 300w, http:\/\/bialy-owczarek.pl\/wp-content\/uploads\/2019\/05\/DSC_0055-1-768x512.jpg 768w, http:\/\/bialy-owczarek.pl\/wp-content\/uploads\/2019\/05\/DSC_0055-1-450x300.jpg 450w\" sizes=\"(max-width: 1024px) 100vw, 1024px\" \/><figcaption class=\"blocks-gallery-item__caption\">JANA U \u0179r\u00f3d\u0142a<\/figcaption><\/figure><\/li><\/ul><\/figure>\n\n\n\n<h2 class=\"wp-block-heading\"><br><\/h2>\n\n\n\n<figure class=\"wp-block-image size-large\"><img loading=\"lazy\" decoding=\"async\" width=\"1024\" height=\"660\" src=\"http:\/\/bialy-owczarek.pl\/wp-content\/uploads\/2020\/05\/acl3382-1024x660.jpg\" alt=\"\" class=\"wp-image-3024\" srcset=\"http:\/\/bialy-owczarek.pl\/wp-content\/uploads\/2020\/05\/acl3382-1024x660.jpg 1024w, http:\/\/bialy-owczarek.pl\/wp-content\/uploads\/2020\/05\/acl3382-300x193.jpg 300w, http:\/\/bialy-owczarek.pl\/wp-content\/uploads\/2020\/05\/acl3382-768x495.jpg 768w, http:\/\/bialy-owczarek.pl\/wp-content\/uploads\/2020\/05\/acl3382-1536x991.jpg 1536w, http:\/\/bialy-owczarek.pl\/wp-content\/uploads\/2020\/05\/acl3382-2048x1321.jpg 2048w, http:\/\/bialy-owczarek.pl\/wp-content\/uploads\/2020\/05\/acl3382-465x300.jpg 465w\" sizes=\"(max-width: 1024px) 100vw, 1024px\" \/><figcaption><strong>IMPULS U \u0179r\u00f3d\u0142a<\/strong><\/figcaption><\/figure>\n\n\n\n<figure class=\"wp-block-image size-large\"><img loading=\"lazy\" decoding=\"async\" width=\"1024\" height=\"767\" src=\"http:\/\/bialy-owczarek.pl\/wp-content\/uploads\/2020\/08\/118267907_363093085083327_4018901344348866889_n-1024x767.jpg\" alt=\"\" class=\"wp-image-3094\" srcset=\"http:\/\/bialy-owczarek.pl\/wp-content\/uploads\/2020\/08\/118267907_363093085083327_4018901344348866889_n-1024x767.jpg 1024w, http:\/\/bialy-owczarek.pl\/wp-content\/uploads\/2020\/08\/118267907_363093085083327_4018901344348866889_n-300x225.jpg 300w, http:\/\/bialy-owczarek.pl\/wp-content\/uploads\/2020\/08\/118267907_363093085083327_4018901344348866889_n-768x575.jpg 768w, http:\/\/bialy-owczarek.pl\/wp-content\/uploads\/2020\/08\/118267907_363093085083327_4018901344348866889_n-1536x1150.jpg 1536w, http:\/\/bialy-owczarek.pl\/wp-content\/uploads\/2020\/08\/118267907_363093085083327_4018901344348866889_n-2048x1533.jpg 2048w, http:\/\/bialy-owczarek.pl\/wp-content\/uploads\/2020\/08\/118267907_363093085083327_4018901344348866889_n-401x300.jpg 401w\" sizes=\"(max-width: 1024px) 100vw, 1024px\" \/><figcaption><strong>HARLEY U \u0179r\u00f3d\u0142a<\/strong><\/figcaption><\/figure>\n","protected":false},"excerpt":{"rendered":"<p>AGENT U \u0179r\u00f3d\u0142a Pi\u0119kny pies o prawid\u0142owej budowie i bardzo przyjaznym charakterze. Mieszka teraz w Finlandii w hodowli Pani Pii Fross gdzie od przysz\u0142ego roku b\u0119dzie s\u0142u\u017cy\u0142 jako reproduktor. ARAMIS U \u0179r\u00f3d\u0142a Aramis zamieszka\u0142 w Szwajcarii. Jest psem mocnym, z &hellip; <a href=\"http:\/\/bialy-owczarek.pl\/?page_id=1162\">Continue reading <span class=\"meta-nav\">&rarr;<\/span><\/a><\/p>\n","protected":false},"author":1,"featured_media":0,"parent":0,"menu_order":0,"comment_status":"closed","ping_status":"open","template":"","meta":{"_monsterinsights_skip_tracking":false,"_monsterinsights_sitenote_active":false,"_monsterinsights_sitenote_note":"","_monsterinsights_sitenote_category":0,"footnotes":""},"_links":{"self":[{"href":"http:\/\/bialy-owczarek.pl\/index.php?rest_route=\/wp\/v2\/pages\/1162"}],"collection":[{"href":"http:\/\/bialy-owczarek.pl\/index.php?rest_route=\/wp\/v2\/pages"}],"about":[{"href":"http:\/\/bialy-owczarek.pl\/index.php?rest_route=\/wp\/v2\/types\/page"}],"author":[{"embeddable":true,"href":"http:\/\/bialy-owczarek.pl\/index.php?rest_route=\/wp\/v2\/users\/1"}],"replies":[{"embeddable":true,"href":"http:\/\/bialy-owczarek.pl\/index.php?rest_route=%2Fwp%2Fv2%2Fcomments&post=1162"}],"version-history":[{"count":25,"href":"http:\/\/bialy-owczarek.pl\/index.php?rest_route=\/wp\/v2\/pages\/1162\/revisions"}],"predecessor-version":[{"id":3095,"href":"http:\/\/bialy-owczarek.pl\/index.php?rest_route=\/wp\/v2\/pages\/1162\/revisions\/3095"}],"wp:attachment":[{"href":"http:\/\/bialy-owczarek.pl\/index.php?rest_route=%2Fwp%2Fv2%2Fmedia&parent=1162"}],"curies":[{"name":"wp","href":"https:\/\/api.w.org\/{rel}","templated":true}]}}