{"id":10,"date":"2011-09-20T08:41:36","date_gmt":"2011-09-20T08:41:36","guid":{"rendered":"http:\/\/bialy-owczarek.pl\/?page_id=10"},"modified":"2011-10-04T20:16:29","modified_gmt":"2011-10-04T20:16:29","slug":"wzorzec-fci","status":"publish","type":"page","link":"http:\/\/bialy-owczarek.pl\/?page_id=10","title":{"rendered":"Wzorzec FCI"},"content":{"rendered":"<p><strong>Wzorzec FCI nr 347 &#8211; BIA\u0141Y OWCZAREK SZWAJCARSKI<\/strong><span style=\"font-weight: bold;\"> <\/span><em>(Berger Blanc Suisse, White Swiss Shepherd Dog)<\/em><\/p>\n<p><strong>Kraj pochodzenia: <\/strong>Szwajcaria<\/p>\n<p><strong>Data publikacji obowi\u0105zuj\u0105cego wzorca: <\/strong>26.11.2002<\/p>\n<p><strong>U\u017cytkowanie: <\/strong>Pies pracuj\u0105cy i do towarzystwa, z natury serdeczny i przyjazny wobec dzieci, doskona\u0142y str&oacute;\u017c, szybko si\u0119 uczy.<\/p>\n<p><strong>Klasyfikacja FCI: <\/strong>Grupa 1 &#8211; Psy pasterskie i zaganiaj\u0105ce. Sekcja 1 &#8211; Psy pasterskie. Pr&oacute;by pracy nie wymagane.<\/p>\n<ol>\n<li><a href=\"#wyglad_ogolny\">Wygl\u0105d og&oacute;lny<\/a><\/li>\n<li><a href=\"#wazne_proporcje\">Wa\u017cne proporcje<\/a><\/li>\n<li><a href=\"#zachowanie_temperament\">Zachowanie &#8211; temperament<\/a><\/li>\n<li><a href=\"#glowa\">G\u0142owa<\/a><\/li>\n<li><a href=\"#szyja\">Szyja<\/a><\/li>\n<li><a href=\"#tulow\">Tu\u0142&oacute;w<\/a><\/li>\n<li><a href=\"#ogon\">Ogon<\/a><\/li>\n<li><a href=\"#konczyny\">Ko\u0144czyny<\/a><\/li>\n<li><a href=\"#chody\">Chody<\/a><\/li>\n<li><a href=\"#skora\">Sk&oacute;ra<\/a><\/li>\n<li><a href=\"#okrywa_wlosowa\">Okrywa w\u0142osowa<\/a><\/li>\n<li><a href=\"#wzrost_waga\">Wzrost i waga<\/a><\/li>\n<li><a href=\"#wady_male\">Wady ma\u0142e<\/a><\/li>\n<li><a href=\"#wady_duze\">Wady du\u017ce<\/a><\/li>\n<li><a href=\"#wady_dyskwalifikacyjne\">Wady dyskwalifikuj\u0105ce<\/a><\/li>\n<li><a href=\"#uwaga\">Uwaga<\/a><\/li>\n<\/ol>\n<p><strong><a name=\"wyglad_ogolny\"><\/a>1. WYGL\u0104D OG&Oacute;LNY:<\/strong><\/p>\n<p>Mocny, dobrze umi\u0119\u015bniony pies \u015bredniej wielko\u015bci, o \u015brednio mocnym ko\u015b\u0107cu i wyd\u0142u\u017conej, eleganckiej sylwetce. Bia\u0142y owczarek ma stoj\u0105ce uszy, sier\u015b\u0107 d\u0142ug\u0105 lub kr&oacute;tk\u0105, zawsze z podszerstkiem.<\/p>\n<p><strong><a name=\"wazne_proporcje\"><\/a>2. WA\u017bNE PROPORCJE:<\/strong><\/p>\n<ul>\n<li>Sylwetka umiarkowanie prostok\u0105tna: stosunek d\u0142ugo\u015bci tu\u0142owia (mierzonej od stawu barkowego do guza siedzeniowego) do wysoko\u015bci w k\u0142\u0119bie jak 12 : 10.<\/li>\n<li>D\u0142ugo\u015b\u0107 kufy od trufli nosa do stopu nieco wi\u0119ksza od d\u0142ugo\u015bci m&oacute;zgoczaszki, mierzonej od stopu do guza potylicznego.<\/li>\n<\/ul>\n<p><strong><a name=\"zachowanie_temperament\"><\/a>3. ZACHOWANIE &#8211; TEMPERAMENT:<\/strong><\/p>\n<p>\u017bywy, nigdy nie nerwowy, czujny. Wobec obcych bywa troch\u0119 nieufny, ale nigdy nie mo\u017ce by\u0107 boja\u017aliwy ani agresywny.<\/p>\n<p><strong><a name=\"glowa\"><\/a>4. G\u0141OWA:<\/strong><\/p>\n<p>Mocna, sucha i \u0142adnie wyrze\u017abiona, proporcjonalna do tu\u0142owia. Ogl\u0105dana z g&oacute;ry i z boku ma kszta\u0142t klina. Osie poziome kufy i m&oacute;zgoczaszki r&oacute;wnoleg\u0142e.<\/p>\n<p><strong><em>4.1 M&oacute;zgoczaszka:<\/em><\/strong><\/p>\n<ul>\n<li><em>Czaszka: <\/em>tylko lekko zaokr\u0105glona, bruzda czo\u0142owa zaznaczona.<\/li>\n<li><em>Stop: <\/em>lekko zaznaczony, niemniej jednak dobrze widoczny.<\/li>\n<\/ul>\n<p><strong><em>4.2 Trzewioczaszka:<\/em><\/strong><\/p>\n<ul>\n<li><em>Nos: <\/em>\u015bredniej wielko\u015bci, po\u017c\u0105dany czarny, ale dopuszczalny ja\u015bniejszy, tak\u017ce jasny, &bdquo;\u015bnie\u017cny&rdquo;.<\/li>\n<li><em>Kufa: <\/em>mocna i umiarkowanie d\u0142uga w stosunku do czaszki, grzbiet nosa i dolna linia kufy proste, lekko zbie\u017cne w kierunku nosa.<\/li>\n<li><em>Wargi: <\/em>suche, przylegaj\u0105ce, jak najciemniejsze.<\/li>\n<li><em>Uz\u0119bienie: <\/em>mocne i kompletne, r&oacute;wno rozmieszczone, zgryz no\u017cycowy.<\/li>\n<li><em>Oczy: <\/em>\u015bredniej wielko\u015bci, kszta\u0142tu migda\u0142a, osadzone troch\u0119 sko\u015bnie, br\u0105zowe lub ciemnobr\u0105zowe. Powieki przylegaj\u0105ce, po\u017c\u0105dane czarne.<\/li>\n<li><em>Uszy: <\/em>stoj\u0105ce, wysoko osadzone i sztywno noszone, r&oacute;wnoleg\u0142e wobec siebie i skierowane do przodu, kszta\u0142tu d\u0142ugiego, na ko\u0144cu lekko zaokr\u0105glonego tr&oacute;jk\u0105ta.<\/li>\n<\/ul>\n<p><strong><a name=\"szyja\"><\/a>5. SZYJA:<\/strong><\/p>\n<p>\u015aredniej d\u0142ugo\u015bci, dobrze umi\u0119\u015bniona, bez podgardla. Elegancko, \u0142ukowato wygi\u0119ta, p\u0142ynn\u0105 linia prowadzi od g\u0142owy do k\u0142\u0119bu.<\/p>\n<p><strong><a name=\"tulow\"><\/a>6. TU\u0141&Oacute;W:<\/strong><\/p>\n<ul>\n<li>Mocny, dobrze umi\u0119\u015bniony, \u015bredniej d\u0142ugo\u015bci.<\/li>\n<li><em>K\u0142\u0105b: <\/em>wyra\u017any.<\/li>\n<li><em>Grzbiet: <\/em>r&oacute;wny, mocny.<\/li>\n<li><em>L\u0119d\u017awie: <\/em>silnie umi\u0119\u015bnione.<\/li>\n<li><em>Zad: <\/em>d\u0142ugi, \u015bredniej szeroko\u015bci, lekko opadaj\u0105cy w kierunku ogona.<\/li>\n<li><em>Klatka piersiowa: <\/em>niezbyt szeroka, g\u0142\u0119boka (oko\u0142o 50 % wysoko\u015bci w k\u0142\u0119bie), si\u0119ga \u0142okci, owalna i d\u0142uga. Wyra\u017ane przedpiersie.<\/li>\n<li><em>S\u0142abizna i brzuch: <\/em>s\u0142abizna mocna, boki szczup\u0142e, linia dolna umiarkowanie podci\u0105gni\u0119ta.<\/li>\n<\/ul>\n<p><strong><a name=\"ogon\"><\/a>7. OGON:<\/strong><\/p>\n<p>W kszta\u0142cie kity, zw\u0119\u017caj\u0105cy si\u0119 ku ko\u0144cowi, do\u015b\u0107 g\u0142\u0119boko osadzony, si\u0119ga przynajmniej stawu skokowego. W spoczynku wisz\u0105cy prosto lub lekko szablasto wygi\u0119ty w ostatniej jednej trzeciej d\u0142ugo\u015bci. W ruchu noszony wy\u017cej, ale nigdy nie powy\u017cej linii grzbietu.<\/p>\n<p><strong><a name=\"konczyny\"><\/a>8. KO\u0143CZYNY:<\/strong><\/p>\n<p>Mocne, suche, z wyra\u017anymi \u015bci\u0119gnami, o \u015brednio mocnym ko\u015b\u0107cu.<\/p>\n<p>8.1 Ko\u0144czyny przednie:<\/p>\n<ul>\n<li>Proste, przy ogl\u0105daniu z przodu umiarkowanie szeroko rozstawione; ogl\u0105dane z boku dobrze k\u0105towane.<\/li>\n<li><em>\u0141opatki: <\/em>d\u0142ugie i uko\u015bnie ustawione, dobrze k\u0105towane z ramieniem i silnie umi\u0119\u015bnione.<\/li>\n<li><em>Ramiona: <\/em>Dostatecznie d\u0142ugie, mocno umi\u0119\u015bnione.<\/li>\n<li><em>\u0141okcie: <\/em>\u015bci\u015ble przylegaj\u0105ce do tu\u0142owia.<\/li>\n<li><em>Przedramiona: <\/em>d\u0142ugie, proste i suche.<\/li>\n<li><em>\u015ar&oacute;dr\u0119cza: <\/em>mocne, tylko lekko nachylone.<\/li>\n<\/ul>\n<p>8.2 Ko\u0144czyny tylne:<\/p>\n<ul>\n<li>Ogl\u0105dane z ty\u0142u proste i r&oacute;wnoleg\u0142e, niezbyt szeroko rozstawione.<\/li>\n<li>Ogl\u0105dane z boku odpowiednio k\u0105towane.<\/li>\n<li><em>Uda: <\/em>\u015bredniej d\u0142ugo\u015bci, dobrze umi\u0119\u015bnione.<\/li>\n<li><em>Podudzia: <\/em>\u015bredniej d\u0142ugo\u015bci, uko\u015bnie ustawione, o mocnym ko\u015b\u0107cu i mi\u0119\u015bniach.<\/li>\n<li><em>Stawy skokowe: <\/em>mocne, dobrze k\u0105towane.<\/li>\n<li><em>\u015ar&oacute;dstopia: <\/em>\u015bredniej d\u0142ugo\u015bci, proste i suche. Wilcze pazury powinny by\u0107 usuni\u0119te, chyba, \u017ce w danym kraju jest to zabronione.<\/li>\n<li><em>\u0141apy: <\/em>owalne, tylne nieco d\u0142u\u017csze od przednich, palce zwarte i dobrze wysklepione, mocne, czarne opuszki, pazury po\u017c\u0105dane ciemne.<\/li>\n<\/ul>\n<p><strong><a name=\"chody\"><\/a>9. CHODY:<\/strong><\/p>\n<p>Krok rytmiczny i wytrzyma\u0142y, dobry wykrok i mocny nap\u0119d, k\u0142us swobodny i przestrzenny.<\/p>\n<p><strong><a name=\"skora\"><\/a>10. SK&Oacute;RA:<\/strong><\/p>\n<p>Bez fa\u0142d i zmarszczek, ciemna pigmentacja.<\/p>\n<p><strong><a name=\"okrywa_wlosowa\"><\/a>11. OKRYWA W\u0141OSOWA:<\/strong><\/p>\n<p><em>Sier\u015b\u0107: <\/em>\u015bredniej d\u0142ugo\u015bci lub d\u0142uga, g\u0119sta, przylegaj\u0105ca, z obfitym podszerstkiem. W\u0142os okrywowy twardy i prosty. Pysk, uszy i przednia strona n&oacute;g poro\u015bni\u0119te w\u0142osem kr&oacute;tkim, a szyja i tylne strony n&oacute;g &#8211; troch\u0119 d\u0142u\u017cszym, ni\u017c na tu\u0142owiu. Dopuszczalny w\u0142os lekkofalisty, o ile jest twardy.<\/p>\n<p><em>Ma\u015b\u0107: <\/em>bia\u0142a.<\/p>\n<p><strong><a name=\"wzrost_waga\"><\/a>12. WZROST I WAGA:<\/strong><\/p>\n<p><em>Wysoko\u015b\u0107 w k\u0142\u0119bie: <\/em>pies 60 &#8211; 66 cm, suka 55 &#8211; 61 cm<\/p>\n<p><em>Waga: <\/em>pies ok. 30 &#8211; 40 kg, suka ok. 25 &#8211; 35 kg<\/p>\n<p>Nie nale\u017cy dyskwalifikowa\u0107 typowych ps&oacute;w, gdy s\u0105 troch\u0119 wi\u0119ksze lub mniejsze.<\/p>\n<p>WADY: Wszelkie odchylenia od podanego wzorca powinny by\u0107 uznane za wady i oceniane w zale\u017cno\u015bci od stopnia nasilenia.<\/p>\n<p><strong><a name=\"wady_male\"><\/a>13. WADY MA\u0141E:<\/strong><\/p>\n<ul>\n<li>Lekki \u017c&oacute;\u0142ty lub p\u0142owy nalot na ko\u0144cach uszu, grzbiecie i g&oacute;rnej stronie ogona.<\/li>\n<li>Niepe\u0142na pigmentacja nosa, warg i powiek.<\/li>\n<\/ul>\n<p><strong><a name=\"wady_duze\"><\/a>14. WADY DU\u017bE:<\/strong><\/p>\n<ul>\n<li>Budowa ci\u0119\u017cka, sylwetka kwadratowa.<\/li>\n<li>Niew\u0142a\u015bciwy wyraz p\u0142ci.<\/li>\n<li>Brak z\u0119b&oacute;w innych, ni\u017c dwa P1 (M3 nie bierze si\u0119 pod uwag\u0119).<\/li>\n<li>Wisz\u0105ce albo cz\u0119\u015bciowo za\u0142amane uszy.<\/li>\n<li>Mocno opadaj\u0105ca linia grzbietu.<\/li>\n<li>Ogon zakr\u0119cony w k&oacute;\u0142ko, zniekszta\u0142cony, haczykowaty, noszony ponad grzbietem.<\/li>\n<li>W\u0142os okrywowy jedwabisty lub mi\u0119kki, we\u0142nisty, k\u0119dzierzawy, nie do\u015b\u0107 zwarty, d\u0142ugi w\u0142os bez podszerstka.<\/li>\n<li>Wyra\u017any \u017c&oacute;\u0142ty lub p\u0142owy nalot na ko\u0144cach uszu, grzbiecie i g&oacute;rnej stronie ogona.<\/li>\n<\/ul>\n<p><strong><a name=\"wady_dyskwalifikacyjne\"><\/a>15. WADY DYSKWALIFIKUJ\u0104CE:<\/strong><\/p>\n<ul>\n<li>Wyra\u017ana l\u0119kliwo\u015b\u0107 lub agresja.<\/li>\n<li>Oko (jedno lub obydwa) niebieskie, oczy wypuk\u0142e.<\/li>\n<li>Entropium lub ektropium.<\/li>\n<li>Przodozgryz lub ty\u0142ozgryz, krzywe szcz\u0119ki.<\/li>\n<li>Zupe\u0142ny brak pigmentu na nosie, wargach i powiekach.<\/li>\n<li>Zupe\u0142ny brak pigmentacji sk&oacute;ry i opuszek \u0142ap.<\/li>\n<li>Albinizm.<\/li>\n<\/ul>\n<p><strong><a name=\"uwaga\"><\/a>16. UWAGA:<\/strong><\/p>\n<p>Samce musz\u0105 mie\u0107 dwa, prawid\u0142owo wykszta\u0142cone j\u0105dra, ca\u0142kowicie umieszczone w worku mosznowym.<\/p>\n","protected":false},"excerpt":{"rendered":"<p>Wzorzec FCI nr 347 &#8211; BIA\u0141Y OWCZAREK SZWAJCARSKI (Berger Blanc Suisse, White Swiss Shepherd Dog) Kraj pochodzenia: Szwajcaria Data publikacji obowi\u0105zuj\u0105cego wzorca: 26.11.2002 U\u017cytkowanie: Pies pracuj\u0105cy i do towarzystwa, z natury serdeczny i przyjazny wobec dzieci, doskona\u0142y str&oacute;\u017c, szybko si\u0119 &hellip; <a href=\"http:\/\/bialy-owczarek.pl\/?page_id=10\">Continue reading <span class=\"meta-nav\">&rarr;<\/span><\/a><\/p>\n","protected":false},"author":1,"featured_media":0,"parent":0,"menu_order":0,"comment_status":"closed","ping_status":"open","template":"sidebar-page.php","meta":{"_monsterinsights_skip_tracking":false,"_monsterinsights_sitenote_active":false,"_monsterinsights_sitenote_note":"","_monsterinsights_sitenote_category":0,"footnotes":""},"_links":{"self":[{"href":"http:\/\/bialy-owczarek.pl\/index.php?rest_route=\/wp\/v2\/pages\/10"}],"collection":[{"href":"http:\/\/bialy-owczarek.pl\/index.php?rest_route=\/wp\/v2\/pages"}],"about":[{"href":"http:\/\/bialy-owczarek.pl\/index.php?rest_route=\/wp\/v2\/types\/page"}],"author":[{"embeddable":true,"href":"http:\/\/bialy-owczarek.pl\/index.php?rest_route=\/wp\/v2\/users\/1"}],"replies":[{"embeddable":true,"href":"http:\/\/bialy-owczarek.pl\/index.php?rest_route=%2Fwp%2Fv2%2Fcomments&post=10"}],"version-history":[{"count":4,"href":"http:\/\/bialy-owczarek.pl\/index.php?rest_route=\/wp\/v2\/pages\/10\/revisions"}],"predecessor-version":[{"id":44,"href":"http:\/\/bialy-owczarek.pl\/index.php?rest_route=\/wp\/v2\/pages\/10\/revisions\/44"}],"wp:attachment":[{"href":"http:\/\/bialy-owczarek.pl\/index.php?rest_route=%2Fwp%2Fv2%2Fmedia&parent=10"}],"curies":[{"name":"wp","href":"https:\/\/api.w.org\/{rel}","templated":true}]}}